{"id":658,"date":"2021-08-31T22:10:00","date_gmt":"2021-08-31T20:10:00","guid":{"rendered":"https:\/\/ot31.pzk.org.pl\/?page_id=658"},"modified":"2024-01-06T20:51:00","modified_gmt":"2024-01-06T19:51:00","slug":"jozef-gromnica-sp9rj","status":"publish","type":"page","link":"https:\/\/ot31.pzk.org.pl\/index.php\/jozef-gromnica-sp9rj\/","title":{"rendered":"Jerzy Gromnica          SP9RJ"},"content":{"rendered":"<p><strong><span style=\"color: #0000ff;\">Jerzy Gromnica\u00a0SP9RJ<\/span> \/ <span style=\"color: #000080;\">SP8RJ<\/span> \/ <span style=\"color: #993366;\">DL8BCM<\/span><\/strong> urodzi\u0142 si\u0119 19.09.1932 r. w <strong>Po\u0142omii<\/strong>. Posiada\u0142 wykszta\u0142cenie \u015brednie techniczne. By\u0142 wsp\u00f3\u0142za\u0142o\u017cycielem klubu SP9KAZ, kt\u00f3ry powsta\u0142 w 1952 r. Do klubu nale\u017ca\u0142 do 1971 r.<\/p>\n<p>Do Polskiego Zwi\u0105zku Kr\u00f3tkofalowc\u00f3w wst\u0105pi\u0142 15.09.1957 r. i otrzyma\u0142 znak nas\u0142uchowy SP9-512. W nast\u0119pnym roku, 5.05.1958 r. uzyska\u0142 \u00a0licencj\u0119 kat. II nr 643A ze znakiem SP9RJ.<\/p>\n<p>Mieszka\u0142 w\u00f3wczas w <strong>Rydu\u0142towach<\/strong> przy ul. Paderewskiego 7 (obecnie Tetmajera 7). By\u0142 zatrudniony w <strong>Rybnickiej<\/strong> Fabryce Maszyn \u201eRYFAMA\u201d, pracowa\u0142 w dziale narz\u0119dziowni.<br \/>\nW latach 1965-1971 nale\u017ca\u0142 do klubu SP9PZD, kt\u00f3ry sw\u0105 siedzib\u0119 mia\u0142 w Szkole Podstawowej w Rydu\u0142towach.<br \/>\nW zwi\u0105zku ze zmian\u0105 stanu cywilnego 1971 r. przeprowadzi\u0142 si\u0119 do <strong>Rzeszowa<\/strong> sk\u0105d pochodzi\u0142a \u017cona Krystyna. Zamieszkali przy ul. Kosynier\u00f3w 20\/26. Pracowa\u0142 w przedsi\u0119biorstwie PKS<br \/>\nw dziale technicznym i zajmowa\u0142 si\u0119 \u0142\u0105czno\u015bci\u0105 radiotelefoniczn\u0105.<br \/>\nW nowym okr\u0119gu, zmieni\u0142 znak na SP8RJ, wst\u0105pi\u0142 do klubu SP8KAR; tam pozna\u0142 Wojtka SP8AJK, kt\u00f3ry wprowadzi\u0142 go do SPDXC. Do SPDXC wst\u0105pi\u0142 08.12.1979 r. (nr cz\u0142onkowski 244). W dniu 11.01.1985 r. zosta\u0142 przyj\u0119ty do SP OTC (nr cz\u0142onkowski 52).<br \/>\nSprz\u0119t ma\u0142ej mocy i proste anteny, jakie m\u00f3g\u0142 zainstalowa\u0107 w bloku, nie pozwala\u0142y Jurkowi na wielkie osi\u0105gni\u0119cia DX-owe. Mimo tych trudnych warunk\u00f3w antenowych, we wrze\u015bniu 1990 roku na li\u015bcie wsp\u00f3\u0142zawodnictwa cz\u0142onk\u00f3w SP DX C zajmowa\u0142 38 miejsce &#8211; 288\/291 podmiot\u00f3w DXCC, w tabeli wsp\u00f3\u0142zawodnictwa DX w grupie MIXED by\u0142 klasyfikowany na 23 miejscu 280\/283, w grupie CW na 20 miejscu 151\/163, w grupie FONE na 14 miejscu 252\/253. W SP-DX Maratonie na dzie\u0144 31.12.1990 r. zajmowa\u0142 86 miejsce z liczb\u0105 2342 punkt\u00f3w.<br \/>\nW 1990 roku wyjecha\u0142 wraz z \u017con\u0105 Katarzyn\u0105 na sta\u0142e do Niemiec. Mieszka\u0142 w <strong>Twistringen<\/strong> przy Bahnhofstrasse 10, w Dolnej Saksonii, oko\u0142o 30 km na po\u0142udniowy zach\u00f3d od Bremy. By\u0142 aktywny pod znakiem DL8BCM. Posiada\u0142 poka\u017any zbi\u00f3r informacji o nadawcach SP oraz o polonusach z ca\u0142ego \u015bwiata.<br \/>\nNa kilka lat przed jego \u015bmierci\u0105 zmar\u0142a \u017cona Krystyna. Georg Gromnitza prze\u017cy\u0142 79 lat, zmar\u0142 7 kwietnia 2012 roku. Zosta\u0142 pochowany na cmentarzu \u201dHeger Friedhof\u201d w Osnabr\u00fcck.<\/p>\n<pre>Opracowano wykorzystuj\u0105c wk\u0142ad: <span>SP5GEO, SP8AJK, SP9FRZ, SP9LDB, SP9PT, SP3CSD<\/span> \r\noraz SP3CUG, SP2BZR, SP8TK, SP8DA, SP8GSC<\/pre>\n","protected":false},"excerpt":{"rendered":"<p>Jerzy Gromnica\u00a0SP9RJ \/ SP8RJ \/ DL8BCM urodzi\u0142 si\u0119 19.09.1932 r. w Po\u0142omii. Posiada\u0142 wykszta\u0142cenie \u015brednie techniczne. By\u0142 wsp\u00f3\u0142za\u0142o\u017cycielem klubu SP9KAZ, kt\u00f3ry powsta\u0142 w 1952 r. Do klubu nale\u017ca\u0142 do 1971 r. Do Polskiego Zwi\u0105zku Kr\u00f3tkofalowc\u00f3w wst\u0105pi\u0142 15.09.1957 r. i otrzyma\u0142 znak nas\u0142uchowy SP9-512. W nast\u0119pnym roku, 5.05.1958 r. uzyska\u0142 \u00a0licencj\u0119 [&hellip;]<\/p>\n","protected":false},"author":2,"featured_media":0,"parent":0,"menu_order":0,"comment_status":"closed","ping_status":"closed","template":"","meta":{"_themeisle_gutenberg_block_has_review":false,"footnotes":""},"class_list":["post-658","page","type-page","status-publish","hentry"],"aioseo_notices":[],"_links":{"self":[{"href":"https:\/\/ot31.pzk.org.pl\/index.php\/wp-json\/wp\/v2\/pages\/658","targetHints":{"allow":["GET"]}}],"collection":[{"href":"https:\/\/ot31.pzk.org.pl\/index.php\/wp-json\/wp\/v2\/pages"}],"about":[{"href":"https:\/\/ot31.pzk.org.pl\/index.php\/wp-json\/wp\/v2\/types\/page"}],"author":[{"embeddable":true,"href":"https:\/\/ot31.pzk.org.pl\/index.php\/wp-json\/wp\/v2\/users\/2"}],"replies":[{"embeddable":true,"href":"https:\/\/ot31.pzk.org.pl\/index.php\/wp-json\/wp\/v2\/comments?post=658"}],"version-history":[{"count":13,"href":"https:\/\/ot31.pzk.org.pl\/index.php\/wp-json\/wp\/v2\/pages\/658\/revisions"}],"predecessor-version":[{"id":1577,"href":"https:\/\/ot31.pzk.org.pl\/index.php\/wp-json\/wp\/v2\/pages\/658\/revisions\/1577"}],"wp:attachment":[{"href":"https:\/\/ot31.pzk.org.pl\/index.php\/wp-json\/wp\/v2\/media?parent=658"}],"curies":[{"name":"wp","href":"https:\/\/api.w.org\/{rel}","templated":true}]}}