{"id":574,"date":"2021-08-26T19:33:11","date_gmt":"2021-08-26T17:33:11","guid":{"rendered":"https:\/\/ot31.pzk.org.pl\/?page_id=574"},"modified":"2021-08-30T19:04:29","modified_gmt":"2021-08-30T17:04:29","slug":"szwajcarski-zlot-krotkofalowcow","status":"publish","type":"page","link":"https:\/\/ot31.pzk.org.pl\/index.php\/szwajcarski-zlot-krotkofalowcow\/","title":{"rendered":"Szwajcarski zlot kr\u00f3tkofalowc\u00f3w"},"content":{"rendered":"<p><img loading=\"lazy\" decoding=\"async\" src=\"https:\/\/ot31.pzk.org.pl\/wp-content\/uploads\/2021\/08\/EGA_HCZ-300x199.jpg\" alt=\"\" class=\"alignnone size-medium wp-image-585\" width=\"300\" height=\"199\" srcset=\"https:\/\/ot31.pzk.org.pl\/wp-content\/uploads\/2021\/08\/EGA_HCZ-300x199.jpg 300w, https:\/\/ot31.pzk.org.pl\/wp-content\/uploads\/2021\/08\/EGA_HCZ-768x508.jpg 768w, https:\/\/ot31.pzk.org.pl\/wp-content\/uploads\/2021\/08\/EGA_HCZ-360x240.jpg 360w, https:\/\/ot31.pzk.org.pl\/wp-content\/uploads\/2021\/08\/EGA_HCZ.jpg 819w\" sizes=\"auto, (max-width: 300px) 100vw, 300px\" \/><\/p>\n<p>Szwajcaria to kraj 26 kanton\u00f3w, ale na tyle ma\u0142y, \u017ce w kr\u00f3tkofalarskiej\u00a0 rodzinie niemal wszyscy si\u0119 znaj\u0105. A skoro si\u0119 znaj\u0105 to mi\u0142o jest si\u0119 spotka\u0107 od czasu do czasu. Tak wi\u0119c raz w roku kto \u017cyw zmierza w jedno wybrane miejsce celem spotkania innych sympatyk\u00f3w naszego hobby.<\/p>\n<p>W tym roku spotkali\u015bmy si\u0119 w <strong>Moriken<\/strong> w ciep\u0142\u0105 i s\u0142oneczn\u0105 sobot\u0119 21 sierpnia.<\/p>\n<p>Wybrali\u015bmy si\u0119 tam razem z <em><strong><span style=\"color: #0000ff;\">Marcinem HB9EGA<\/span><\/strong><\/em>.<\/p>\n<p>&nbsp;<\/p>\n<p>Na zewn\u0105trz sta\u0142 niewielki wojskowy samoch\u00f3d z lasem anten na dachu \u2013 ju\u017c chyba zabytkowy mimo niemal kilkudziesi\u0119ciu lat na karku . Pr\u00f3\u017cno szuka\u0107 rdzy czy \u015blad\u00f3w zu\u017cycia na karoserii &#8211; ale tak to jest jak si\u0119 ca\u0142e \u017cycie stoi w gara\u017cu- w ko\u0144cu, wojny w tej cz\u0119\u015bci Europy ju\u017c dawno nie by\u0142o.<\/p>\n<p>W \u015brodku radiostacja ale chyba nieco wiekowa bo s\u0105dz\u0105c po gabarytach jest pe\u0142na lamp i transformator\u00f3w.<\/p>\n<p>Wej\u015bcie do budynku obwarowane powszechnym dzi\u015b procesem rejestracji w celu \u015bledzenia s\u0142ynnego wirusa. Jeszcze maseczka na twarz, obmycie r\u0105k w spirytusie i jeste\u015bmy w \u015brodku.<\/p>\n<p>Tu &#8211; do wyboru do koloru &#8211; co kto lubi. Jest gie\u0142da, gdzie mo\u017cna zakupi\u0107 sprz\u0119t nowy, stary i strasznie stary (pami\u0119taj\u0105cy wojn\u0119). Jest nawet Enigma &#8211; ale nie do kupienia, a jedynie do podziwiania. Swoje stoisko ma HTC &#8211; <strong>Helvetia Telegraphy Club<\/strong> gdzie mo\u017cna pobawi\u0107 si\u0119 elektronem, bugiem i kluczem sztorcowym. HTC wydaje swego rodzaju dyplom dost\u0119pny dla ka\u017cdego &#8211; wystarczy pobra\u0107 pewien program z internetu, kt\u00f3ry przeprowadzi &#8222;egzamin z telegrafii&#8221;. Wynik wysy\u0142a si\u0119 do HTC i ju\u017c na \u015bcianie wisi nowy dyplom.<\/p>\n<p>Dla ch\u0119tnych by\u0142a mo\u017cliwo\u015b\u0107 zdawania egzaminu na ameryka\u0144sk\u0105 licencje.<\/p>\n<p>Z kolei dla tych co maj\u0105 nieco mniej lat\u00a0 (ze wskazaniem na m\u0142odzie\u017c w wieku 12..18 lat) by\u0142a mo\u017cliwo\u015b\u0107 polutowania sobie jakiego\u015b prostego uk\u0142adu elektronicznego, a potem w ramach rozprostowania n\u00f3g poszukania ukrytego lisa za pomoc\u0105 odbiornika pelengacyjnego. Momentami wygl\u0105da\u0142o to nieco komicznie bo za uzbrojonym w gro\u017an\u0105 anten\u0119 i s\u0142uchawki m\u0142odzieniaszkiem pod\u0105\u017ca\u0142o dw\u00f3ch starszych pan\u00f3w zapewne pilnuj\u0105c aby m\u0142ody si\u0119 nie zgubi\u0142. Ale zabawa by\u0142a przednia i m\u0142odzie\u017c by\u0142a zachwycona.<\/p>\n<p>W ko\u0144cu dla innych ch\u0119tnych uczestnik\u00f3w spotkania by\u0142 zestaw prelekcji i wyk\u0142ad\u00f3w na najr\u00f3\u017cniejsze tematy zwi\u0105zane z kr\u00f3tkofalarstwem.<\/p>\n<p>Oczywi\u015bcie nie mog\u0142o zabrakn\u0105\u0107 baru z wypiekami, kaw\u0105 i a jak\u017ce&#8230; piwem.<\/p>\n<p>Wieczorem organizowana by\u0142a du\u017ca kolacja dla kr\u00f3tkofalowc\u00f3w, w kt\u00f3rej jednak nie wzi\u0119li\u015bmy ju\u017c udzia\u0142u.<\/p>\n<p>&nbsp;<\/p>\n<p><span style=\"color: #0000ff;\"><em><strong>Mateo HB9HCZ<\/strong><\/em><\/span>\u00a0 <strong><span style=\"color: #800080;\">ex SQ9CXT<\/span><\/strong><\/p>\n","protected":false},"excerpt":{"rendered":"<p>Szwajcaria to kraj 26 kanton\u00f3w, ale na tyle ma\u0142y, \u017ce w kr\u00f3tkofalarskiej\u00a0 rodzinie niemal wszyscy si\u0119 znaj\u0105. A skoro si\u0119 znaj\u0105 to mi\u0142o jest si\u0119 spotka\u0107 od czasu do czasu. Tak wi\u0119c raz w roku kto \u017cyw zmierza w jedno wybrane miejsce celem spotkania innych sympatyk\u00f3w naszego hobby. W tym [&hellip;]<\/p>\n","protected":false},"author":2,"featured_media":0,"parent":0,"menu_order":0,"comment_status":"closed","ping_status":"closed","template":"","meta":{"_themeisle_gutenberg_block_has_review":false,"footnotes":""},"class_list":["post-574","page","type-page","status-publish","hentry"],"aioseo_notices":[],"_links":{"self":[{"href":"https:\/\/ot31.pzk.org.pl\/index.php\/wp-json\/wp\/v2\/pages\/574","targetHints":{"allow":["GET"]}}],"collection":[{"href":"https:\/\/ot31.pzk.org.pl\/index.php\/wp-json\/wp\/v2\/pages"}],"about":[{"href":"https:\/\/ot31.pzk.org.pl\/index.php\/wp-json\/wp\/v2\/types\/page"}],"author":[{"embeddable":true,"href":"https:\/\/ot31.pzk.org.pl\/index.php\/wp-json\/wp\/v2\/users\/2"}],"replies":[{"embeddable":true,"href":"https:\/\/ot31.pzk.org.pl\/index.php\/wp-json\/wp\/v2\/comments?post=574"}],"version-history":[{"count":9,"href":"https:\/\/ot31.pzk.org.pl\/index.php\/wp-json\/wp\/v2\/pages\/574\/revisions"}],"predecessor-version":[{"id":623,"href":"https:\/\/ot31.pzk.org.pl\/index.php\/wp-json\/wp\/v2\/pages\/574\/revisions\/623"}],"wp:attachment":[{"href":"https:\/\/ot31.pzk.org.pl\/index.php\/wp-json\/wp\/v2\/media?parent=574"}],"curies":[{"name":"wp","href":"https:\/\/api.w.org\/{rel}","templated":true}]}}