{"id":560,"date":"2021-08-25T23:39:14","date_gmt":"2021-08-25T21:39:14","guid":{"rendered":"https:\/\/ot31.pzk.org.pl\/?page_id=560"},"modified":"2022-11-25T19:06:17","modified_gmt":"2022-11-25T18:06:17","slug":"nasze-publikacje","status":"publish","type":"page","link":"https:\/\/ot31.pzk.org.pl\/index.php\/nasze-publikacje\/","title":{"rendered":"Wasze publikacje  [ 5 ]"},"content":{"rendered":"<h5>Zapraszamy wszystkich cz\u0142onk\u00f3w Oddzia\u0142u do uczestnictwa w tworzeniu naszej strony.<br \/>\nKa\u017cdy mo\u017ce przygotowa\u0107 w\u0142asny tekst do publikacji, kt\u00f3ry po przes\u0142aniu i obr\u00f3bce redakcyjnej b\u0119dzie dost\u0119pny dla wszystkich odwiedzaj\u0105cych nas.<br \/>\nPublikacje mog\u0105 dotyczy\u0107 r\u00f3\u017cnych temat\u00f3w zwi\u0105zanych z kr\u00f3tkofalarstwem: postaciami, technik\u0105, aktywno\u015bci\u0105 w eterze, wydarzeniami \u015brodowiskowymi, wyprawami radiowymi i tym podobnych.<\/h5>\n<h6>Tymczasem umieszczanie zdj\u0119\u0107 ilustruj\u0105cych przes\u0142any tekst b\u0119dzie ograniczone do jednego, dw\u00f3ch niewielkich plik\u00f3w graficznych.<\/h6>\n<p><span style=\"color: #008000;\"><strong>W sprawach publikacji w\u0142asnych materia\u0142\u00f3w <\/strong><\/span><br \/>\n<span style=\"color: #008000;\"><strong>prosz\u0119 kontaktowa\u0107 si\u0119 z<\/strong><\/span> <a href=\"mailto:sq9mz@sq9mz.pl\"><em><strong>administratorem<\/strong><\/em><\/a> <span style=\"color: #008000;\"><strong>strony<\/strong><\/span>.<\/p>\n<p>&nbsp;<\/p>\n<ul>\n<li style=\"list-style-type: none;\">\n<ul>\n<li><strong><a href=\"https:\/\/ot31.pzk.org.pl\/index.php\/szwajcarski-zlot-krotkofalowcow\/\">Szwajcarski zlot kr\u00f3tkofalowc\u00f3w<\/a><\/strong> &#8211; <em><strong>Mateo HB9HCZ<\/strong><\/em> \u00a0\u00a0\u00a0\u00a0\u00a0\u00a0\u00a0\u00a0\u00a0\u00a0\u00a0\u00a0\u00a0\u00a0\u00a0 26.08.2021 r.<\/li>\n<li><strong><a href=\"https:\/\/ot31.pzk.org.pl\/index.php\/polowanie-na-birkuta\/\">Polowanie na &#8222;Birkuta&#8221;&#8230;<\/a><\/strong> \u00a0 \u00a0 \u00a0 \u00a0 \u00a0 \u00a0 \u00a0\u00a0 &#8211; <em><strong>Wies\u0142aw SQ5ABG<\/strong><\/em> \u00a0\u00a0\u00a0\u00a0\u00a0\u00a0\u00a0\u00a0\u00a0\u00a0\u00a0\u00a0 29.10.2021 r.<\/li>\n<li><strong><a href=\"https:\/\/ot31.pzk.org.pl\/index.php\/akcja-krotkofalowcow\/\">Akcja kr\u00f3tkofalowc\u00f3w<\/a><\/strong> \u00a0\u00a0\u00a0\u00a0\u00a0\u00a0\u00a0\u00a0\u00a0\u00a0\u00a0\u00a0\u00a0\u00a0\u00a0\u00a0\u00a0\u00a0 &#8211; <em><strong>Wojciech SP9PT<\/strong><\/em> \u00a0\u00a0\u00a0\u00a0\u00a0\u00a0\u00a0\u00a0\u00a0\u00a0\u00a0\u00a0\u00a0\u00a0 24.01.2022 r.<\/li>\n<li><strong><a href=\"https:\/\/ot31.pzk.org.pl\/index.php\/co-to-jest-voip\/\">Co to jest VoIP?<\/a><\/strong> \u00a0\u00a0\u00a0\u00a0\u00a0\u00a0\u00a0\u00a0\u00a0\u00a0\u00a0\u00a0\u00a0\u00a0\u00a0\u00a0\u00a0\u00a0\u00a0\u00a0\u00a0\u00a0\u00a0\u00a0\u00a0\u00a0\u00a0\u00a0\u00a0 &#8211; <strong><em>Adam<\/em><\/strong><em><strong> SQ9DHS<\/strong><\/em> \u00a0\u00a0\u00a0\u00a0\u00a0\u00a0\u00a0\u00a0\u00a0\u00a0\u00a0\u00a0\u00a0\u00a0\u00a0\u00a0\u00a0 23.02.2022 r.<\/li>\n<li><strong><a href=\"https:\/\/ot31.pzk.org.pl\/index.php\/packet-radio\/\">Packet Radio<\/a><\/strong> \u00a0\u00a0\u00a0\u00a0\u00a0\u00a0\u00a0\u00a0\u00a0\u00a0\u00a0\u00a0\u00a0\u00a0\u00a0\u00a0\u00a0\u00a0\u00a0\u00a0\u00a0\u00a0\u00a0\u00a0\u00a0\u00a0\u00a0\u00a0\u00a0\u00a0\u00a0\u00a0\u00a0\u00a0 &#8211; <em><strong>Adam SQ9DHS<\/strong><\/em> \u00a0\u00a0\u00a0\u00a0\u00a0\u00a0\u00a0\u00a0\u00a0\u00a0\u00a0\u00a0\u00a0\u00a0\u00a0\u00a0\u00a0\u00a0\u00a0 9.03.2022 r.<\/li>\n<\/ul>\n<\/li>\n<\/ul>\n<p>&nbsp;<\/p>\n<p>&nbsp;<\/p>\n","protected":false},"excerpt":{"rendered":"<p>Zapraszamy wszystkich cz\u0142onk\u00f3w Oddzia\u0142u do uczestnictwa w tworzeniu naszej strony. Ka\u017cdy mo\u017ce przygotowa\u0107 w\u0142asny tekst do publikacji, kt\u00f3ry po przes\u0142aniu i obr\u00f3bce redakcyjnej b\u0119dzie dost\u0119pny dla wszystkich odwiedzaj\u0105cych nas. Publikacje mog\u0105 dotyczy\u0107 r\u00f3\u017cnych temat\u00f3w zwi\u0105zanych z kr\u00f3tkofalarstwem: postaciami, technik\u0105, aktywno\u015bci\u0105 w eterze, wydarzeniami \u015brodowiskowymi, wyprawami radiowymi i tym podobnych. Tymczasem [&hellip;]<\/p>\n","protected":false},"author":2,"featured_media":0,"parent":0,"menu_order":0,"comment_status":"closed","ping_status":"closed","template":"","meta":{"_themeisle_gutenberg_block_has_review":false,"footnotes":""},"class_list":["post-560","page","type-page","status-publish","hentry"],"aioseo_notices":[],"_links":{"self":[{"href":"https:\/\/ot31.pzk.org.pl\/index.php\/wp-json\/wp\/v2\/pages\/560","targetHints":{"allow":["GET"]}}],"collection":[{"href":"https:\/\/ot31.pzk.org.pl\/index.php\/wp-json\/wp\/v2\/pages"}],"about":[{"href":"https:\/\/ot31.pzk.org.pl\/index.php\/wp-json\/wp\/v2\/types\/page"}],"author":[{"embeddable":true,"href":"https:\/\/ot31.pzk.org.pl\/index.php\/wp-json\/wp\/v2\/users\/2"}],"replies":[{"embeddable":true,"href":"https:\/\/ot31.pzk.org.pl\/index.php\/wp-json\/wp\/v2\/comments?post=560"}],"version-history":[{"count":36,"href":"https:\/\/ot31.pzk.org.pl\/index.php\/wp-json\/wp\/v2\/pages\/560\/revisions"}],"predecessor-version":[{"id":1203,"href":"https:\/\/ot31.pzk.org.pl\/index.php\/wp-json\/wp\/v2\/pages\/560\/revisions\/1203"}],"wp:attachment":[{"href":"https:\/\/ot31.pzk.org.pl\/index.php\/wp-json\/wp\/v2\/media?parent=560"}],"curies":[{"name":"wp","href":"https:\/\/api.w.org\/{rel}","templated":true}]}}