{"id":520,"date":"2021-08-21T14:59:15","date_gmt":"2021-08-21T12:59:15","guid":{"rendered":"https:\/\/ot31.pzk.org.pl\/?page_id=520"},"modified":"2021-08-21T15:52:09","modified_gmt":"2021-08-21T13:52:09","slug":"zawody-2017","status":"publish","type":"page","link":"https:\/\/ot31.pzk.org.pl\/index.php\/zawody-2017\/","title":{"rendered":"Zawody 2017"},"content":{"rendered":"<h3><span style=\"color: #0000ff;\">Konkurs Rybnicki 2017<\/span><\/h3>\n<p>Wyniki:<br \/>\nLokata Stacja Rezultat CW PH DI FM zg\u0142. popr. % popr. Punkty Mno\u017cnik<\/p>\n<p><span style=\"color: #ff0000;\"><strong>Kategoria A &#8211; stacje spoza ROP &#8211; SSB<\/strong><\/span><\/p>\n<p>Stacja\u00a0\u00a0\u00a0\u00a0\u00a0\u00a0 Rezultat\u00a0\u00a0\u00a0\u00a0 PH \u00a0\u00a0 zg\u0142.\u00a0\u00a0\u00a0 popr.\u00a0\u00a0\u00a0 % popr.\u00a0\u00a0\u00a0 Punkty<br \/>\n1 <strong><span style=\"color: #008000;\">3Z3AHK<\/span><\/strong> \u00a0\u00a0\u00a0\u00a0\u00a0 3979 \u00a0 \u00a0 \u00a0 145\u00a0 145\u00a0\u00a0\u00a0 133\u00a0\u00a0\u00a0\u00a0 \u00a0\u00a0 91,7%\u00a0\u00a0\u00a0\u00a0 3979<br \/>\n2 <strong><span style=\"color: #008000;\">SP4KHM<\/span><\/strong> \u00a0\u00a0\u00a0\u00a0 3971 \u00a0\u00a0 \u00a0 140\u00a0 140\u00a0\u00a0\u00a0 136\u00a0\u00a0\u00a0\u00a0 \u00a0 \u00a0 97,1%\u00a0\u00a0\u00a0\u00a0 3971<br \/>\n3 <strong><span style=\"color: #008000;\">UR4WG<\/span><\/strong> \u00a0\u00a0\u00a0\u00a0\u00a0\u00a0 3852 \u00a0 \u00a0 \u00a0 137\u00a0 137\u00a0\u00a0\u00a0 129\u00a0\u00a0\u00a0\u00a0\u00a0\u00a0\u00a0\u00a0 94,2%\u00a0\u00a0\u00a0\u00a0 3852<br \/>\n4 SP9IEK\u00a0\u00a0\u00a0\u00a0\u00a0\u00a0\u00a0 3802 \u00a0\u00a0 \u00a0\u00a0 139\u00a0 139\u00a0\u00a0\u00a0 132\u00a0\u00a0\u00a0\u00a0\u00a0\u00a0\u00a0\u00a0 95,0%\u00a0\u00a0\u00a0\u00a0 3802<br \/>\n5 SP4JSJ \u00a0 \u00a0\u00a0\u00a0 3703 \u00a0\u00a0 \u00a0\u00a0 133\u00a0 133\u00a0\u00a0\u00a0 123\u00a0\u00a0\u00a0\u00a0\u00a0 \u00a0\u00a0 92,5%\u00a0\u00a0\u00a0\u00a0\u00a0 3703<br \/>\n6 SP9YFF\u00a0\u00a0\u00a0\u00a0\u00a0\u00a0 3430 \u00a0\u00a0 \u00a0\u00a0 122\u00a0 122\u00a0\u00a0\u00a0 114\u00a0\u00a0\u00a0\u00a0\u00a0\u00a0\u00a0\u00a0 93,4%\u00a0\u00a0\u00a0\u00a0\u00a0 3430<br \/>\n7 SQ7CGN\u00a0\u00a0\u00a0\u00a0\u00a0 3371 \u00a0\u00a0 \u00a0 123\u00a0 123\u00a0 \u00a0 115\u00a0\u00a0\u00a0\u00a0\u00a0\u00a0\u00a0\u00a0 93,5%\u00a0\u00a0\u00a0\u00a0\u00a0 3371<br \/>\n8 SP5ENG\u00a0\u00a0\u00a0\u00a0\u00a0 3214 \u00a0\u00a0 \u00a0\u00a0 105\u00a0 105\u00a0\u00a0\u00a0\u00a0\u00a0 99\u00a0\u00a0\u00a0\u00a0\u00a0\u00a0 \u00a0 94,3%\u00a0\u00a0\u00a0\u00a0\u00a0 3214<br \/>\n9 UR5WFJ\u00a0\u00a0\u00a0\u00a0\u00a0 3081 \u00a0\u00a0 \u00a0\u00a0 121\u00a0 121\u00a0\u00a0 103\u00a0\u00a0\u00a0\u00a0\u00a0\u00a0\u00a0\u00a0\u00a0 85,1%\u00a0\u00a0\u00a0\u00a0\u00a0 3081<br \/>\n10 SP2ZCH\u00a0\u00a0\u00a0 2845 \u00a0\u00a0 \u00a0\u00a0\u00a0\u00a0 99\u00a0\u00a0\u00a0 99\u00a0\u00a0\u00a0\u00a0\u00a0 95\u00a0\u00a0\u00a0\u00a0\u00a0\u00a0\u00a0\u00a0 96,0%\u00a0\u00a0\u00a0\u00a0 2845<br \/>\n11 SQ9DXT\u00a0\u00a0\u00a0 2762 \u00a0\u00a0 \u00a0\u00a0 100\u00a0 100\u00a0\u00a0\u00a0\u00a0 92\u00a0\u00a0\u00a0\u00a0\u00a0\u00a0\u00a0\u00a0\u00a0 92,0%\u00a0\u00a0\u00a0\u00a0 2762<br \/>\n12 SQ4JUM\u00a0\u00a0 2677 \u00a0\u00a0 \u00a0\u00a0\u00a0\u00a0 90\u00a0\u00a0\u00a0 90\u00a0\u00a0\u00a0\u00a0\u00a0 87\u00a0\u00a0\u00a0\u00a0\u00a0\u00a0\u00a0\u00a0 96,7%\u00a0\u00a0\u00a0\u00a0\u00a0 2677<br \/>\n13 SP9WZO\u00a0\u00a0 2646 \u00a0\u00a0 \u00a0\u00a0\u00a0\u00a0 98\u00a0\u00a0\u00a0 98\u00a0\u00a0\u00a0\u00a0\u00a0 88\u00a0\u00a0\u00a0\u00a0\u00a0\u00a0\u00a0\u00a0 89,8%\u00a0\u00a0\u00a0\u00a0\u00a0 2646<br \/>\n14 SP1GA\u00a0\u00a0\u00a0\u00a0\u00a0 2639 \u00a0\u00a0 \u00a0\u00a0\u00a0\u00a0 92\u00a0\u00a0\u00a0\u00a0 92\u00a0\u00a0\u00a0\u00a0\u00a0 88\u00a0\u00a0\u00a0\u00a0\u00a0\u00a0\u00a0\u00a0 95,7%\u00a0\u00a0\u00a0\u00a0 2639<br \/>\n15 OK2BIQ\u00a0\u00a0\u00a0\u00a0 2625 \u00a0 \u00a0\u00a0\u00a0 108\u00a0 110\u00a0\u00a0\u00a0\u00a0\u00a0 90\u00a0\u00a0\u00a0\u00a0\u00a0\u00a0\u00a0\u00a0 81,8%\u00a0\u00a0\u00a0\u00a0 2625<br \/>\n16 SQ6NDC\u00a0\u00a0 2448 \u00a0 \u00a0 \u00a0 \u00a0 80\u00a0\u00a0\u00a0 80\u00a0\u00a0\u00a0\u00a0\u00a0\u00a0 76\u00a0\u00a0\u00a0\u00a0\u00a0\u00a0\u00a0\u00a0 95,0%\u00a0\u00a0\u00a0\u00a0 2448<br \/>\n17 SO5MAX\u00a0\u00a0 2433 \u00a0 \u00a0\u00a0 \u00a0\u00a0 88 \u00a0\u00a0 88\u00a0\u00a0\u00a0\u00a0\u00a0\u00a0 81\u00a0\u00a0\u00a0\u00a0\u00a0\u00a0\u00a0\u00a0 92,0%\u00a0\u00a0\u00a0\u00a0 2433<br \/>\n18 SP2ALT\u00a0\u00a0\u00a0\u00a0 2417 \u00a0 \u00a0 \u00a0 \u00a0 84\u00a0\u00a0\u00a0 84\u00a0\u00a0\u00a0\u00a0\u00a0\u00a0 79\u00a0\u00a0\u00a0\u00a0\u00a0\u00a0\u00a0\u00a0 94,0% \u00a0 \u00a0 2417<br \/>\n19 SP7FGA\u00a0\u00a0\u00a0 2327 \u00a0 \u00a0\u00a0 \u00a0\u00a0 86\u00a0\u00a0\u00a0 86 \u00a0 \u00a0 \u00a0 77\u00a0\u00a0\u00a0\u00a0\u00a0\u00a0\u00a0\u00a0 89,5%\u00a0\u00a0\u00a0\u00a0 2327<br \/>\n20 SQ2EAN\u00a0\u00a0\u00a0 2273 \u00a0 \u00a0 \u00a0\u00a0 77\u00a0\u00a0\u00a0\u00a0 77\u00a0\u00a0\u00a0\u00a0\u00a0 70\u00a0\u00a0\u00a0\u00a0\u00a0\u00a0\u00a0\u00a0\u00a0 90,9%\u00a0\u00a0\u00a0\u00a0 2273<br \/>\n21 SQ5WH\u00a0\u00a0\u00a0\u00a0 2217 \u00a0\u00a0 \u00a0\u00a0\u00a0 76\u00a0\u00a0\u00a0\u00a0 76\u00a0\u00a0\u00a0\u00a0\u00a0 72\u00a0\u00a0\u00a0\u00a0\u00a0\u00a0\u00a0\u00a0\u00a0 94,7%\u00a0\u00a0\u00a0\u00a0 2217<br \/>\n22 SQ8PIW\u00a0\u00a0\u00a0 2173 \u00a0\u00a0 \u00a0\u00a0\u00a0 71\u00a0\u00a0\u00a0\u00a0 71\u00a0\u00a0\u00a0\u00a0\u00a0\u00a0 68\u00a0\u00a0\u00a0\u00a0\u00a0\u00a0\u00a0\u00a0 95,8%\u00a0\u00a0\u00a0\u00a0 2173<br \/>\n23 SQ8JLS\u00a0\u00a0\u00a0\u00a0 2077 \u00a0\u00a0 \u00a0\u00a0\u00a0 66\u00a0\u00a0\u00a0 66\u00a0\u00a0\u00a0\u00a0\u00a0\u00a0 62\u00a0\u00a0\u00a0\u00a0\u00a0\u00a0\u00a0\u00a0\u00a0 93,9%\u00a0\u00a0\u00a0\u00a0 2077<br \/>\n24 SQ5AKY\u00a0\u00a0\u00a0 1923 \u00a0\u00a0 \u00a0\u00a0\u00a0 66\u00a0\u00a0\u00a0 66\u00a0\u00a0\u00a0\u00a0\u00a0\u00a0 65\u00a0\u00a0\u00a0\u00a0\u00a0\u00a0\u00a0\u00a0\u00a0 98,5%\u00a0\u00a0\u00a0\u00a0 1923<br \/>\n25 SP9SMD\u00a0\u00a0 1838 \u00a0\u00a0 \u00a0\u00a0\u00a0 63\u00a0\u00a0\u00a0\u00a0 63\u00a0\u00a0\u00a0\u00a0\u00a0 60\u00a0\u00a0\u00a0\u00a0\u00a0\u00a0\u00a0\u00a0\u00a0 95,2%\u00a0\u00a0\u00a0\u00a0 1838<br \/>\n26 SP9IQO\u00a0\u00a0\u00a0\u00a0 1715 \u00a0\u00a0 \u00a0 \u00a0 60\u00a0\u00a0\u00a0\u00a0 60\u00a0\u00a0\u00a0\u00a0\u00a0 53\u00a0\u00a0\u00a0\u00a0\u00a0\u00a0\u00a0\u00a0\u00a0 88,3%\u00a0\u00a0\u00a0\u00a0 1715<br \/>\n27 SQ6KQD\u00a0\u00a0 1690 \u00a0\u00a0 \u00a0\u00a0\u00a0 62\u00a0\u00a0\u00a0\u00a0 62\u00a0\u00a0\u00a0\u00a0\u00a0 51\u00a0\u00a0\u00a0\u00a0\u00a0\u00a0\u00a0\u00a0\u00a0 82,3%\u00a0\u00a0\u00a0\u00a0\u00a0 1690<br \/>\n28 SP9IVD\u00a0\u00a0\u00a0\u00a0 1575 \u00a0\u00a0 \u00a0\u00a0\u00a0 56\u00a0\u00a0\u00a0\u00a0 56\u00a0\u00a0\u00a0\u00a0\u00a0 54\u00a0\u00a0\u00a0\u00a0\u00a0\u00a0\u00a0\u00a0\u00a0 96,4%\u00a0\u00a0\u00a0\u00a0\u00a0 1575<br \/>\n29 SP3HUF\u00a0\u00a0\u00a0 1560 \u00a0\u00a0 \u00a0\u00a0\u00a0 48\u00a0\u00a0\u00a0 48\u00a0\u00a0\u00a0\u00a0\u00a0 46\u00a0\u00a0\u00a0\u00a0\u00a0\u00a0\u00a0\u00a0\u00a0 95,8% \u00a0 \u00a0\u00a0 1560<br \/>\n30 SQ6PA\u00a0\u00a0\u00a0\u00a0\u00a0\u00a0 1503 \u00a0\u00a0 \u00a0\u00a0\u00a0 54\u00a0\u00a0\u00a0 54\u00a0\u00a0\u00a0\u00a0\u00a0 48\u00a0\u00a0\u00a0\u00a0\u00a0\u00a0\u00a0\u00a0\u00a0 88,9%\u00a0\u00a0\u00a0\u00a0\u00a0 1503<br \/>\n31 SQ9EDZ\u00a0\u00a0\u00a0 1475 \u00a0\u00a0 \u00a0\u00a0\u00a0 49\u00a0\u00a0\u00a0 49\u00a0\u00a0\u00a0\u00a0\u00a0 46\u00a0\u00a0\u00a0\u00a0\u00a0\u00a0\u00a0\u00a0\u00a0 93,9%\u00a0\u00a0\u00a0\u00a0\u00a0 1475<br \/>\n32 SP4W\u00a0\u00a0\u00a0\u00a0\u00a0\u00a0\u00a0 1335 \u00a0\u00a0 \u00a0\u00a0\u00a0 48\u00a0\u00a0\u00a0 48\u00a0\u00a0\u00a0\u00a0\u00a0 45\u00a0\u00a0\u00a0\u00a0\u00a0\u00a0\u00a0\u00a0\u00a0 93,8% \u00a0 \u00a0\u00a0 1335<br \/>\n33 SQ9BDB\u00a0\u00a0\u00a0 1305 \u00a0\u00a0 \u00a0\u00a0\u00a0 48\u00a0\u00a0\u00a0 48\u00a0\u00a0\u00a0\u00a0\u00a0 44\u00a0\u00a0\u00a0\u00a0\u00a0\u00a0\u00a0\u00a0\u00a0 91,7%\u00a0\u00a0\u00a0\u00a0\u00a0 1305<br \/>\n34 SP3FTA\u00a0\u00a0\u00a0\u00a0 1254 \u00a0\u00a0 \u00a0\u00a0\u00a0 77\u00a0\u00a0\u00a0 77\u00a0\u00a0\u00a0\u00a0\u00a0 41\u00a0\u00a0\u00a0\u00a0\u00a0\u00a0\u00a0\u00a0\u00a0 53,2%\u00a0\u00a0\u00a0\u00a0\u00a0 1254<br \/>\n35 SQ9IAB\u00a0\u00a0\u00a0\u00a0\u00a0 1217 \u00a0\u00a0 \u00a0\u00a0 45\u00a0\u00a0\u00a0\u00a0 45\u00a0\u00a0\u00a0\u00a0\u00a0 42\u00a0\u00a0\u00a0\u00a0\u00a0\u00a0\u00a0\u00a0\u00a0 93,3%\u00a0\u00a0\u00a0\u00a0\u00a0 1217<br \/>\n36 SP4AAZ\u00a0\u00a0\u00a0\u00a0 1153 \u00a0\u00a0 \u00a0\u00a0 40\u00a0\u00a0\u00a0\u00a0 40\u00a0\u00a0\u00a0\u00a0\u00a0 38\u00a0\u00a0\u00a0\u00a0\u00a0\u00a0\u00a0\u00a0\u00a0 95,0% \u00a0 \u00a0\u00a0 1153<br \/>\n37 SP9WAN\u00a0\u00a0\u00a0 1082 \u00a0\u00a0 \u00a0\u00a0 36\u00a0\u00a0\u00a0\u00a0 36\u00a0\u00a0\u00a0\u00a0 33\u00a0\u00a0\u00a0\u00a0\u00a0\u00a0\u00a0\u00a0\u00a0 91,7%\u00a0\u00a0\u00a0\u00a0\u00a0\u00a0 1082<br \/>\n38 SQ9PPT\u00a0\u00a0\u00a0\u00a0\u00a0\u00a0 906 \u00a0\u00a0 \u00a0\u00a0 31\u00a0\u00a0\u00a0\u00a0\u00a0 31\u00a0\u00a0\u00a0\u00a0 30\u00a0\u00a0\u00a0\u00a0\u00a0\u00a0\u00a0\u00a0\u00a0 96,8%\u00a0\u00a0\u00a0\u00a0\u00a0\u00a0\u00a0 906<br \/>\n39 SP6SNJ\u00a0\u00a0\u00a0\u00a0\u00a0\u00a0 842 \u00a0\u00a0 \u00a0\u00a0 30\u00a0\u00a0\u00a0\u00a0\u00a0 30\u00a0\u00a0\u00a0\u00a0 27\u00a0\u00a0\u00a0\u00a0\u00a0\u00a0\u00a0\u00a0\u00a0 90,0%\u00a0\u00a0\u00a0\u00a0\u00a0\u00a0\u00a0 842<br \/>\n40 SP6MM\u00a0\u00a0\u00a0\u00a0\u00a0\u00a0 769 \u00a0 \u00a0 \u00a0\u00a0 23\u00a0\u00a0\u00a0\u00a0\u00a0 23\u00a0\u00a0\u00a0\u00a0 23\u00a0\u00a0\u00a0\u00a0\u00a0\u00a0 100,0%\u00a0\u00a0\u00a0\u00a0\u00a0\u00a0\u00a0 769<br \/>\n41 SQ5DRO\u00a0\u00a0\u00a0\u00a0\u00a0 745 \u00a0\u00a0 \u00a0\u00a0 30\u00a0\u00a0\u00a0\u00a0\u00a0\u00a0 30\u00a0\u00a0\u00a0\u00a0 25\u00a0\u00a0\u00a0\u00a0\u00a0\u00a0\u00a0\u00a0 83,3%\u00a0\u00a0\u00a0\u00a0\u00a0\u00a0 745<br \/>\n42 SP3BES\u00a0\u00a0\u00a0\u00a0\u00a0\u00a0 179 \u00a0\u00a0 \u00a0\u00a0 \u00a0 4\u00a0\u00a0\u00a0\u00a0\u00a0\u00a0\u00a0\u00a0 4\u00a0\u00a0\u00a0\u00a0\u00a0\u00a0 4\u00a0\u00a0\u00a0\u00a0\u00a0\u00a0 100,0%\u00a0\u00a0\u00a0\u00a0\u00a0\u00a0 179<br \/>\n43 SO6XL\u00a0\u00a0\u00a0\u00a0\u00a0\u00a0\u00a0\u00a0\u00a0\u00a0\u00a0 97 \u00a0\u00a0 \u00a0\u00a0\u00a0\u00a0 7\u00a0\u00a0\u00a0\u00a0\u00a0\u00a0\u00a0 7\u00a0\u00a0\u00a0\u00a0\u00a0\u00a0\u00a0 4\u00a0\u00a0\u00a0\u00a0\u00a0\u00a0\u00a0\u00a0 57,1%\u00a0\u00a0\u00a0\u00a0\u00a0\u00a0\u00a0\u00a0 97<br \/>\n44 SQ8W\u00a0\u00a0\u00a0\u00a0\u00a0\u00a0\u00a0\u00a0\u00a0\u00a0\u00a0\u00a0 88 \u00a0 \u00a0 \u00a0\u00a0\u00a0 4\u00a0\u00a0\u00a0\u00a0\u00a0\u00a0\u00a0 4\u00a0\u00a0\u00a0\u00a0\u00a0\u00a0 2\u00a0\u00a0\u00a0\u00a0\u00a0\u00a0\u00a0\u00a0\u00a0 50,0%\u00a0\u00a0\u00a0\u00a0\u00a0\u00a0\u00a0\u00a0 88<\/p>\n<p><strong><span style=\"color: #ff0000;\">Kategoria B stacje spoza ROP &#8211; SSB + CW<\/span><\/strong><\/p>\n<p>Stacja\u00a0\u00a0\u00a0\u00a0\u00a0\u00a0\u00a0\u00a0\u00a0 Rezultat\u00a0\u00a0\u00a0\u00a0\u00a0\u00a0 CW\u00a0\u00a0\u00a0 PH\u00a0\u00a0\u00a0\u00a0\u00a0 zg\u0142. \u00a0 popr.\u00a0 % popr.\u00a0\u00a0\u00a0\u00a0 Punkty<br \/>\n1 <strong><span style=\"color: #008000;\">SP9KDA<\/span><\/strong> \u00a0\u00a0\u00a0\u00a0\u00a0\u00a0\u00a0 4726\u00a0\u00a0\u00a0\u00a0\u00a0\u00a0 23\u00a0\u00a0\u00a0 142\u00a0\u00a0 165\u00a0\u00a0\u00a0 154\u00a0\u00a0\u00a0\u00a0\u00a0\u00a0\u00a0 93,3%\u00a0\u00a0\u00a0\u00a0 4726<br \/>\n2 <strong><span style=\"color: #008000;\">SP4AWE<\/span><\/strong> \u00a0\u00a0\u00a0\u00a0\u00a0\u00a0 3833\u00a0\u00a0\u00a0\u00a0\u00a0\u00a0 15\u00a0\u00a0\u00a0 116\u00a0\u00a0 131\u00a0\u00a0\u00a0 124\u00a0\u00a0\u00a0\u00a0\u00a0\u00a0\u00a0 94,7%\u00a0\u00a0\u00a0\u00a0 3833<br \/>\n3 <strong><span style=\"color: #008000;\">SP9BCH<\/span><\/strong> \u00a0\u00a0\u00a0\u00a0\u00a0\u00a0\u00a0 2905\u00a0\u00a0\u00a0\u00a0\u00a0 10\u00a0\u00a0\u00a0\u00a0\u00a0\u00a0 94\u00a0\u00a0 104\u00a0\u00a0\u00a0\u00a0\u00a0 99\u00a0\u00a0\u00a0\u00a0\u00a0\u00a0\u00a0 95,2%\u00a0\u00a0\u00a0\u00a0 2905<br \/>\n4 SP3MEP\u00a0\u00a0\u00a0\u00a0\u00a0\u00a0\u00a0\u00a0 2313\u00a0\u00a0\u00a0\u00a0\u00a0\u00a0\u00a0 7\u00a0\u00a0\u00a0\u00a0\u00a0\u00a0 73\u00a0\u00a0\u00a0\u00a0 80\u00a0\u00a0\u00a0\u00a0\u00a0 74\u00a0\u00a0\u00a0\u00a0\u00a0\u00a0\u00a0\u00a0 92,5%\u00a0\u00a0\u00a0\u00a0 2313<br \/>\n5 SP2MW\u00a0\u00a0\u00a0\u00a0\u00a0\u00a0\u00a0\u00a0\u00a0 2027\u00a0\u00a0\u00a0\u00a0\u00a0\u00a0\u00a0 5\u00a0\u00a0\u00a0\u00a0\u00a0\u00a0 70\u00a0\u00a0\u00a0\u00a0 75\u00a0\u00a0\u00a0\u00a0\u00a0 61\u00a0\u00a0\u00a0\u00a0\u00a0\u00a0\u00a0\u00a0 81,3%\u00a0\u00a0\u00a0\u00a0 2027<br \/>\n6 SP6IHE\u00a0\u00a0\u00a0\u00a0\u00a0\u00a0\u00a0\u00a0\u00a0\u00a0\u00a0\u00a0 608\u00a0\u00a0\u00a0\u00a0\u00a0\u00a0\u00a0 1\u00a0\u00a0\u00a0\u00a0\u00a0\u00a0 19\u00a0\u00a0\u00a0\u00a0\u00a0 20\u00a0\u00a0\u00a0\u00a0\u00a0 17\u00a0\u00a0\u00a0\u00a0\u00a0\u00a0\u00a0 85,0%\u00a0\u00a0\u00a0\u00a0\u00a0\u00a0 608<\/p>\n<p><strong><span style=\"color: #ff0000;\">Kategoria C nas\u0142uchowcy MIXED<\/span><\/strong><\/p>\n<p>Stacja\u00a0\u00a0\u00a0\u00a0\u00a0\u00a0\u00a0\u00a0\u00a0\u00a0\u00a0\u00a0\u00a0 Rezultat\u00a0\u00a0\u00a0 CW\u00a0\u00a0 PH\u00a0 zg\u0142. popr. % popr. \u00a0\u00a0 Punkty<br \/>\n1 <strong><span style=\"color: #008000;\">SP9-3678-KA<\/span><\/strong> \u00a0 1083\u00a0\u00a0\u00a0\u00a0\u00a0 0\u00a0\u00a0\u00a0\u00a0 49 \u00a0\u00a0 49\u00a0\u00a0\u00a0 36\u00a0\u00a0\u00a0\u00a0\u00a0 73,5%\u00a0\u00a0\u00a0\u00a0 1083<br \/>\n2 <strong><span style=\"color: #008000;\">SP2QVS<\/span><\/strong> \u00a0\u00a0\u00a0\u00a0\u00a0\u00a0\u00a0\u00a0\u00a0\u00a0\u00a0\u00a0 782\u00a0\u00a0\u00a0\u00a0\u00a0 0\u00a0\u00a0\u00a0\u00a0 35\u00a0\u00a0\u00a0 35\u00a0\u00a0\u00a0 22\u00a0\u00a0\u00a0\u00a0\u00a0 62,9%\u00a0\u00a0\u00a0\u00a0\u00a0\u00a0 782<\/p>\n<p><strong><span style=\"color: #ff0000;\">Kategoria D stacje ROP &#8211; SSB<\/span><\/strong><br \/>\nStacja \u00a0 \u00a0\u00a0 Rezultat\u00a0\u00a0 PH\u00a0\u00a0\u00a0\u00a0\u00a0\u00a0 zg\u0142.\u00a0\u00a0\u00a0 popr. \u00a0 % popr.\u00a0\u00a0\u00a0\u00a0\u00a0\u00a0\u00a0 Punkty<br \/>\n1 <strong><span style=\"color: #008000;\">SP9N<\/span><\/strong> \u00a0\u00a0\u00a0\u00a0\u00a0\u00a0\u00a0\u00a0 3668 \u00a0 \u00a0\u00a0 133\u00a0\u00a0 133\u00a0\u00a0\u00a0\u00a0 124\u00a0\u00a0\u00a0\u00a0\u00a0\u00a0\u00a0\u00a0 93,2%\u00a0\u00a0\u00a0\u00a0\u00a0\u00a0 3668<br \/>\n2 <strong><span style=\"color: #008000;\">SP9SDR<\/span><\/strong> \u00a0\u00a0\u00a0 3416 \u00a0 \u00a0\u00a0 129\u00a0\u00a0 129\u00a0\u00a0\u00a0\u00a0\u00a0 121\u00a0\u00a0\u00a0\u00a0\u00a0\u00a0\u00a0 93,8%\u00a0\u00a0\u00a0\u00a0\u00a0\u00a0 3416<br \/>\n3 <strong><span style=\"color: #008000;\">SQ9V<\/span><\/strong> \u00a0\u00a0\u00a0\u00a0\u00a0\u00a0\u00a0\u00a0 3353 \u00a0 \u00a0\u00a0 121\u00a0\u00a0 121\u00a0\u00a0\u00a0\u00a0 113\u00a0\u00a0\u00a0\u00a0\u00a0\u00a0\u00a0\u00a0 93,4%\u00a0\u00a0\u00a0\u00a0\u00a0\u00a0 3353<br \/>\n4 SP9FUC\u00a0\u00a0\u00a0\u00a0 3216 \u00a0 \u00a0\u00a0 123\u00a0\u00a0 123\u00a0\u00a0\u00a0\u00a0 110\u00a0\u00a0\u00a0\u00a0\u00a0\u00a0\u00a0\u00a0 89,4%\u00a0\u00a0\u00a0\u00a0\u00a0\u00a0 3216<br \/>\n5 SQ9PCA\u00a0\u00a0\u00a0\u00a0 3193 \u00a0 \u00a0 123 \u00a0\u00a0 123\u00a0\u00a0\u00a0\u00a0 109\u00a0\u00a0\u00a0\u00a0\u00a0\u00a0\u00a0\u00a0 88,6%\u00a0\u00a0\u00a0\u00a0\u00a0\u00a0 3193<br \/>\n6 SP9GFI\u00a0\u00a0\u00a0\u00a0\u00a0\u00a0 3047 \u00a0 \u00a0 109\u00a0\u00a0\u00a0 109\u00a0\u00a0\u00a0\u00a0\u00a0 101\u00a0\u00a0\u00a0\u00a0\u00a0\u00a0\u00a0 92,7%\u00a0\u00a0\u00a0\u00a0 \u00a0 3047<br \/>\n7 SP9PKM\u00a0\u00a0\u00a0\u00a0 2856\u00a0 \u00a0\u00a0 102\u00a0\u00a0\u00a0 102\u00a0\u00a0\u00a0\u00a0\u00a0\u00a0 94\u00a0\u00a0\u00a0\u00a0\u00a0\u00a0\u00a0\u00a0 92,2%\u00a0\u00a0\u00a0\u00a0\u00a0\u00a0 2856<br \/>\n8 SQ9HZM\u00a0\u00a0\u00a0 2555 \u00a0\u00a0 \u00a0 \u00a0 93 \u00a0 \u00a0\u00a0 93\u00a0\u00a0\u00a0\u00a0\u00a0\u00a0 83\u00a0\u00a0\u00a0\u00a0\u00a0\u00a0\u00a0\u00a0 89,2%\u00a0\u00a0\u00a0\u00a0\u00a0\u00a0 2555<br \/>\n9 SP9QMP\u00a0\u00a0\u00a0 2527\u00a0\u00a0\u00a0\u00a0\u00a0\u00a0\u00a0 97\u00a0\u00a0\u00a0\u00a0\u00a0 97\u00a0\u00a0\u00a0\u00a0\u00a0\u00a0 84\u00a0\u00a0\u00a0\u00a0\u00a0\u00a0\u00a0\u00a0 86,6%\u00a0\u00a0\u00a0\u00a0\u00a0\u00a0 2527<br \/>\n10 SP9EBQ\u00a0\u00a0 2464\u00a0\u00a0\u00a0\u00a0\u00a0\u00a0\u00a0 86 \u00a0 \u00a0\u00a0 86\u00a0\u00a0\u00a0\u00a0\u00a0\u00a0 82\u00a0\u00a0\u00a0\u00a0\u00a0\u00a0\u00a0\u00a0 95,3%\u00a0\u00a0\u00a0\u00a0\u00a0\u00a0 2464<br \/>\n11 SP9EYX\u00a0\u00a0 2284\u00a0\u00a0\u00a0\u00a0\u00a0\u00a0\u00a0\u00a0 85\u00a0\u00a0\u00a0\u00a0 85\u00a0\u00a0\u00a0\u00a0\u00a0\u00a0 74\u00a0\u00a0\u00a0\u00a0\u00a0\u00a0\u00a0\u00a0\u00a0 87,1%\u00a0\u00a0\u00a0\u00a0\u00a0 2284<br \/>\n12 SP9RTZ\u00a0\u00a0 2018\u00a0\u00a0\u00a0\u00a0\u00a0\u00a0\u00a0\u00a0 74\u00a0\u00a0\u00a0\u00a0 74\u00a0\u00a0\u00a0\u00a0\u00a0\u00a0 67\u00a0\u00a0\u00a0\u00a0\u00a0\u00a0\u00a0\u00a0 90,5%\u00a0\u00a0\u00a0\u00a0\u00a0\u00a0 2018<br \/>\n13 SP9JQ\u00a0\u00a0\u00a0\u00a0 1975\u00a0\u00a0\u00a0\u00a0\u00a0\u00a0\u00a0\u00a0 66\u00a0\u00a0\u00a0\u00a0 66\u00a0\u00a0\u00a0\u00a0\u00a0\u00a0 59\u00a0\u00a0\u00a0\u00a0\u00a0\u00a0\u00a0\u00a0 89,4%\u00a0\u00a0\u00a0\u00a0\u00a0\u00a0 1975<br \/>\n14 SQ9PRL\u00a0\u00a0 1909\u00a0\u00a0\u00a0\u00a0\u00a0\u00a0\u00a0 62 \u00a0 \u00a0\u00a0 62\u00a0\u00a0\u00a0\u00a0\u00a0\u00a0 61\u00a0\u00a0\u00a0\u00a0\u00a0\u00a0\u00a0\u00a0 98,4%\u00a0\u00a0\u00a0\u00a0\u00a0 1909<br \/>\n15 SP9AHB\u00a0\u00a0 1900\u00a0\u00a0\u00a0\u00a0\u00a0\u00a0\u00a0 63\u00a0\u00a0\u00a0\u00a0 63\u00a0\u00a0\u00a0\u00a0\u00a0\u00a0 59\u00a0\u00a0\u00a0\u00a0\u00a0\u00a0\u00a0\u00a0\u00a0 93,7%\u00a0\u00a0\u00a0\u00a0\u00a0 1900<br \/>\n16 SQ9KRD\u00a0\u00a0 1792\u00a0\u00a0\u00a0\u00a0\u00a0\u00a0\u00a0 68\u00a0\u00a0\u00a0\u00a0 68\u00a0\u00a0\u00a0\u00a0\u00a0\u00a0 59\u00a0\u00a0\u00a0\u00a0\u00a0\u00a0\u00a0\u00a0\u00a0 86,8%\u00a0\u00a0\u00a0\u00a0\u00a0\u00a0 1792<br \/>\n17 SP9RCF\u00a0\u00a0 1721\u00a0\u00a0\u00a0\u00a0\u00a0\u00a0\u00a0 60 \u00a0 \u00a0 60\u00a0\u00a0\u00a0\u00a0\u00a0\u00a0 56 \u00a0 \u00a0 \u00a0 \u00a0\u00a0 93,3%\u00a0\u00a0\u00a0\u00a0\u00a0\u00a0 1721<br \/>\n18 SP9CTH\u00a0\u00a0 1696\u00a0\u00a0\u00a0\u00a0\u00a0\u00a0\u00a0 53\u00a0\u00a0\u00a0\u00a0 53\u00a0\u00a0\u00a0\u00a0\u00a0 48\u00a0\u00a0\u00a0\u00a0\u00a0\u00a0\u00a0\u00a0\u00a0\u00a0 90,6%\u00a0\u00a0\u00a0\u00a0\u00a0\u00a0 1696<br \/>\n19 SP9KVZ\u00a0\u00a0 1610\u00a0\u00a0\u00a0\u00a0\u00a0\u00a0\u00a0 63\u00a0\u00a0\u00a0\u00a0 63\u00a0\u00a0\u00a0\u00a0\u00a0 56\u00a0\u00a0\u00a0\u00a0\u00a0\u00a0\u00a0\u00a0\u00a0\u00a0 88,9%\u00a0\u00a0\u00a0\u00a0\u00a0\u00a0 1610<br \/>\n20 SQ9JXI\u00a0\u00a0\u00a0\u00a0 1525\u00a0\u00a0\u00a0\u00a0\u00a0\u00a0\u00a0 61\u00a0\u00a0\u00a0\u00a0 61\u00a0\u00a0\u00a0\u00a0\u00a0 51\u00a0\u00a0\u00a0\u00a0\u00a0\u00a0\u00a0\u00a0\u00a0 83,6%\u00a0\u00a0\u00a0\u00a0\u00a0\u00a0 1525<br \/>\n21 SQ9IDS\u00a0\u00a0\u00a0\u00a0 1464\u00a0\u00a0\u00a0\u00a0\u00a0\u00a0\u00a0 51\u00a0\u00a0\u00a0 51\u00a0\u00a0\u00a0\u00a0\u00a0 45\u00a0\u00a0\u00a0\u00a0\u00a0\u00a0\u00a0\u00a0\u00a0\u00a0 88,2%\u00a0\u00a0\u00a0\u00a0\u00a0\u00a0 1464<br \/>\n22 SP9KVC\u00a0\u00a0\u00a0 1455\u00a0\u00a0\u00a0\u00a0\u00a0\u00a0 50\u00a0\u00a0\u00a0\u00a0 50\u00a0\u00a0\u00a0\u00a0\u00a0 47\u00a0\u00a0\u00a0\u00a0\u00a0\u00a0\u00a0\u00a0\u00a0\u00a0 94,0%\u00a0\u00a0\u00a0\u00a0\u00a0\u00a0 1455<br \/>\n23 SP5PMD\u00a0\u00a0 1412\u00a0\u00a0\u00a0\u00a0\u00a0\u00a0 51\u00a0\u00a0\u00a0\u00a0 51\u00a0\u00a0\u00a0\u00a0\u00a0 43\u00a0\u00a0\u00a0\u00a0\u00a0\u00a0\u00a0\u00a0\u00a0\u00a0 84,3%\u00a0\u00a0\u00a0\u00a0\u00a0\u00a0 1412<br \/>\n24 SQ9SBA\u00a0\u00a0\u00a0 1318\u00a0\u00a0\u00a0\u00a0\u00a0\u00a0 52\u00a0\u00a0\u00a0\u00a0 52\u00a0\u00a0\u00a0\u00a0 44\u00a0\u00a0\u00a0\u00a0\u00a0\u00a0\u00a0\u00a0\u00a0\u00a0\u00a0 84,6%\u00a0\u00a0\u00a0\u00a0\u00a0\u00a0 1318<br \/>\n25 SQ5ABG\u00a0\u00a0\u00a0 1289\u00a0\u00a0\u00a0\u00a0\u00a0 52\u00a0\u00a0\u00a0\u00a0 52\u00a0\u00a0\u00a0\u00a0\u00a0 46\u00a0\u00a0\u00a0\u00a0\u00a0\u00a0\u00a0\u00a0\u00a0\u00a0\u00a0 88,5%\u00a0\u00a0\u00a0\u00a0\u00a0 1289<br \/>\n26 SP9HVW\u00a0\u00a0 1126\u00a0\u00a0\u00a0\u00a0\u00a0 38\u00a0\u00a0\u00a0\u00a0 38\u00a0\u00a0\u00a0\u00a0\u00a0 33\u00a0\u00a0\u00a0\u00a0\u00a0\u00a0\u00a0\u00a0 \u00a0\u00a0 86,8%\u00a0\u00a0\u00a0\u00a0\u00a0\u00a0 1126<br \/>\n27 SP9EUH\u00a0\u00a0\u00a0\u00a0\u00a0 767\u00a0\u00a0\u00a0\u00a0\u00a0\u00a0 27\u00a0\u00a0\u00a0\u00a0 27\u00a0\u00a0\u00a0\u00a0 24\u00a0\u00a0\u00a0\u00a0\u00a0\u00a0\u00a0\u00a0\u00a0 \u00a0 88,9%\u00a0\u00a0\u00a0\u00a0\u00a0\u00a0\u00a0\u00a0\u00a0 767<br \/>\n28 SQ9NOS\u00a0\u00a0\u00a0\u00a0 363\u00a0\u00a0\u00a0\u00a0\u00a0\u00a0\u00a0\u00a0\u00a0 9\u00a0\u00a0\u00a0\u00a0\u00a0\u00a0 9\u00a0\u00a0\u00a0\u00a0\u00a0\u00a0 9\u00a0\u00a0\u00a0\u00a0\u00a0\u00a0\u00a0\u00a0\u00a0 100,0%\u00a0\u00a0\u00a0\u00a0\u00a0\u00a0\u00a0\u00a0\u00a0 363<br \/>\n29 SP9DVQ\u00a0\u00a0\u00a0\u00a0 246\u00a0\u00a0\u00a0\u00a0\u00a0\u00a0\u00a0\u00a0\u00a0 8\u00a0\u00a0\u00a0\u00a0\u00a0\u00a0 8\u00a0\u00a0\u00a0\u00a0\u00a0\u00a0\u00a0 7\u00a0\u00a0\u00a0\u00a0\u00a0\u00a0\u00a0\u00a0\u00a0\u00a0\u00a0 87,5%\u00a0\u00a0\u00a0\u00a0\u00a0\u00a0\u00a0\u00a0\u00a0 246<\/p>\n<p><span style=\"color: #ff0000;\"><strong>Kategoria E stacje ROP &#8211; SSB + CW<\/strong><\/span><\/p>\n<p>Stacja\u00a0\u00a0\u00a0\u00a0\u00a0\u00a0 Rezultat\u00a0\u00a0\u00a0 CW\u00a0\u00a0\u00a0 PH \u00a0 \u00a0 zg\u0142. \u00a0 \u00a0 \u00a0\u00a0 popr. \u00a0 % popr.\u00a0\u00a0 Punkty<br \/>\n1 <strong><span style=\"color: #008000;\">SP9WZJ<\/span><\/strong> \u00a0\u00a0\u00a0 3999\u00a0\u00a0\u00a0\u00a0\u00a0\u00a0\u00a0\u00a0 14\u00a0\u00a0 120 \u00a0\u00a0 134\u00a0\u00a0\u00a0\u00a0\u00a0\u00a0\u00a0 124\u00a0\u00a0\u00a0\u00a0\u00a0\u00a0\u00a0\u00a0\u00a0 92,5%\u00a0\u00a0\u00a0 3999 0<br \/>\n2 <strong><span style=\"color: #008000;\">SQ9MZ<\/span><\/strong> \u00a0\u00a0\u00a0\u00a0\u00a0 3397\u00a0\u00a0\u00a0\u00a0\u00a0\u00a0\u00a0\u00a0 12\u00a0\u00a0 102\u00a0\u00a0\u00a0 114\u00a0\u00a0\u00a0\u00a0\u00a0\u00a0\u00a0 109\u00a0\u00a0\u00a0\u00a0\u00a0\u00a0\u00a0\u00a0\u00a0 95,6%\u00a0\u00a0\u00a0 3397 0<br \/>\n3 <strong><span style=\"color: #008000;\">SP9KJU<\/span><\/strong> \u00a0\u00a0\u00a0\u00a0 2913\u00a0\u00a0\u00a0\u00a0\u00a0\u00a0\u00a0\u00a0\u00a0\u00a0 6\u00a0\u00a0\u00a0\u00a0 96\u00a0\u00a0\u00a0\u00a0 102\u00a0\u00a0\u00a0\u00a0\u00a0\u00a0\u00a0\u00a0 97\u00a0\u00a0\u00a0\u00a0\u00a0\u00a0\u00a0\u00a0\u00a0 95,1%\u00a0\u00a0\u00a0\u00a0 2913 0<br \/>\n4 SP9MDY\u00a0\u00a0\u00a0\u00a0 2384\u00a0\u00a0\u00a0\u00a0\u00a0\u00a0\u00a0\u00a0\u00a0\u00a0 6\u00a0\u00a0\u00a0\u00a0 75\u00a0\u00a0\u00a0\u00a0\u00a0\u00a0 81\u00a0\u00a0\u00a0\u00a0\u00a0\u00a0\u00a0\u00a0 76\u00a0\u00a0\u00a0\u00a0\u00a0\u00a0\u00a0\u00a0\u00a0 93,8%\u00a0\u00a0\u00a0\u00a0\u00a0 2384 0<br \/>\n5 SP9MQG\u00a0\u00a0\u00a0\u00a0 2339\u00a0\u00a0\u00a0\u00a0\u00a0\u00a0\u00a0 13\u00a0\u00a0\u00a0\u00a0 64\u00a0\u00a0\u00a0\u00a0\u00a0\u00a0 77\u00a0\u00a0\u00a0\u00a0\u00a0\u00a0\u00a0\u00a0 70\u00a0\u00a0\u00a0\u00a0\u00a0\u00a0\u00a0\u00a0\u00a0 90,9%\u00a0\u00a0\u00a0\u00a0\u00a0 2339 0<br \/>\n6 SQ9S\u00a0\u00a0\u00a0\u00a0\u00a0\u00a0\u00a0\u00a0\u00a0\u00a0 1902\u00a0\u00a0\u00a0\u00a0\u00a0\u00a0\u00a0\u00a0\u00a0\u00a0 7\u00a0\u00a0\u00a0\u00a0 56\u00a0\u00a0\u00a0\u00a0\u00a0\u00a0 63\u00a0\u00a0\u00a0\u00a0\u00a0\u00a0\u00a0\u00a0 60\u00a0\u00a0\u00a0\u00a0\u00a0\u00a0\u00a0\u00a0\u00a0 95,2%\u00a0\u00a0\u00a0\u00a0 1902 0<br \/>\n7 SP9PRO\u00a0\u00a0\u00a0\u00a0\u00a0 1889\u00a0\u00a0\u00a0\u00a0\u00a0\u00a0\u00a0\u00a0\u00a0 4\u00a0\u00a0\u00a0\u00a0\u00a0 56\u00a0\u00a0\u00a0\u00a0\u00a0\u00a0 60\u00a0\u00a0\u00a0\u00a0\u00a0\u00a0\u00a0\u00a0 56\u00a0\u00a0\u00a0\u00a0\u00a0\u00a0\u00a0\u00a0\u00a0 93,3%\u00a0\u00a0\u00a0\u00a0 1889 0<\/p>\n<p>&nbsp;<\/p>\n<p>Ponadto zaliczone zosta\u0142y \u0142\u0105czno\u015bci ze stacj\u0105 SP7FBQ &#8211; log do kontroli.<\/p>\n","protected":false},"excerpt":{"rendered":"<p>Konkurs Rybnicki 2017 Wyniki: Lokata Stacja Rezultat CW PH DI FM zg\u0142. popr. % popr. Punkty Mno\u017cnik Kategoria A &#8211; stacje spoza ROP &#8211; SSB Stacja\u00a0\u00a0\u00a0\u00a0\u00a0\u00a0 Rezultat\u00a0\u00a0\u00a0\u00a0 PH \u00a0\u00a0 zg\u0142.\u00a0\u00a0\u00a0 popr.\u00a0\u00a0\u00a0 % popr.\u00a0\u00a0\u00a0 Punkty 1 3Z3AHK \u00a0\u00a0\u00a0\u00a0\u00a0 3979 \u00a0 \u00a0 \u00a0 145\u00a0 145\u00a0\u00a0\u00a0 133\u00a0\u00a0\u00a0\u00a0 \u00a0\u00a0 91,7%\u00a0\u00a0\u00a0\u00a0 3979 2 SP4KHM \u00a0\u00a0\u00a0\u00a0 [&hellip;]<\/p>\n","protected":false},"author":2,"featured_media":0,"parent":0,"menu_order":0,"comment_status":"closed","ping_status":"closed","template":"","meta":{"_themeisle_gutenberg_block_has_review":false,"footnotes":""},"class_list":["post-520","page","type-page","status-publish","hentry"],"aioseo_notices":[],"_links":{"self":[{"href":"https:\/\/ot31.pzk.org.pl\/index.php\/wp-json\/wp\/v2\/pages\/520","targetHints":{"allow":["GET"]}}],"collection":[{"href":"https:\/\/ot31.pzk.org.pl\/index.php\/wp-json\/wp\/v2\/pages"}],"about":[{"href":"https:\/\/ot31.pzk.org.pl\/index.php\/wp-json\/wp\/v2\/types\/page"}],"author":[{"embeddable":true,"href":"https:\/\/ot31.pzk.org.pl\/index.php\/wp-json\/wp\/v2\/users\/2"}],"replies":[{"embeddable":true,"href":"https:\/\/ot31.pzk.org.pl\/index.php\/wp-json\/wp\/v2\/comments?post=520"}],"version-history":[{"count":10,"href":"https:\/\/ot31.pzk.org.pl\/index.php\/wp-json\/wp\/v2\/pages\/520\/revisions"}],"predecessor-version":[{"id":531,"href":"https:\/\/ot31.pzk.org.pl\/index.php\/wp-json\/wp\/v2\/pages\/520\/revisions\/531"}],"wp:attachment":[{"href":"https:\/\/ot31.pzk.org.pl\/index.php\/wp-json\/wp\/v2\/media?parent=520"}],"curies":[{"name":"wp","href":"https:\/\/api.w.org\/{rel}","templated":true}]}}