{"id":503,"date":"2021-08-21T14:04:27","date_gmt":"2021-08-21T12:04:27","guid":{"rendered":"https:\/\/ot31.pzk.org.pl\/?page_id=503"},"modified":"2021-08-21T14:09:02","modified_gmt":"2021-08-21T12:09:02","slug":"zawody-2015","status":"publish","type":"page","link":"https:\/\/ot31.pzk.org.pl\/index.php\/zawody-2015\/","title":{"rendered":"Zawody 2015"},"content":{"rendered":"<h3><strong><span style=\"color: #0000ff;\">Wyniki konkursu Rybnickiego Okr\u0119gu Przemys\u0142owego &#8211; 2015<\/span><\/strong><\/h3>\n<h5>czyli Dni aktywno\u015bci kr\u00f3tkofalowc\u00f3w OT-31 oraz Rybnickiego Okr\u0119gu Przemys\u0142owego ROP<\/h5>\n<p><span style=\"color: blue; font-family: Tahoma; font-size: medium;\"><span style=\"color: navy; font-family: Tahoma; font-size: large;\"> Konkurs odby\u0142 si\u0119 7 i 8 listopada 2015 roku, na pasmach 80 m i 40 m, emisjami CW, SSB oraz DIGI. Organizatorem konkursu by\u0142 Oddzia\u0142 Terenowy PZK w Rybniku. Wsp\u00f3\u0142organizatorem tegorocznej edycji by\u0142 Klub Kr\u00f3tkofalowc\u00f3w SP9PKM przy Miejskim O\u015brodku Kultury w Pszowie.<br \/>\nKomisja w sk\u0142adzie SP9FUC, SP9TPB, SP9UOP po przeprowadzeniu analizy nades\u0142anych log\u00f3w wy\u0142oni\u0142a zwyci\u0119zc\u00f3w w poszczeg\u00f3lnych kategoriach.<br \/>\nSklasyfikowano 46 stacji w 6 kategoriach, w kategorii SWL nie by\u0142o uczestnik\u00f3w.<\/span><\/span><\/p>\n<p>&nbsp;<\/p>\n<p><span style=\"color: #ff0000;\"><b>Kategoria A stacje spoza ROP &#8211; SSB<\/b><\/span><\/p>\n<table cellspacing=\"0\" cellpadding=\"0\" border=\"0\">\n<tbody>\n<tr>\n<td><\/td>\n<td>\u00a0Znak stacji<\/td>\n<td>\u00a0punkty<\/td>\n<\/tr>\n<tr>\n<td>\u00a01<\/td>\n<td><span style=\"color: #008000;\"><b>SP4KHM<\/b><\/span><\/td>\n<td>97<\/td>\n<td>puchar, dyplom<\/td>\n<\/tr>\n<tr>\n<td>\u00a02<\/td>\n<td><span style=\"color: #008000;\"><b>SQ8JLS<\/b><\/span><\/td>\n<td>77<\/td>\n<td>ksi\u0105\u017cka, dyplom<\/td>\n<\/tr>\n<tr>\n<td>\u00a03<\/td>\n<td><span style=\"color: #008000;\"><b>SQ7CGN<\/b><\/span><\/td>\n<td>73<\/td>\n<td>dyplom<\/td>\n<\/tr>\n<tr>\n<td>\u00a04<\/td>\n<td><b>SP3PGR<\/b><\/td>\n<td>72<\/td>\n<\/tr>\n<tr>\n<td>\u00a05<\/td>\n<td><b>SP5MBI<\/b><\/td>\n<td>67<\/td>\n<\/tr>\n<tr>\n<td>\u00a06<\/td>\n<td><b>SP3CAD<\/b><\/td>\n<td>59<\/td>\n<\/tr>\n<tr>\n<td>\u00a07<\/td>\n<td><b>SQ8PIW<\/b><\/td>\n<td>50<\/td>\n<\/tr>\n<tr>\n<td>\u00a07<\/td>\n<td><b>SP4GFG<\/b><\/td>\n<td>50<\/td>\n<\/tr>\n<tr>\n<td>\u00a08<\/td>\n<td><b>SQ9PPT<\/b><\/td>\n<td>47<\/td>\n<\/tr>\n<tr>\n<td>\u00a09<\/td>\n<td><b>SQ7EWZ<\/b><\/td>\n<td>40<\/td>\n<\/tr>\n<tr>\n<td>10<\/td>\n<td><b>SP5PAT<\/b><\/td>\n<td>36<\/td>\n<\/tr>\n<tr>\n<td>11<\/td>\n<td><b>SP7FGA<\/b><\/td>\n<td>35<\/td>\n<\/tr>\n<tr>\n<td>12<\/td>\n<td><b>SP3FTA<\/b><\/td>\n<td>31<\/td>\n<\/tr>\n<tr>\n<td>13<\/td>\n<td><b>SO5MAX<\/b><\/td>\n<td>24<\/td>\n<\/tr>\n<tr>\n<td>14<\/td>\n<td><b>SQ3LVC<\/b><\/td>\n<td>23<\/td>\n<\/tr>\n<tr>\n<td>15<\/td>\n<td><b>SQ6NSG<\/b><\/td>\n<td>21<\/td>\n<\/tr>\n<tr>\n<td>16<\/td>\n<td><b>SP9BGS<\/b><\/td>\n<td>14<\/td>\n<\/tr>\n<tr>\n<td>17<\/td>\n<td><b>SP6IX<\/b><\/td>\n<td>11<\/td>\n<\/tr>\n<tr>\n<td>17<\/td>\n<td><b>SQ6COK<\/b><\/td>\n<td>11<\/td>\n<\/tr>\n<tr>\n<td>18<\/td>\n<td><b>SP9MZX<\/b><\/td>\n<td>2<\/td>\n<\/tr>\n<tr>\n<td>19<\/td>\n<td><b>SP8PDE<\/b><\/td>\n<td>2<\/td>\n<\/tr>\n<\/tbody>\n<\/table>\n<p><span style=\"color: #ff0000; font-family: Tahoma; font-size: medium;\"><span style=\"font-family: Tahoma; font-size: large;\"><b>Kategoria B stacje spoza ROP &#8211; SSB+CW<\/b><\/span><\/span><\/p>\n<table cellspacing=\"0\" cellpadding=\"0\" border=\"0\">\n<tbody>\n<tr>\n<td><\/td>\n<td>\u00a0Znak stacji<\/td>\n<td>\u00a0punkty<\/td>\n<\/tr>\n<tr>\n<td>\u00a01<\/td>\n<td><span style=\"color: #008000;\"><b>SP4KSY<\/b><\/span><\/td>\n<td>77<\/td>\n<td>puchar, dyplom<\/td>\n<\/tr>\n<\/tbody>\n<\/table>\n<p><span style=\"color: #ff0000; font-family: Tahoma; font-size: medium;\"><span style=\"font-family: Tahoma; font-size: large;\"><b>Kategoria C stacje spoza ROP &#8211; SSB+CW+DIGI<\/b><\/span><\/span><\/p>\n<table cellspacing=\"0\" cellpadding=\"0\" border=\"0\">\n<tbody>\n<tr>\n<td><\/td>\n<td>\u00a0Znak stacji<\/td>\n<td>\u00a0punkty<\/td>\n<\/tr>\n<tr>\n<td>\u00a01<\/td>\n<td><span style=\"color: #008000;\"><b>SP9BCH<\/b><\/span><\/td>\n<td>77<\/td>\n<td>puchar, dyplom<\/td>\n<\/tr>\n<tr>\n<td>\u00a02<\/td>\n<td><span style=\"color: #008000;\"><b>SP9WZO<\/b><\/span><\/td>\n<td>51<\/td>\n<td>ksi\u0105\u017cka, dyplom<\/td>\n<\/tr>\n<\/tbody>\n<\/table>\n<p><span style=\"color: blue; font-family: Tahoma; font-size: medium;\"><span style=\"color: navy; font-family: Tahoma; font-size: large;\"><b>Kategoria D stacje SWL (ROP i spoza ROP) &#8211; <span style=\"color: #ff00ff;\">brak uczestnik\u00f3w<\/span><\/b><\/span><\/span><\/p>\n<p><span style=\"color: #ff0000; font-family: Tahoma; font-size: medium;\"><span style=\"font-family: Tahoma; font-size: large;\"><b>Kategoria E stacje ROP &#8211; SSB<\/b><\/span><\/span><\/p>\n<table cellspacing=\"0\" cellpadding=\"0\" border=\"0\">\n<tbody>\n<tr>\n<td><\/td>\n<td>\u00a0Znak stacji<\/td>\n<td>\u00a0punkty<\/td>\n<\/tr>\n<tr>\n<td>\u00a01<\/td>\n<td><span style=\"color: #008000;\"><b>SQ9HZM<\/b><\/span><\/td>\n<td>79<\/td>\n<td>puchar, dyplom<\/td>\n<\/tr>\n<tr>\n<td>\u00a02<\/td>\n<td><span style=\"color: #008000;\"><b>SP9AQF<\/b><\/span><\/td>\n<td>77<\/td>\n<td>kr\u00f3tkofalarska mapa \u015bwiata, dyplom<\/td>\n<\/tr>\n<tr>\n<td>\u00a03<\/td>\n<td><span style=\"color: #008000;\"><b>SQ9PCA<\/b><\/span><\/td>\n<td>71<\/td>\n<td>dyplom<\/td>\n<\/tr>\n<tr>\n<td>\u00a04<\/td>\n<td><b>SQ9NOS<\/b><\/td>\n<td>69<\/td>\n<\/tr>\n<tr>\n<td>\u00a05<\/td>\n<td><b>SP9NLB<\/b><\/td>\n<td>57<\/td>\n<\/tr>\n<tr>\n<td>\u00a06<\/td>\n<td><b>SQ5ABG<\/b><\/td>\n<td>54<\/td>\n<\/tr>\n<tr>\n<td>\u00a07<\/td>\n<td><b>SQ9NJ<\/b><\/td>\n<td>53<\/td>\n<\/tr>\n<tr>\n<td>\u00a08<\/td>\n<td><b>SP9RCF<\/b><\/td>\n<td>47<\/td>\n<\/tr>\n<tr>\n<td>\u00a09<\/td>\n<td><b>SQ9JKG<\/b><\/td>\n<td>41<\/td>\n<\/tr>\n<tr>\n<td>10<\/td>\n<td><b>SP9EYX<\/b><\/td>\n<td>35<\/td>\n<\/tr>\n<tr>\n<td>11<\/td>\n<td><b>SP9FRZ<\/b><\/td>\n<td>32<\/td>\n<\/tr>\n<tr>\n<td>12<\/td>\n<td><b>SQ9JXI<\/b><\/td>\n<td>31<\/td>\n<\/tr>\n<tr>\n<td>13<\/td>\n<td><b>SP9CTH<\/b><\/td>\n<td>28<\/td>\n<\/tr>\n<tr>\n<td>13<\/td>\n<td><b>SQ9MZ<\/b><\/td>\n<td>28<\/td>\n<\/tr>\n<tr>\n<td>14<\/td>\n<td><b>SP9KVC<\/b><\/td>\n<td>27<\/td>\n<\/tr>\n<tr>\n<td>15<\/td>\n<td><b>SP9WZJ<\/b><\/td>\n<td>26<\/td>\n<\/tr>\n<tr>\n<td>16<\/td>\n<td><b>SP9KVZ<\/b><\/td>\n<td>17<\/td>\n<\/tr>\n<\/tbody>\n<\/table>\n<p><span style=\"color: #ff0000; font-family: Tahoma; font-size: medium;\"><span style=\"font-family: Tahoma; font-size: large;\"><b>Kategoria F stacje ROP &#8211; SSB+CW<\/b><\/span><\/span><\/p>\n<table cellspacing=\"0\" cellpadding=\"0\" border=\"0\">\n<tbody>\n<tr>\n<td><\/td>\n<td>\u00a0Znak stacji<\/td>\n<td>\u00a0punkty<\/td>\n<\/tr>\n<tr>\n<td>\u00a01<\/td>\n<td><span style=\"color: #008000;\"><b>SP9MDY<\/b><\/span><\/td>\n<td>73<\/td>\n<td>puchar, dyplom<\/td>\n<\/tr>\n<\/tbody>\n<\/table>\n<p><span style=\"color: #ff0000; font-family: Tahoma; font-size: medium;\"><span style=\"font-family: Tahoma; font-size: large;\"><b>Kategoria G stacje ROP &#8211; SSB+CW+DIGI<\/b><\/span><\/span><\/p>\n<table cellspacing=\"0\" cellpadding=\"0\" border=\"0\">\n<tbody>\n<tr>\n<td><\/td>\n<td>\u00a0Znak stacji<\/td>\n<td>\u00a0punkty<\/td>\n<\/tr>\n<tr>\n<td>\u00a01<\/td>\n<td><span style=\"color: #008000;\"><b>SP9KJU<\/b><\/span><\/td>\n<td>64<\/td>\n<td>puchar, dyplom<\/td>\n<\/tr>\n<tr>\n<td>\u00a02<\/td>\n<td><span style=\"color: #008000;\"><b>SQ9S<\/b><\/span><\/td>\n<td>47<\/td>\n<td>ksi\u0105\u017cka, dyplom<\/td>\n<\/tr>\n<\/tbody>\n<\/table>\n<p><span style=\"color: #ff0000; font-family: Tahoma; font-size: medium;\"><span style=\"font-family: Tahoma; font-size: large;\">Stacja zagraniczna<\/span><\/span><\/p>\n<table cellspacing=\"0\" cellpadding=\"0\" border=\"0\">\n<tbody>\n<tr>\n<td><\/td>\n<td>\u00a0Znak stacji<\/td>\n<td>\u00a0punkty<\/td>\n<\/tr>\n<tr>\n<td><\/td>\n<td><span style=\"color: #008000;\"><b>OK2BIQ<\/b><\/span><\/td>\n<td>75<\/td>\n<td>kr\u00f3tkofalarska mapa \u015bwiata, dyplom<\/td>\n<\/tr>\n<\/tbody>\n<\/table>\n<p>Sponsorzy nagr\u00f3d:<br \/>\npuchary &#8211; OT 31 PZK<br \/>\nksi\u0105\u017cki &#8222;Cie\u0144 B\u0142yskawicy&#8221; &#8211; SP5HEN, SQ5ABG<br \/>\nksi\u0105\u017cki &#8222;Wywo\u0142anie og\u00f3lne&#8221; &#8211; SP9PRO, SP9PT<br \/>\nkr\u00f3tkofalarska mapa \u015bwiata &#8211; SP9KJU<\/p>\n<p>Komisja zawod\u00f3w w sk\u0142adzie:<br \/>\nJerzy SP9FUC &#8211; przewodnicz\u0105cy<br \/>\nStanis\u0142aw SP9TPB &#8211; cz\u0142onek komisji<br \/>\nJanusz SP9UOP &#8211; cz\u0142onek komisji<\/p>\n","protected":false},"excerpt":{"rendered":"<p>Wyniki konkursu Rybnickiego Okr\u0119gu Przemys\u0142owego &#8211; 2015 czyli Dni aktywno\u015bci kr\u00f3tkofalowc\u00f3w OT-31 oraz Rybnickiego Okr\u0119gu Przemys\u0142owego ROP Konkurs odby\u0142 si\u0119 7 i 8 listopada 2015 roku, na pasmach 80 m i 40 m, emisjami CW, SSB oraz DIGI. Organizatorem konkursu by\u0142 Oddzia\u0142 Terenowy PZK w Rybniku. Wsp\u00f3\u0142organizatorem tegorocznej edycji by\u0142 [&hellip;]<\/p>\n","protected":false},"author":2,"featured_media":0,"parent":0,"menu_order":0,"comment_status":"closed","ping_status":"closed","template":"","meta":{"_themeisle_gutenberg_block_has_review":false,"footnotes":""},"class_list":["post-503","page","type-page","status-publish","hentry"],"aioseo_notices":[],"_links":{"self":[{"href":"https:\/\/ot31.pzk.org.pl\/index.php\/wp-json\/wp\/v2\/pages\/503","targetHints":{"allow":["GET"]}}],"collection":[{"href":"https:\/\/ot31.pzk.org.pl\/index.php\/wp-json\/wp\/v2\/pages"}],"about":[{"href":"https:\/\/ot31.pzk.org.pl\/index.php\/wp-json\/wp\/v2\/types\/page"}],"author":[{"embeddable":true,"href":"https:\/\/ot31.pzk.org.pl\/index.php\/wp-json\/wp\/v2\/users\/2"}],"replies":[{"embeddable":true,"href":"https:\/\/ot31.pzk.org.pl\/index.php\/wp-json\/wp\/v2\/comments?post=503"}],"version-history":[{"count":5,"href":"https:\/\/ot31.pzk.org.pl\/index.php\/wp-json\/wp\/v2\/pages\/503\/revisions"}],"predecessor-version":[{"id":508,"href":"https:\/\/ot31.pzk.org.pl\/index.php\/wp-json\/wp\/v2\/pages\/503\/revisions\/508"}],"wp:attachment":[{"href":"https:\/\/ot31.pzk.org.pl\/index.php\/wp-json\/wp\/v2\/media?parent=503"}],"curies":[{"name":"wp","href":"https:\/\/api.w.org\/{rel}","templated":true}]}}