{"id":494,"date":"2021-08-21T13:42:22","date_gmt":"2021-08-21T11:42:22","guid":{"rendered":"https:\/\/ot31.pzk.org.pl\/?page_id=494"},"modified":"2021-08-21T13:52:54","modified_gmt":"2021-08-21T11:52:54","slug":"zawody-2014","status":"publish","type":"page","link":"https:\/\/ot31.pzk.org.pl\/index.php\/zawody-2014\/","title":{"rendered":"Zawody 2014"},"content":{"rendered":"<h3><span style=\"color: #0000ff;\">Wyniki konkursu Rybnickiego Okr\u0119gu Przemys\u0142owego &#8211; 2014<\/span><\/h3>\n<p><span style=\"color: blue; font-family: Tahoma; font-size: medium;\"><span style=\"color: navy; font-family: Tahoma; font-size: large;\"> Konkurs odby\u0142 si\u0119 8 i 9 listopada 2014 roku, na pasmach 80 m i 40 m, emisjami CW, SSB oraz DIGI. Organizatorem konkursu by\u0142 Oddzia\u0142 Terenowy PZK w Rybniku. Wsp\u00f3\u0142organizatorem tegorocznej edycji by\u0142 Klub Kr\u00f3tkofalowc\u00f3w SP9PRR przy OSP w Siedliskach.<br \/>\nKomisja w sk\u0142adzie SP9EYX, SQ9NFB, SQ9NOS po przeprowadzeniu analizy nades\u0142anych log\u00f3w wy\u0142oni\u0142a zwyci\u0119zc\u00f3w w poszczeg\u00f3lnych kategoriach<br \/>\nSklasyfikowano 49 stacji w 6 kategoriach, 3 logi przes\u0142ano do kontroli. W kategorii SWL nie by\u0142o uczestnik\u00f3w.<br \/>\nNajcz\u0119stsze b\u0142\u0119dy to: r\u00f3\u017cnica w czasie powy\u017cej 5 minut, \u017ale odebrane znaki lub grupy kontrolne. Spora ilo\u015b\u0107 stacji nie przys\u0142a\u0142a log\u00f3w, co r\u00f3wnie\u017c by\u0142o powodem niezaliczenia \u0142aczno\u015bci.<br \/>\nZa 1 miejsca w ka\u017cdej kategorii przyznano puchary ufundowane przez Oddzia\u0142 Terenowy PZK w Rybniku.<br \/>\nZa 2 miejsca w kategoriach A, B, C (stacje spoza ROP) przyznano ksi\u0105\u017cki &#8222;Cie\u0144 B\u0142yskawicy&#8221;. Ksi\u0105zki zosta\u0142y ufundowane przez Ew\u0119 SP5HEN oraz Wies\u0142awa SQ5ABG.<br \/>\nZa 2 miejsca w kategoriach E oraz G (stacje ROP) przyznano ksi\u0105\u017cki &#8222;Wywo\u0142anie og\u00f3lne&#8221; autorstwa Ryszarda SP4BBU. Fundatorem ksi\u0105\u017cek jest Klub SP9PRO przy Stowa\u017cyszeniu In\u017cynier\u00f3w i Technik\u00f3w G\u00f3rnictwa w Rybniku.<br \/>\nZa zaj\u0119cie 1, 2 i 3 miejsca przyznano drukowane dyplomy.<\/span><\/span><\/p>\n<p><strong><span style=\"color: #ff0000;\">Kategoria A stacje spoza ROP &#8211; SSB<\/span><\/strong><\/p>\n<table cellspacing=\"0\" cellpadding=\"0\" border=\"0\">\n<tbody>\n<tr>\n<td><\/td>\n<td>\u00a0Znak stacji<\/td>\n<td>\u00a0punkty<\/td>\n<td>\u00a0QSO niezaliczone<\/td>\n<\/tr>\n<tr>\n<td>\u00a01<\/td>\n<td><span style=\"color: #008000;\"><b>SQ7CGN<\/b><\/span><\/td>\n<td>103<\/td>\n<td>16<\/td>\n<td>puchar, dyplom<\/td>\n<\/tr>\n<tr>\n<td>\u00a02<\/td>\n<td><strong><span style=\"color: #008000;\">SQ8JLS<\/span><\/strong><\/td>\n<td>81<\/td>\n<td>12<\/td>\n<td>ksi\u0105\u017cka, dyplom<\/td>\n<\/tr>\n<tr>\n<td>\u00a03<\/td>\n<td><span style=\"color: #008000;\"><b>SP6BBE<\/b><\/span><\/td>\n<td>71<\/td>\n<td>3<\/td>\n<td>dyplom<\/td>\n<\/tr>\n<tr>\n<td>\u00a04<\/td>\n<td><b>SP3FTA<\/b><\/td>\n<td>65<\/td>\n<td>2<\/td>\n<\/tr>\n<tr>\n<td>\u00a05<\/td>\n<td><b>SQ8PIW<\/b><\/td>\n<td>63<\/td>\n<td>1<\/td>\n<\/tr>\n<tr>\n<td>\u00a06<\/td>\n<td><b>SQ9PPU<\/b><\/td>\n<td>52<\/td>\n<td>1<\/td>\n<\/tr>\n<tr>\n<td>\u00a07<\/td>\n<td><b>SP8AJB<\/b><\/td>\n<td>48<\/td>\n<td>3<\/td>\n<\/tr>\n<tr>\n<td>\u00a08<\/td>\n<td><b>SP9PKE<\/b><\/td>\n<td>42<\/td>\n<td>1<\/td>\n<\/tr>\n<tr>\n<td>\u00a09<\/td>\n<td><b>SQ9OUM<\/b><\/td>\n<td>42<\/td>\n<td>3<\/td>\n<\/tr>\n<tr>\n<td>10<\/td>\n<td><b>SQ1NXW<\/b><\/td>\n<td>41<\/td>\n<td>1<\/td>\n<\/tr>\n<tr>\n<td>11<\/td>\n<td><b>SO5MAX<\/b><\/td>\n<td>38<\/td>\n<td>7<\/td>\n<\/tr>\n<tr>\n<td>12<\/td>\n<td><b>SQ9BDB<\/b><\/td>\n<td>37<\/td>\n<td>2<\/td>\n<\/tr>\n<tr>\n<td>13<\/td>\n<td><b>SN22RN<\/b><\/td>\n<td>33<\/td>\n<td>5<\/td>\n<\/tr>\n<tr>\n<td>14<\/td>\n<td><b>SP9IKN<\/b><\/td>\n<td>31<\/td>\n<td>4<\/td>\n<\/tr>\n<tr>\n<td>15<\/td>\n<td><b>SQ6LAN<\/b><\/td>\n<td>24<\/td>\n<td>7<\/td>\n<\/tr>\n<tr>\n<td>16<\/td>\n<td><b>SQ6RGG<\/b><\/td>\n<td>11<\/td>\n<td>0<\/td>\n<\/tr>\n<\/tbody>\n<\/table>\n<p><span style=\"color: #ff0000; font-family: Tahoma; font-size: medium;\"><span style=\"font-family: Tahoma; font-size: large;\"><b>Kategoria B stacje spoza ROP &#8211; SSB+CW<\/b><\/span><\/span><\/p>\n<table cellspacing=\"0\" cellpadding=\"0\" border=\"0\">\n<tbody>\n<tr>\n<td><\/td>\n<td>\u00a0Znak stacji<\/td>\n<td>\u00a0punkty<\/td>\n<td>\u00a0QSO niezaliczone<\/td>\n<\/tr>\n<tr>\n<td>\u00a01<\/td>\n<td><span style=\"color: #008000;\"><b>SP7FGA<\/b><\/span><\/td>\n<td>125<\/td>\n<td>10<\/td>\n<td>puchar, dyplom<\/td>\n<\/tr>\n<tr>\n<td>\u00a02<\/td>\n<td><span style=\"color: #008000;\"><b>SP4GFG<\/b><\/span><\/td>\n<td>60<\/td>\n<td>0<\/td>\n<td>ksi\u0105\u017cka, dyplom<\/td>\n<\/tr>\n<tr>\n<td>\u00a03<\/td>\n<td><span style=\"color: #008000;\"><b>SP5MBI<\/b><\/span><\/td>\n<td>57<\/td>\n<td>1<\/td>\n<td>dyplom<\/td>\n<\/tr>\n<tr>\n<td>\u00a04<\/td>\n<td><b>SP4GHL<\/b><\/td>\n<td>49<\/td>\n<td>6<\/td>\n<\/tr>\n<tr>\n<td>\u00a05<\/td>\n<td><b>SP3BES<\/b><\/td>\n<td>44<\/td>\n<td>2<\/td>\n<\/tr>\n<\/tbody>\n<\/table>\n<p><span style=\"color: #ff0000; font-family: Tahoma; font-size: medium;\"><span style=\"font-family: Tahoma; font-size: large;\"><b>Kategoria C stacje spoza ROP &#8211; SSB+CW+DIGI<\/b><\/span><\/span><\/p>\n<table cellspacing=\"0\" cellpadding=\"0\" border=\"0\">\n<tbody>\n<tr>\n<td><\/td>\n<td>\u00a0Znak stacji<\/td>\n<td>\u00a0punkty<\/td>\n<td>\u00a0QSO niezaliczone<\/td>\n<\/tr>\n<tr>\n<td>\u00a01<\/td>\n<td><span style=\"color: #008000;\"><b>SP9WZO<\/b><\/span><\/td>\n<td>72<\/td>\n<td>3<\/td>\n<td>puchar, dyplom<\/td>\n<\/tr>\n<tr>\n<td>\u00a02<\/td>\n<td><span style=\"color: #008000;\"><b>SQ9DXT<\/b><\/span><\/td>\n<td>49<\/td>\n<td>2<\/td>\n<td>ksi\u0105\u017cka, dyplom<\/td>\n<\/tr>\n<tr>\n<td>\u00a03<\/td>\n<td><span style=\"color: #008000;\"><b>SQ8NQS<\/b><\/span><\/td>\n<td>37<\/td>\n<td>2<\/td>\n<td>dyplom<\/td>\n<\/tr>\n<\/tbody>\n<\/table>\n<p><span style=\"color: blue; font-family: Tahoma; font-size: medium;\"><span style=\"color: navy; font-family: Tahoma; font-size: large;\"><b>Kategoria D stacje SWL (ROP i spoza ROP) &#8211;<span style=\"color: #ff00ff;\"> brak uczestnik\u00f3w<\/span><\/b><\/span><\/span><\/p>\n<p><strong><span style=\"color: #ff0000; font-family: Tahoma; font-size: medium;\"><span style=\"font-family: Tahoma; font-size: large;\">Kategoria E stacje ROP &#8211; SSB<\/span><\/span><\/strong><\/p>\n<table cellspacing=\"0\" cellpadding=\"0\" border=\"0\">\n<tbody>\n<tr>\n<td><\/td>\n<td>\u00a0Znak stacji<\/td>\n<td>\u00a0punkty<\/td>\n<td>\u00a0QSO niezaliczone<\/td>\n<\/tr>\n<tr>\n<td>\u00a01<\/td>\n<td><span style=\"color: #008000;\"><b>SP9FRZ<\/b><\/span><\/td>\n<td>118<\/td>\n<td>14<\/td>\n<td>puchar, dyplom<\/td>\n<\/tr>\n<tr>\n<td>\u00a02<\/td>\n<td><span style=\"color: #008000;\"><b>SP9LDP<\/b><\/span><\/td>\n<td>107<\/td>\n<td>9<\/td>\n<td>ksi\u0105\u017cka, dyplom<\/td>\n<\/tr>\n<tr>\n<td>\u00a03<\/td>\n<td><span style=\"color: #008000;\"><b>SQ9PCA<\/b><\/span><\/td>\n<td>102<\/td>\n<td>18<\/td>\n<td>dyplom<\/td>\n<\/tr>\n<tr>\n<td>\u00a04<\/td>\n<td><b>SQ5ABG<\/b><\/td>\n<td>97<\/td>\n<td>4<\/td>\n<\/tr>\n<tr>\n<td>\u00a05<\/td>\n<td><b>SP9AQF<\/b><\/td>\n<td>96<\/td>\n<td>11<\/td>\n<\/tr>\n<tr>\n<td>\u00a06<\/td>\n<td><b>SP9RCF<\/b><\/td>\n<td>91<\/td>\n<td>2<\/td>\n<\/tr>\n<tr>\n<td><\/td>\n<td><b>SQ9V<\/b><\/td>\n<td>91<\/td>\n<td>4<\/td>\n<\/tr>\n<tr>\n<td>\u00a07<\/td>\n<td><b>SP9HVW<\/b><\/td>\n<td>78<\/td>\n<td>10<\/td>\n<\/tr>\n<tr>\n<td>\u00a08<\/td>\n<td><b>SQ9JKG<\/b><\/td>\n<td>75<\/td>\n<td>2<\/td>\n<\/tr>\n<tr>\n<td>\u00a09<\/td>\n<td><b>SP9KUP<\/b><\/td>\n<td>68<\/td>\n<td>8<\/td>\n<\/tr>\n<tr>\n<td>10<\/td>\n<td><b>SQ9NJ<\/b><\/td>\n<td>57<\/td>\n<td>5<\/td>\n<\/tr>\n<tr>\n<td>11<\/td>\n<td><b>SP9JQ<\/b><\/td>\n<td>53<\/td>\n<td>9<\/td>\n<\/tr>\n<tr>\n<td>12<\/td>\n<td><b>SP9KVC<\/b><\/td>\n<td>52<\/td>\n<td>4<\/td>\n<\/tr>\n<tr>\n<td>13<\/td>\n<td><b>SP6ZJP<\/b><\/td>\n<td>41<\/td>\n<td>3<\/td>\n<\/tr>\n<tr>\n<td>14<\/td>\n<td><b>SP9NLB<\/b><\/td>\n<td>40<\/td>\n<td>1<\/td>\n<\/tr>\n<tr>\n<td>15<\/td>\n<td><b>SP9CTH<\/b><\/td>\n<td>39<\/td>\n<td>4<\/td>\n<\/tr>\n<tr>\n<td>16<\/td>\n<td><b>SQ9HZM<\/b><\/td>\n<td>36<\/td>\n<td>5<\/td>\n<\/tr>\n<tr>\n<td>17<\/td>\n<td><b>SP6OUJ<\/b><\/td>\n<td>30<\/td>\n<td>0<\/td>\n<\/tr>\n<tr>\n<td>18<\/td>\n<td><b>SP9QMH<\/b><\/td>\n<td>26<\/td>\n<td>4<\/td>\n<\/tr>\n<tr>\n<td>19<\/td>\n<td><b>SP9EUH<\/b><\/td>\n<td>18<\/td>\n<td>4<\/td>\n<\/tr>\n<tr>\n<td>20<\/td>\n<td><b>SQ9JJH<\/b><\/td>\n<td>8<\/td>\n<td>2<\/td>\n<\/tr>\n<\/tbody>\n<\/table>\n<p><span style=\"color: #ff0000; font-family: Tahoma; font-size: medium;\"><span style=\"font-family: Tahoma; font-size: large;\"><b>Kategoria F stacje ROP &#8211; SSB+CW<\/b><\/span><\/span><\/p>\n<table cellspacing=\"0\" cellpadding=\"0\" border=\"0\">\n<tbody>\n<tr>\n<td><\/td>\n<td>\u00a0Znak stacji<\/td>\n<td>\u00a0punkty<\/td>\n<td>\u00a0QSO niezaliczone<\/td>\n<\/tr>\n<tr>\n<td>\u00a01<\/td>\n<td><span style=\"color: #008000;\"><b>SP9MDY<\/b><\/span><\/td>\n<td>99<\/td>\n<td>15<\/td>\n<td>puchar, dyplom<\/td>\n<\/tr>\n<\/tbody>\n<\/table>\n<p><span style=\"color: #ff0000; font-family: Tahoma; font-size: medium;\"><span style=\"font-family: Tahoma; font-size: large;\"><b>Kategoria G stacje ROP &#8211; SSB+CW+DIGI<\/b><\/span><\/span><\/p>\n<table cellspacing=\"0\" cellpadding=\"0\" border=\"0\">\n<tbody>\n<tr>\n<td><\/td>\n<td>\u00a0Znak stacji<\/td>\n<td>\u00a0punkty<\/td>\n<td>\u00a0QSO niezaliczone<\/td>\n<\/tr>\n<tr>\n<td>\u00a01<\/td>\n<td><span style=\"color: #008000;\"><b>SP9KJU<\/b><\/span><\/td>\n<td>105<\/td>\n<td>13<\/td>\n<td>puchar, dyplom<\/td>\n<\/tr>\n<tr>\n<td>\u00a02<\/td>\n<td><span style=\"color: #008000;\"><b>SQ9S<\/b><\/span><\/td>\n<td>55<\/td>\n<td>4<\/td>\n<td>ksi\u0105\u017cka, dyplom<\/td>\n<\/tr>\n<tr>\n<td>\u00a03<\/td>\n<td><span style=\"color: #008000;\"><b>SQ9JXB<\/b><\/span><\/td>\n<td>41<\/td>\n<td>4<\/td>\n<td>dyplom<\/td>\n<\/tr>\n<\/tbody>\n<\/table>\n<p><span style=\"color: blue; font-family: Tahoma; font-size: medium;\"><span style=\"color: navy; font-family: Tahoma; font-size: large;\">Logi do kontroli:<br \/>\nSP9PRR, SP9EYX, SQ3F<\/span><\/span><\/p>\n<p>Brak log\u00f3w (wykazani w logach uczestnik\u00f3w):<br \/>\nSQ9OUB (35), SO3AJP (14), SP8NFZ (13), SP9BRP (12), SQ6ZP (11), SQ8NMA (11), SP2CYK (7), SQ2KRT (5),<br \/>\nSQ9ITA (5), SQ2RSG (4), SQ5WD (3), SP5NN (3), SP5NVX (2), SQ2AHL (2), SP8BBK\/p (2), SP3WXI, SQ3OW,<br \/>\nSQ3KNH, 3Z2014DK, SP5GIH, SN0P, SO7VT, SP6QKS, SQ6RKO, SQ8RMU, SQ8PKG, SQ6NTM, SP7CHR, SP3JHZ, SQ9ORH,<br \/>\nHF4OOSN<\/p>\n<p>W imieniu komisji Konkursu ROP<br \/>\nGrzegorz Skaba SQ9NOS<br \/>\nPrezes Klubu Kr\u00f3tkofalowc\u00f3w SP9PRR<br \/>\nprzy OSP w Siedliskach.<\/p>\n","protected":false},"excerpt":{"rendered":"<p>Wyniki konkursu Rybnickiego Okr\u0119gu Przemys\u0142owego &#8211; 2014 Konkurs odby\u0142 si\u0119 8 i 9 listopada 2014 roku, na pasmach 80 m i 40 m, emisjami CW, SSB oraz DIGI. Organizatorem konkursu by\u0142 Oddzia\u0142 Terenowy PZK w Rybniku. Wsp\u00f3\u0142organizatorem tegorocznej edycji by\u0142 Klub Kr\u00f3tkofalowc\u00f3w SP9PRR przy OSP w Siedliskach. Komisja w sk\u0142adzie [&hellip;]<\/p>\n","protected":false},"author":2,"featured_media":0,"parent":0,"menu_order":0,"comment_status":"closed","ping_status":"closed","template":"","meta":{"_themeisle_gutenberg_block_has_review":false,"footnotes":""},"class_list":["post-494","page","type-page","status-publish","hentry"],"aioseo_notices":[],"_links":{"self":[{"href":"https:\/\/ot31.pzk.org.pl\/index.php\/wp-json\/wp\/v2\/pages\/494","targetHints":{"allow":["GET"]}}],"collection":[{"href":"https:\/\/ot31.pzk.org.pl\/index.php\/wp-json\/wp\/v2\/pages"}],"about":[{"href":"https:\/\/ot31.pzk.org.pl\/index.php\/wp-json\/wp\/v2\/types\/page"}],"author":[{"embeddable":true,"href":"https:\/\/ot31.pzk.org.pl\/index.php\/wp-json\/wp\/v2\/users\/2"}],"replies":[{"embeddable":true,"href":"https:\/\/ot31.pzk.org.pl\/index.php\/wp-json\/wp\/v2\/comments?post=494"}],"version-history":[{"count":7,"href":"https:\/\/ot31.pzk.org.pl\/index.php\/wp-json\/wp\/v2\/pages\/494\/revisions"}],"predecessor-version":[{"id":502,"href":"https:\/\/ot31.pzk.org.pl\/index.php\/wp-json\/wp\/v2\/pages\/494\/revisions\/502"}],"wp:attachment":[{"href":"https:\/\/ot31.pzk.org.pl\/index.php\/wp-json\/wp\/v2\/media?parent=494"}],"curies":[{"name":"wp","href":"https:\/\/api.w.org\/{rel}","templated":true}]}}