{"id":464,"date":"2021-08-12T22:38:57","date_gmt":"2021-08-12T20:38:57","guid":{"rendered":"https:\/\/ot31.pzk.org.pl\/?page_id=464"},"modified":"2025-01-18T15:39:42","modified_gmt":"2025-01-18T14:39:42","slug":"zawody-rybnickie","status":"publish","type":"page","link":"https:\/\/ot31.pzk.org.pl\/index.php\/zawody-rybnickie\/","title":{"rendered":"Zawody Rybnickie &#8211; regulamin"},"content":{"rendered":"<h3><strong>Regulamin Zawod\u00f3w Rybnickich\u00a0 2025<\/strong><\/h3>\n<p>Organizator &#8211; Rybnicki Oddzia\u0142 Terenowy PZK (OT 31 PZK)<\/p>\n<p>Zawody s\u0105 organizowane dla wszystkich kr\u00f3tkofalowc\u00f3w z SP oraz dla przyjaci\u00f3\u0142 z zagranicy w celu popularyzacji naszego hobby oraz aktywizacji radioamator\u00f3w z Rybnickiego Okr\u0119gu Przemys\u0142owego na KF.<\/p>\n<p><span style=\"color: #ff00ff;\"><strong>Termin<\/strong><\/span> &#8211; 8 i 9 listopada 2025 r<br \/>\nI tura &#8211; 8 listopada 2025, sobota, 14.00 &#8211; 15.59 UTC<br \/>\nII tura &#8211; 9 listopada 2025, niedziela, 10.00 &#8211; 11.59 UTC<br \/>\n<strong><span style=\"color: #ff00ff;\">Pasma<\/span><\/strong>: 80 m oraz 40 m<br \/>\n<strong><span style=\"color: #ff00ff;\">Emisje<\/span><\/strong>: SSB\/CW<br \/>\n<span style=\"color: #ff00ff;\"><strong>\u0141\u0105czno\u015bci<\/strong><\/span> &#8211; ka\u017cda stacja bior\u0105ca udzia\u0142 w zawodach nawi\u0105zuje \u0142\u0105czno\u015bci ze wszystkimi pozosta\u0142ymi uczestnikami, zar\u00f3wno ze stacjami ROP oraz spoza ROP. Z t\u0105 sam\u0105 stacj\u0105 mo\u017cna przeprowadzi\u0107 po jednym QSO emisjami CW i SSB, na ka\u017cdym pa\u015bmie odr\u0119bnie. Czyli w obydwu turach mo\u017cna przeprowadzi\u0107 z t\u0105 sam\u0105 stacj\u0105 maksymalnie 2 \u0142\u0105czno\u015bci w kategorii A, D, F albo 4 \u0142\u0105czno\u015bci w kategorii B, E. W ka\u017cdej turze mo\u017cna pracowa\u0107 na obu pasmach. Podczas pracy w zawodach obowi\u0105zuje ograniczenie mocy nadajnika do 100 wat\u00f3w i mo\u017ce by\u0107 emitowany tylko jeden sygna\u0142 bez wzgl\u0119du na pasmo i emisj\u0119.<br \/>\nPodczas QSO ka\u017cdy z operator\u00f3w mo\u017ce u\u017cywa\u0107 wy\u0142\u0105cznie jednego znaku wywo\u0142awczego. <span style=\"color: #0000ff;\">Do stacji ROP zaliczamy<\/span> wszystkie stacje amatorskie z terenu powiat\u00f3w raciborskiego, rybnickiego, wodzis\u0142awskiego, z miast powiat\u00f3w: Jastrz\u0119bia-Zdroju, Rybnika i \u017bor oraz wszystkie stacje cz\u0142onk\u00f3w oraz klub\u00f3w OT-31 PZK w Rybniku.<\/p>\n<p><strong><span style=\"color: #ff00ff;\">Wymiana raport\u00f3w<\/span><\/strong>:<br \/>\n\ue008 &#8211; Stacje ROP podaj\u0105 RST + liczb\u0119 lat posiadania licencji + liter\u0119 R (np. 599 25R)<br \/>\n\ue008 &#8211; Stacje spoza ROP podaj\u0105 RST + liczb\u0119 lat posiadania licencji (np. 599 25)<br \/>\n\ue008 &#8211; W przypadku posiadania licencji poni\u017cej jednego roku, w raporcie podajemy 01 lub 01R<\/p>\n<p>\ue008 <span style=\"color: #ff00ff;\"><strong>Wynik<\/strong><\/span> to suma lat posiadania licencji od wszystkich stacji zalogowanych przez uczestnika zawod\u00f3w plus 5 pkt za ka\u017cd\u0105 stacj\u0119 podaj\u0105c\u0105 w raporcie liter\u0119 R (z ROP). Po odebraniu litery R w raporcie nie dodajemy 5 punkt\u00f3w do odebranego raportu; wynik prawid\u0142owo ustali program rozliczaj\u0105cy zawody.<\/p>\n<p><strong><span style=\"color: #ff00ff;\">Kategorie<\/span><\/strong>:<\/p>\n<p><em><strong><span style=\"color: #008000;\">Stacje spoza ROP<\/span><\/strong><\/em>:<br \/>\n\ue008 A &#8211; SSB<br \/>\n\ue008 B &#8211; SSB + CW<br \/>\n\ue008 C &#8211; Nas\u0142uchowcy MIXED, klasyfikacja \u0142\u0105cznie ROP i spoza ROP<br \/>\nNas\u0142uchowc\u00f3w obowi\u0105zuje odebranie znak\u00f3w i grup kontrolnych obu korespondent\u00f3w. Ten sam znak stacji nie mo\u017ce powtarza\u0107 si\u0119 w logu cz\u0119\u015bciej ni\u017c jednokrotnie podczas ka\u017cdej godziny zawod\u00f3w, maksymalnie 4 razy.<br \/>\n<strong><em><span style=\"color: #008000;\">Stacje ROP<\/span><\/em><\/strong>:<br \/>\n\ue008 D &#8211; ROP SSB<br \/>\n\ue008 E &#8211; ROP SSB + CW<br \/>\n<em><strong><span style=\"color: #008000;\">Wszystkie stacje<\/span><\/strong><\/em>:<br \/>\n\ue008 F &#8211; CW \u0142\u0105cznie ROP i spoza ROP<\/p>\n<p><span style=\"color: #ff00ff;\"><strong>Dzienniki<\/strong><\/span> &#8211; wy\u0142\u0105cznie w postaci pliku cabrillo nale\u017cy wys\u0142a\u0107 przez platform\u0119 logSP lub w razie problem\u00f3w bezpo\u015brednio na adres: sq9s@op.pl &#8211; do dnia 16 listopada 2025 r. Przed wys\u0142aniem prosimy sprawdzi\u0107 poprawny zapis czasu \u0142\u0105czno\u015bci UTC. Zaleca si\u0119 u\u017cywanie program\u00f3w DQR_Log oraz SWL_DQR_Log. Log powinien zawiera\u0107 pasmo, emisj\u0119, dat\u0119, czas UTC, znak korespondenta oraz raporty. E-mail z logiem w postaci za\u0142\u0105cznika powinien w polu &#8222;temat&#8221; zawiera\u0107 znak stacji oraz kategori\u0119, np. SP9PKM_E. Ka\u017cdy uczestnik deklaruje udzia\u0142 w jednej kategorii.<\/p>\n<p>QSO nie zalicza si\u0119 w przypadku: braku logu korespondenta, r\u00f3\u017cnicy czasu w logach powy\u017cej 5 minut, b\u0142\u0119dnie odebranej grupy kontrolnej.<\/p>\n<p><strong><span style=\"color: #ff00ff;\">Nagrody<\/span> <\/strong>w kategoriach:<br \/>\n\ue008 \u2013 za pierwsze miejsce, puchar lub statuetka oraz nagroda<br \/>\n\ue008 \u2013 za pierwsze 3 miejsca, dyplom papierowy<br \/>\n\ue008 \u2013 nagroda dodatkowa, w\u015br\u00f3d uczestnik\u00f3w, kt\u00f3rzy przeprowadzili wi\u0119cej ni\u017c 20 QSO w zawodach<br \/>\n(z wyj\u0105tkiem 1 miejsc w kategoriach) b\u0119dzie rozlosowana nagroda specjalna<br \/>\n\ue008 Dodatkowo za przeprowadzenie minimum 20 \u0142\u0105czno\u015bci, dyplom uczestnika w postaci pliku<br \/>\ndo wydruku (e-dyplom)<\/p>\n<p>Zawody Rybnickie b\u0119d\u0105 <span style=\"color: #0000ff;\">organizowane corocznie<\/span> przez OT 31 PZK we wsp\u00f3\u0142pracy z klubami w Rybnickim Oddziale Terenowym PZK. Decyzje organizator\u00f3w s\u0105 ostateczne i nie podlegaj\u0105 zaskar\u017ceniu.<br \/>\nRegulamin oraz wyniki b\u0119d\u0105 publikowane na stronie oddzia\u0142owej<br \/>\nhttp:\/\/ot31.pzk.org.pl oraz na portalu ZG PZK i LogSP.<br \/>\n<span style=\"color: #0000ff;\">Og\u0142oszenie wynik\u00f3w oraz rozdanie nagr\u00f3d<\/span> odb\u0119dzie si\u0119 w grudniu podczas corocznego spotkania kr\u00f3tkofalowc\u00f3w, organizowanego przez Klub Kr\u00f3tkofalowc\u00f3w SP9PRO przy SITG w Rybniku oraz Rybnicki Oddzia\u0142 Terenowy OT-31 PZK.<\/p>\n<p>Award Manager Jerzy SP5GEO roze\u015ble <span style=\"color: #0000ff;\">dyplomy dla zdobywc\u00f3w 3 pierwszych miejsc<\/span> w ka\u017cdej kategorii, ponadto dyplomy uczestnictwa w postaci pliku do wydruku (e-dyplom) b\u0119dzie mo\u017cna pobra\u0107 na stronie <a href=\"https:\/\/logsp.pzk.org.pl\" target=\"_blank\" rel=\"noopener\"><strong>LogSP<\/strong><\/a><br \/>\nW imieniu Komisji Zawod\u00f3w edycji 2025 Gienek SQ9HZM<\/p>\n","protected":false},"excerpt":{"rendered":"<p>Regulamin Zawod\u00f3w Rybnickich\u00a0 2025 Organizator &#8211; Rybnicki Oddzia\u0142 Terenowy PZK (OT 31 PZK) Zawody s\u0105 organizowane dla wszystkich kr\u00f3tkofalowc\u00f3w z SP oraz dla przyjaci\u00f3\u0142 z zagranicy w celu popularyzacji naszego hobby oraz aktywizacji radioamator\u00f3w z Rybnickiego Okr\u0119gu Przemys\u0142owego na KF. Termin &#8211; 8 i 9 listopada 2025 r I tura [&hellip;]<\/p>\n","protected":false},"author":2,"featured_media":0,"parent":0,"menu_order":0,"comment_status":"closed","ping_status":"closed","template":"","meta":{"_themeisle_gutenberg_block_has_review":false,"footnotes":""},"class_list":["post-464","page","type-page","status-publish","hentry"],"aioseo_notices":[],"_links":{"self":[{"href":"https:\/\/ot31.pzk.org.pl\/index.php\/wp-json\/wp\/v2\/pages\/464","targetHints":{"allow":["GET"]}}],"collection":[{"href":"https:\/\/ot31.pzk.org.pl\/index.php\/wp-json\/wp\/v2\/pages"}],"about":[{"href":"https:\/\/ot31.pzk.org.pl\/index.php\/wp-json\/wp\/v2\/types\/page"}],"author":[{"embeddable":true,"href":"https:\/\/ot31.pzk.org.pl\/index.php\/wp-json\/wp\/v2\/users\/2"}],"replies":[{"embeddable":true,"href":"https:\/\/ot31.pzk.org.pl\/index.php\/wp-json\/wp\/v2\/comments?post=464"}],"version-history":[{"count":28,"href":"https:\/\/ot31.pzk.org.pl\/index.php\/wp-json\/wp\/v2\/pages\/464\/revisions"}],"predecessor-version":[{"id":2009,"href":"https:\/\/ot31.pzk.org.pl\/index.php\/wp-json\/wp\/v2\/pages\/464\/revisions\/2009"}],"wp:attachment":[{"href":"https:\/\/ot31.pzk.org.pl\/index.php\/wp-json\/wp\/v2\/media?parent=464"}],"curies":[{"name":"wp","href":"https:\/\/api.w.org\/{rel}","templated":true}]}}