{"id":2160,"date":"2025-10-18T14:53:22","date_gmt":"2025-10-18T12:53:22","guid":{"rendered":"https:\/\/ot31.pzk.org.pl\/?page_id=2160"},"modified":"2025-10-18T15:06:59","modified_gmt":"2025-10-18T13:06:59","slug":"postac-andrzeja-sp9n","status":"publish","type":"page","link":"https:\/\/ot31.pzk.org.pl\/index.php\/postac-andrzeja-sp9n\/","title":{"rendered":"Posta\u0107 Andrzeja SP9N"},"content":{"rendered":"<p><span style=\"color: #000080;\"><strong>Par\u0119 s\u0142\u00f3w o swoich pocz\u0105tkach w kr\u00f3tkofalarstwie oraz przedstawienie osi\u0105gni\u0119\u0107 &#8211; to tre\u015b\u0107 artyku\u0142u w &#8222;\u015awiecie Radio&#8221; z numeru stycze\u0144-luty 2024 r.<\/strong><\/span><\/p>\n<p><span style=\"color: #800080;\"><strong><em>Artyku\u0142 <a href=\"https:\/\/ot31.pzk.org.pl\/wp-content\/uploads\/2025\/10\/postac_SP9N.pdf\" rel=\"noopener\" target=\"_blank\"><strong><span style=\"color: #ff0000;\">do obejrzenia<\/span><\/strong><\/a> w naszych zasobach.<\/em><\/strong><\/span><\/p>\n<p><a href=\"https:\/\/ot31.pzk.org.pl\/index.php\/pisali-o-nas\/\">powr\u00f3t<\/a><\/p>\n","protected":false},"excerpt":{"rendered":"<p>Par\u0119 s\u0142\u00f3w o swoich pocz\u0105tkach w kr\u00f3tkofalarstwie oraz przedstawienie osi\u0105gni\u0119\u0107 &#8211; to tre\u015b\u0107 artyku\u0142u w &#8222;\u015awiecie Radio&#8221; z numeru stycze\u0144-luty 2024 r. Artyku\u0142 do obejrzenia w naszych zasobach. powr\u00f3t<\/p>\n","protected":false},"author":2,"featured_media":0,"parent":0,"menu_order":0,"comment_status":"closed","ping_status":"closed","template":"","meta":{"_themeisle_gutenberg_block_has_review":false,"footnotes":""},"class_list":["post-2160","page","type-page","status-publish","hentry"],"aioseo_notices":[],"_links":{"self":[{"href":"https:\/\/ot31.pzk.org.pl\/index.php\/wp-json\/wp\/v2\/pages\/2160","targetHints":{"allow":["GET"]}}],"collection":[{"href":"https:\/\/ot31.pzk.org.pl\/index.php\/wp-json\/wp\/v2\/pages"}],"about":[{"href":"https:\/\/ot31.pzk.org.pl\/index.php\/wp-json\/wp\/v2\/types\/page"}],"author":[{"embeddable":true,"href":"https:\/\/ot31.pzk.org.pl\/index.php\/wp-json\/wp\/v2\/users\/2"}],"replies":[{"embeddable":true,"href":"https:\/\/ot31.pzk.org.pl\/index.php\/wp-json\/wp\/v2\/comments?post=2160"}],"version-history":[{"count":4,"href":"https:\/\/ot31.pzk.org.pl\/index.php\/wp-json\/wp\/v2\/pages\/2160\/revisions"}],"predecessor-version":[{"id":2167,"href":"https:\/\/ot31.pzk.org.pl\/index.php\/wp-json\/wp\/v2\/pages\/2160\/revisions\/2167"}],"wp:attachment":[{"href":"https:\/\/ot31.pzk.org.pl\/index.php\/wp-json\/wp\/v2\/media?parent=2160"}],"curies":[{"name":"wp","href":"https:\/\/api.w.org\/{rel}","templated":true}]}}