{"id":2126,"date":"2025-09-28T17:22:52","date_gmt":"2025-09-28T15:22:52","guid":{"rendered":"https:\/\/ot31.pzk.org.pl\/?page_id=2126"},"modified":"2025-10-18T15:02:27","modified_gmt":"2025-10-18T13:02:27","slug":"aktywnosc-wojciecha-sp9pt-z-kanady-w-1974-r","status":"publish","type":"page","link":"https:\/\/ot31.pzk.org.pl\/index.php\/aktywnosc-wojciecha-sp9pt-z-kanady-w-1974-r\/","title":{"rendered":"Aktywno\u015b\u0107 Wojciecha SP9PT z Kanady w 1974 r."},"content":{"rendered":"<p><span style=\"color: #333399;\"><strong>W &#8222;\u015awiat Radio&#8221; na wrzesie\u0144 i pa\u017adziernik 2025 ukaza\u0142 si\u0119 historyczny artyku\u0142 autorstwa Wojciecha SP9PT &#8211; naszego kolegi oddzia\u0142owego &#8211; opisuj\u0105cy polsk\u0105 wypraw\u0119 alpinistyczn\u0105 w g\u00f3ry Alaski i Kanady z udzia\u0142em autora w 1974 roku. By\u0142a to wyprawa, kt\u00f3ra da\u0142a zacz\u0105tek wyprawom kr\u00f3tkofalarskim DX z udzia\u0142em polskiego kr\u00f3tkofalowca. Zach\u0119camy do lektury ww. artyku\u0142u, gdy\u017c jest to historia kt\u00f3r\u0105 warto przypomina\u0107.<\/strong><\/span><\/p>\n<p><span style=\"color: #800080;\"><strong><em>Opublikowany artyku\u0142 (cztery strony) niniejszym <a href=\"https:\/\/ot31.pzk.org.pl\/wp-content\/uploads\/2025\/09\/alaska74.pdf\" rel=\"noopener\" target=\"_blank\"><strong><span style=\"color: #ff0000;\">udost\u0119pniamy<\/span><\/strong><\/a> do lektury; plik PDF mo\u017cna \u015bci\u0105gn\u0105\u0107. <\/em><\/strong><\/span><\/p>\n<p><span style=\"color: #800080;\"><strong><em>Jednocze\u015bnie informuj\u0119, \u017ce znalaz\u0142y si\u0119 tam dwa b\u0142\u0119dy edytorskie redakcji:<\/em><\/strong><\/span><\/p>\n<ul>\n<li><strong>radiowy znak Wojtka to SP9PT\/<span style=\"color: #ff6600;\">VE8<\/span><\/strong><\/li>\n<li><strong>w opisie postaci na zdj\u0119ciu, przekr\u0119cono nazwisko uczestnika, Adama <span style=\"color: #ff6600;\">Zyzaka<\/span><\/strong><\/li>\n<\/ul>\n<p><span style=\"color: #800080;\"><em><strong>Od wyprawy up\u0142yn\u0119\u0142o ju\u017c ponad 50 lat ale tekst nadal przywo\u0142uje emocje.<\/strong><\/em><\/span><\/p>\n<p><a href=\"https:\/\/ot31.pzk.org.pl\/index.php\/pisali-o-nas\/\">powr\u00f3t<\/a><\/p>\n","protected":false},"excerpt":{"rendered":"<p>W &#8222;\u015awiat Radio&#8221; na wrzesie\u0144 i pa\u017adziernik 2025 ukaza\u0142 si\u0119 historyczny artyku\u0142 autorstwa Wojciecha SP9PT &#8211; naszego kolegi oddzia\u0142owego &#8211; opisuj\u0105cy polsk\u0105 wypraw\u0119 alpinistyczn\u0105 w g\u00f3ry Alaski i Kanady z udzia\u0142em autora w 1974 roku. By\u0142a to wyprawa, kt\u00f3ra da\u0142a zacz\u0105tek wyprawom kr\u00f3tkofalarskim DX z udzia\u0142em polskiego kr\u00f3tkofalowca. Zach\u0119camy do [&hellip;]<\/p>\n","protected":false},"author":2,"featured_media":0,"parent":0,"menu_order":0,"comment_status":"closed","ping_status":"closed","template":"","meta":{"_themeisle_gutenberg_block_has_review":false,"footnotes":""},"class_list":["post-2126","page","type-page","status-publish","hentry"],"aioseo_notices":[],"_links":{"self":[{"href":"https:\/\/ot31.pzk.org.pl\/index.php\/wp-json\/wp\/v2\/pages\/2126","targetHints":{"allow":["GET"]}}],"collection":[{"href":"https:\/\/ot31.pzk.org.pl\/index.php\/wp-json\/wp\/v2\/pages"}],"about":[{"href":"https:\/\/ot31.pzk.org.pl\/index.php\/wp-json\/wp\/v2\/types\/page"}],"author":[{"embeddable":true,"href":"https:\/\/ot31.pzk.org.pl\/index.php\/wp-json\/wp\/v2\/users\/2"}],"replies":[{"embeddable":true,"href":"https:\/\/ot31.pzk.org.pl\/index.php\/wp-json\/wp\/v2\/comments?post=2126"}],"version-history":[{"count":8,"href":"https:\/\/ot31.pzk.org.pl\/index.php\/wp-json\/wp\/v2\/pages\/2126\/revisions"}],"predecessor-version":[{"id":2164,"href":"https:\/\/ot31.pzk.org.pl\/index.php\/wp-json\/wp\/v2\/pages\/2126\/revisions\/2164"}],"wp:attachment":[{"href":"https:\/\/ot31.pzk.org.pl\/index.php\/wp-json\/wp\/v2\/media?parent=2126"}],"curies":[{"name":"wp","href":"https:\/\/api.w.org\/{rel}","templated":true}]}}