{"id":1667,"date":"2024-01-28T03:23:25","date_gmt":"2024-01-28T02:23:25","guid":{"rendered":"https:\/\/ot31.pzk.org.pl\/?page_id=1667"},"modified":"2024-01-29T21:34:49","modified_gmt":"2024-01-29T20:34:49","slug":"rozmowa-z-adamem-grzenia-sq9s","status":"publish","type":"page","link":"https:\/\/ot31.pzk.org.pl\/index.php\/rozmowa-z-adamem-grzenia-sq9s\/","title":{"rendered":"Rozmowa z Adamem Grzeni\u0105 SQ9S"},"content":{"rendered":"<p><span style=\"color: #993300;\"><em><strong>Pozosta\u0142o mi 17 podmiot\u00f3w do pe\u0142nej listy DXCC<\/strong><\/em><\/span><\/p>\n<p><em><strong><span style=\"color: #800080;\">Jedn\u0105 z form kr\u00f3tkofalarskiego hobby s\u0105 starty w zawodach krajowych oraz mi\u0119dzynarodowych czy uczestnictwo w r\u00f3\u017cnego rodzaju programach dyplomowych. Mi\u0119dzy innymi na te tematy, rozmawiamy dzi\u015b z Adamem Grzeni\u0105 SQ9S.<\/span><\/strong><\/em><\/p>\n<p><strong><span style=\"color: #0000ff;\">Adam SQ9S<\/span>: Na imi\u0119 mam Adam i mieszkam w ma\u0142ym mie\u015bcie Psz\u00f3w w powiecie wodzislawskim. Radiem zainteresowa\u0142em si\u0119 stosunkowo szybko, bo w wieku 12 lat. Pierwsz\u0105 swoj\u0105 \u0142\u0105czno\u015b\u0107 datuj\u0119 na 1994 rok, gdzie w\u00f3wczas w pasmie CB na stacji mojego brata przeprowadzi\u0142em swoj\u0105 pierwsz\u0105 \u0142\u0105czno\u015b\u0107. Ju\u017c wtedy z\u0142apa\u0142em bakcyla i ka\u017cd\u0105 woln\u0105 chwil\u0119 sp\u0119dza\u0142em przy radiu. <\/strong><\/p>\n<p><strong><span style=\"color: #0000ff;\">Red.<\/span>: A w jakich okoliczno\u015bciach dowiedzia\u0142e\u015b si\u0119 o kr\u00f3tkofalarskim hobby?<\/strong><br \/>\n<strong><span style=\"color: #0000ff;\">SQ9S<\/span>: O kr\u00f3tkofalarstwie dowiedzia\u0142em si\u0119 podczas Dni Pszowa w 1998 roku, kiedy to moi obecni koledzy z Klubu Kr\u00f3tkofalowc\u00f3w SP9PKM wystawiali sprz\u0119t i robili r\u00f3\u017cnego rodzaju \u0142\u0105czno\u015bci i prelekcje. Pami\u0119tam QSO z misjonarzem z Kamerunu. To by\u0142o co\u015b! Od tamtego czasu wszystko si\u0119 zmieni\u0142o. Wst\u0105pi\u0142em do Klubu SP9PKM. Tam przeprowadzi\u0142em pierwsze \u0142\u0105czno\u015bci pod znakiem klubowym na home made SP5WW zbudowanym przez J\u00f3zefa SP9HVW pod okiem Jurka SP9FUC, Antoniego SP9FRZ (SK) oraz Gienka SQ9HZM. Krotko po tym wyst\u0105pi\u0142em o znak nas\u0142uchowy, gdzie w Rybnickim Oddziale Terenowym 31 PZK otrzyma\u0142em z r\u0105k \u00f3wczesnego prezesa SP9FRZ sw\u00f3j znak SP9-31013 i wst\u0105pi\u0142em do Polskiego Zwi\u0105zku Kr\u00f3tkofalowc\u00f3w.<\/strong><br \/>\n<strong><span style=\"color: #0000ff;\">Red.<\/span>: Jak wygl\u0105da\u0142a Twoja dzia\u0142alno\u015b\u0107 nas\u0142uchowa?<\/strong><br \/>\n<strong><span style=\"color: #0000ff;\">SQ9S<\/span>: Przy pomocy koleg\u00f3w klubowych zakupi\u0142em odbiornik lampowy R311 i zacz\u0105\u0142em przeprowadza\u0107 pierwsze nas\u0142uchy, g\u0142\u00f3wnie w pasmie 80 m. Troch\u0119 p\u00f3\u017aniej przyszed\u0142 czas na inne pasma i zbieranie DXCC.<\/strong><br \/>\n<strong>Wys\u0142a\u0142em oko\u0142o 5000 kart SWL, z czego potwierdzi\u0142o mi si\u0119 ponad 150 podmiot\u00f3w DXCC. Pami\u0119tam swoj\u0105 pierwsz\u0105 otrzyman\u0105 kart\u0119 QSL direct. By\u0142a to karta prezesa Ryszarda SP3CUG, bylem z tego bardzo dumny. Jeszcze jako nas\u0142uchowiec pod znakiem klubowym SP9PKM bra\u0142em udzia\u0142 w SP DX Contest oraz Pr\u00f3bach Subregionalnych na UKF z g\u00f3ry Skrzyczne. Po zawodach by\u0142 prze\u0142om, podj\u0105\u0142em decyzj\u0119, \u017ce musz\u0119 pojecha\u0107 w ko\u0144cu na egzamin.<\/strong><br \/>\n<strong><span style=\"color: #0000ff;\">Red.<\/span>: Kiedy uzyska\u0142e\u015b swoje uprawnienia radiooperatora?<\/strong><br \/>\n<strong><span style=\"color: #0000ff;\">SQ9S<\/span>: W listopadzie 2003 r. w Siemianowicach \u015al\u0105skich zda\u0142em egzamin i 29 grudnia 2003 r. otrzyma\u0142em wymarzone pozwolenie oraz znak SQ9JKS. Zaraz po tym, na pocz\u0105tku stycznia 2004 r. uruchomi\u0142em si\u0119 na pasmach. W zale\u017cno\u015bci od wolnego czasu pracuj\u0119 na wszystkich pasmach i wszystkimi emisjami.<\/strong><br \/>\n<strong><span style=\"color: #0000ff;\">Red.<\/span>: Opowiedz, prosz\u0119, o swoich osi\u0105gni\u0119ciach na pa\u015bmie, a tak\u017ce o wst\u0105pieniu do zespo\u0142u SN0HQ.<\/strong><br \/>\n<strong><span style=\"color: #0000ff;\">SQ9S<\/span>: Dzi\u0119ki dobrej propagacji tropo na UKF zdobywam sw\u00f3j pierwszy Dyplom POLSKA wyd. przez Award Managera PZK Augustyna SP6BOW. W 2005 roku zosta\u0142em zaproszony na stacj\u0119 contestow\u0105 \u015bp. Piotra SP9QMP i pierwszy raz wystartowa\u0142em pod znakiem SNOHQ. W zespole SNOHQ jestem nadal. Kr\u00f3tko po tym dosta\u0142em powo\u0142anie do wojska i wyjecha\u0142em do Torunia i \u017bagania.<\/strong><br \/>\n<strong>Odbywaj\u0105c zasadnicz\u0105 s\u0142u\u017cb\u0119 wojskow\u0105 w Toruniu, mia\u0142em przyjemno\u015b\u0107 odwiedzi\u0107 koleg\u00f3w \u015bp. Jerzego SP2PI oraz Jana SP2BMX. Do dzi\u015b pami\u0119tam QSO na stacji SP2BMX z koleg\u0105 Kazikiem HBO\/ SP2FAX. Pozosta\u0142y mile wspomnienia.<\/strong><br \/>\n<strong><span style=\"color: #0000ff;\">Red.<\/span>: Czy po zako\u0144czeniu s\u0142u\u017cby wojskowej od razu zmieni\u0142e\u015b znak z SQ9JKS na SQ9S?<\/strong><br \/>\n<strong><span style=\"color: #0000ff;\">SQ9S<\/span>: Po powrocie do cywila do 2015 r. systematycznie nadawa\u0142em pod znakami contestowymi SO9Q, HF9Q (SP9YDX), SO9S (SP9PRO), SN9D (SP9PZD), SN9J (SP9PKM) w r\u00f3\u017cnego rodzaju zawodach mi\u0119dzynarodowych na KF i UKF, zajmuj\u0105c w kategoriach Multi Operator czo\u0142owe lokaty. Wygrali\u015bmy Mistrzostwo Intercontest KF w kategorii MO MIXED w latach 2007-2010, 2012-2015. W 2011 roku \u015bp. SP9QMP pracowa\u0142 indywidualnie i r\u00f3wnie\u017c wygra\u0142 w swojej kategorii. W 2010 r. z okazji 80-lecia Polskiego Zwi\u0105zku Kr\u00f3tkofalowc\u00f3w u\u017cywa\u0142em znaku SQ80JKS pod kt\u00f3rym przeprowadzi\u0142em oko\u0142o 2500 QSO. Pod koniec 2013 r. podj\u0105\u0142em decyzj\u0119 o skr\u00f3ceniu swojego znaku wywo\u0142awczego na SQ9S i tak w dniu 9 stycznia 2014 r. nowe pozwolenie mia\u0142em w domu.<\/strong><br \/>\n<strong><span style=\"color: #0000ff;\">Red.<\/span>: Kiedy zosta\u0142e\u015b cz\u0142onkiem SP DX Club i czym si\u0119 zajmujesz w tym stowarzyszeniu?<\/strong><br \/>\n<strong><span style=\"color: #0000ff;\">SQ9S<\/span>: Od 2012 r. nalez\u0119 do Stowarzyszenia Mi\u0142o\u015bnik\u00f3w Dalekosi\u0119\u017cnych \u0141\u0105cznosci Radiowych SP DX Club. Rekomendacje otrzyma\u0142em od Wojciecha SP9PT oraz Piotra SP9QMP (SK), za kt\u00f3re jestem bardzo wdzi\u0119czny i bardzo dzi\u0119kuj\u0119. Postaci SP9PT i SP9QMP nie trzeba nikomu przedstawia\u0107. Jest to dla mnie naprawd\u0119 zaszczyt i du\u017ce wyr\u00f3\u017cnienie.<\/strong><br \/>\n<strong>W lutym 2019 roku zosta\u0142em jednym z administrator\u00f3w strony internetowej SP DX Clubu. Za namow\u0105 Tomka SP5UAF od oko\u0142o dw\u00f3ch lat w ka\u017cdy poniedzia\u0142ek na potrzeby SP DX Clubu redaguj\u0119 wiadomo\u015bci DX-owe, kt\u00f3re nast\u0119pnie publikowane s\u0105 w \u015brodowych komunikatach PZK.<\/strong><br \/>\n<strong><span style=\"color: #0000ff;\">Red.<\/span>: Jak mowa o SP DX Clubie, to podaj, prosz\u0119, jaki jest Tw\u00f3j stan osi\u0105gni\u0119\u0107 DXCC i jak\u0105 preferujesz emisj\u0119 w zdobywaniu DX-\u00f3w?<\/strong><br \/>\n<strong><span style=\"color: #0000ff;\">SQ9S<\/span>: Na chwil\u0119 obecn\u0105 m\u00f3j stan osi\u0105gni\u0119\u0107 DXCC to 323\/323. Do ko\u0144ca listy ju\u017c tak ma\u0142o, a zarazem tak daleko! Moj\u0105 ulubion\u0105 emisj\u0105 jest telegrafia. Dodam, \u017ce nale\u017c\u0119 do wielu stowarzysze\u0144, klub\u00f3w i grup. Mi\u0119dzy innymi CWOps, FISTS, AGCW, SKCC, wszystkie mo\u017cna zobaczy\u0107 na mojej stronie sq9s.pzk.pl. W ka\u017cdym z ww. klub\u00f3w staram si\u0119 bra\u0107 aktywny udzia\u0142, czy to u\u017cywaj\u0105c znak\u00f3w okoliczno\u015bciowych, czy bior\u0105c udzia\u0142 w zawodach, czy te\u017c w innych akcjach, dyplomach.<\/strong><br \/>\n<strong><span style=\"color: #0000ff;\">Red.<\/span>: Czy uczestniczysz w r\u00f3\u017cnych zjazdach lub spotkaniach kr\u00f3tkofalarskich, a mo\u017ce wyprawach?<\/strong><br \/>\n<strong><span style=\"color: #0000ff;\">SQ9S<\/span>: W swoim roku kalendarzowym mam zaznaczone dwie daty &#8211; jest to spotkanie kr\u00f3tkofalowc\u00f3w \u0141O\u015a oraz Zjazd SP DX Clubu. Je\u015bli nic nie krzy\u017cuje mi plan\u00f3w, staram si\u0119 bra\u0107 udzia\u0142 w ww. spotkaniach. Jak wi\u0119kszo\u015b\u0107 z nas, r\u00f3wnie\u017c i ja marzy\u0142em o jakiej\u015b wyprawie. \u017beby po\u0142\u0105czy\u0107 przyjemne z po\u017cytecznym, podj\u0105\u0142em decyzj\u0119, \u017ce musi to by\u0107 wypad holiday style, z kt\u00f3rego skorzysta te\u017c moja rodzina. Tym sposobem w 2017 r. pad\u0142a decyzja na chorwackie wyspy Vir i Pag IOTA EU-170. Podczas pobytu pod znakiem 9A\/SQ9S \u0142\u0105cznie przeprowadzi\u0142em oko\u0142o 500 QSO. Wiem, \u017ce nie jest to \u017caden wyczyn, jednak satysfakcja ogromna, zw\u0142aszcza jak wo\u0142aj\u0105 stacje SP Podczas pobytu na wyspie Pag mia\u0142em przyjemno\u015b\u0107 spotka\u0107 si\u0119 z kolegami Rado OM2ZZ i Broni OM2FY, kt\u00f3rzy r\u00f3wnie\u017c przyjechali na wakacje i startowali w IOTA Contest 2017. Bardzo mi\u0142o sp\u0119dzili\u015bmy popo\u0142udnie. Id\u0105c za ciosem rok p\u00f3\u017aniej 2018 ponownie wybra\u0142em kierunek na po\u0142udnie. Tym razem S\u0142owenia, sk\u0105d nadawa\u0142em jako S5\/SQ9S z miejscowo\u015bci \u0106ate\u017c ob Savi, oraz chorwacka wyspa Krk IOTA EU- 136. Zdj\u0119cia z tych aktywno\u015bci oraz statystyki \u0142\u0105czno\u015bci mo\u017cna zobaczy\u0107 na mojej ww. stronie.<\/strong><br \/>\n<strong><span style=\"color: #0000ff;\">Red.<\/span>: W jaki spos\u00f3b w\u0142\u0105czasz si\u0119 w dzia\u0142alno\u015b\u0107 PZK czy na rzecz lokalnego \u015brodowiska kr\u00f3tkofalarskiego?<\/strong><br \/>\n<strong><span style=\"color: #0000ff;\">SQ9S<\/span>: W listopadzie i grudniu 2018 r. u\u017cywa\u0142em znaku okoliczno\u015bciowego SQ100S z okazji stulecia odzyskania przez Polsk\u0119 niepodleg\u0142o\u015bci. W logu przyby\u0142o oko\u0142o 2500 QSO. Dzi\u0119kuj\u0119 Spike&#8217;owi SP9NJ za projekt karty QSL oraz prowadzenie strony logSP na potrzeby akcji dyplomowej. Od 2016 r. jestem sekretarzem Rybnickiego Oddzia\u0142u Terenowego PZK z siedzib\u0105 przy Miejskim O\u015brodku Kultury w Pszowie. Obecnie drug\u0105 kadencj\u0119. Jako ostatni oddzia\u0142 mamy comiesi\u0119czne gie\u0142dy kr\u00f3tkofalowc\u00f3w, na kt\u00f3re przyje\u017cd\u017ca bardzo du\u017co koleg\u00f3w i kole\u017canek, i na kt\u00f3re serdecznie zapraszam.<\/strong><br \/>\n<strong>Ponadto od 2020 r. prowadz\u0119 kalendarz zawod\u00f3w SP na stronie logSP<\/strong><br \/>\n<strong><span style=\"color: #0000ff;\">Red.<\/span>: Jakiego u\u017cywasz sprz\u0119tu nadawczo-odbiorczego i antenowego?<\/strong><br \/>\n<strong><span style=\"color: #0000ff;\">SQ9S<\/span>: Mieszkam w 4-pi\u0119trowym bloku, gdzie mam zainstalowan\u0105 anten\u0119 GP7 Waldka SP7GXP Na KF u\u017cywam Yaesu FT-2000, klucza Bencher BY-1 oraz interface&#8217;u produkcji SP3CHT. Na UKF mam Icoma 706MKIIG oraz Yagi 5 element\u00f3w na 2 m\/70 cm. Stosuje Logger32 do \u0142\u0105czno\u015bci codziennych i N1MM do zawod\u00f3w.<\/strong><br \/>\n<strong><span style=\"color: #0000ff;\">Red.<\/span>: Czy m\u00f3g\u0142by\u015b dokona\u0107 podsumowania swoich osi\u0105gni\u0119\u0107 na pasmach, np. w minionym roku?<\/strong><br \/>\n<strong><span style=\"color: #0000ff;\">SQ9S<\/span>: Podsumowuj\u0105c tylko rok 2020, przeprowadzi\u0142em 10690 QSO z czego 95,14% na CW, 2,87% SSB i 1,98% Digi, zgodnie z danymi Clublog. Mam potwierdzone 310 powiat\u00f3w do SPPA.<\/strong><br \/>\n<strong>Dodam, \u017ce nadawa\u0142em r\u00f3wnie\u017c w Mistrzostwach \u015awiata IARU HF pod znakiem SN0HQ na stacji Andrzeja SP9N. Obs\u0142ugiwali\u015bmy pasmo 80 m SSB i tu chce poinformowa\u0107, \u017ce po 11 latach wr\u00f3cili\u015bmy na podium! Uda\u0142o si\u0119 zdoby\u0107 3. miejsce zaraz po DA0HQ i TM0HQ. W czo\u0142\u00f3wce jest bardzo ciasno, ale to my mamy br\u0105z! Nale\u017c\u0105 si\u0119 du\u017ce gratulacje dla ca\u0142ego zespo\u0142u. Ponadto wsp\u00f3lnie z kolegami z klubu SP9PKM w kategorii MO-CW zdobyli\u015bmy pierwsze miejsce w SP Contest Maratonie w 2020 roku. Do ko\u0144ca listy DXCC pozosta\u0142o mi 17 podmiot\u00f3w, s\u0105 to takie rodzynki jak P5, 3Y\/B, FT5\/W, BS7H, CE0X, BV9P, KH7K, KH3, 3Y\/P, FT5\/X, VK0M, YV0, JD\/M, YK, CY0, ZK3, E5\/N. \u0141\u0105cznie pod znakiem indywidualnym w swoim dzienniku mam ok. 64 000 QSO.<\/strong><br \/>\n<strong><span style=\"color: #0000ff;\">Red.<\/span>: Jak reaguje rodzina na Twoj\u0105 prac\u0119 (siedzenie) przy radiostacji?<\/strong><br \/>\n<strong><span style=\"color: #0000ff;\">SQ9S:<\/span> Bardzo dobre pytanie. Rodzina jest dla mnie najwa\u017cniejsza! Na pocz\u0105tek bardzo dzi\u0119kuje moim rodzicom, kt\u00f3rzy, kiedy jeszcze chodzi\u0142em do szko\u0142y, inwestowali w m\u00f3j sprz\u0119t, anteny i otworzyli mi drog\u0119 do kr\u00f3tkofalarstwa. Obecnie mam wspania\u0142\u0105 \u017con\u0119 Magdalen\u0119, kt\u00f3ra bardzo wspiera mnie w tym, co robi\u0119, pomimo \u017ce nie interesuje j\u0105 nasze hobby, oraz dw\u00f3ch wspania\u0142ych syn\u00f3w Paw\u0142a, lat 10 i Aleksandra, lat 6. Licz\u0119, \u017ce kiedy\u015b i oni z\u0142api\u0105 bakcyla kr\u00f3tkofalarstwa jak ja (\u015bmiech). Og\u00f3lnie ci\u0119\u017cko pogodzi\u0107 \u017cycie zawodowe, rodzinne i pasje, czasu jest bardzo ma\u0142o, ale daj\u0119 rad\u0119. Jak za d\u0142ugo siedz\u0119 przy radiostacji, \u017cona czasami grozi wy\u0142\u0105czeniem bezpiecznik\u00f3w, jednak jest bardzo wyrozumia\u0142a, a ja doskonale wiem, \u017ce tego nadu\u017cywam. Dzi\u0119kuj\u0119 Ci, skarbie!<\/strong><br \/>\n<strong><span style=\"color: #0000ff;\">Red.<\/span>: Czy lubisz konstruowa\u0107 sprz\u0119t nadawczo-odbiorczy i co ew. samodzielnie zbudowa\u0142e\u015b?<\/strong><br \/>\n<strong><span style=\"color: #0000ff;\">SQ9S<\/span>: Pomimo \u017ce mam wykszta\u0142cenie elektryczne, nigdy nie pr\u00f3bowa\u0142em samodzielnie czego\u015b budowa\u0107. Pozwolenie radiowe otrzyma\u0142em w czasach, gdy nie by\u0142o problemu z zakupem sprz\u0119tu fabrycznego, dlatego nadaj\u0119 na takim sprz\u0119cie. Bardzo interesuj\u0119 si\u0119 r\u00f3wnie\u017c tematem QRP wi\u0119c nie wykluczam, \u017ce kiedy\u015b, mo\u017ce na emeryturze, zbuduj\u0119 takie urz\u0105dzenie z dost\u0119pnych kit\u00f3w.<\/strong><br \/>\n<strong><span style=\"color: #0000ff;\">Red.<\/span>: Co wg Ciebie nale\u017ca\u0142oby zrobi\u0107, aby przyci\u0105gn\u0105\u0107 wi\u0119cej m\u0142odzie\u017cy do naszego hobby?<\/strong><br \/>\n<strong><span style=\"color: #0000ff;\">SQ9S<\/span>: Jest to bardzo trudne i cz\u0119sto zadawane pytanie. Nie mam dobrej odpowiedzi, uwa\u017cam, \u017ce z tym hobby trzeba si\u0119 urodzi\u0107 i go w sobie odnale\u017a\u0107. Ale, tak jak w moim przypadku, przede wszystkim r\u00f3\u017cnego rodzaju prelekcje stacji klubowych na dniach miasta, do\u017cynkach itp., oraz odwiedziny w szko\u0142ach podstawowych, \u015brednich. Pokaz r\u00f3\u017cnego rodzaju \u0142\u0105czno\u015bci, od standardowych na falach kr\u00f3tkich, przez UKF, CW, FT8, DMR, Echolink zw\u0142aszcza te dwa ostatnie z wykorzystaniem smartfon\u00f3w mog\u0105 pobudzi\u0107 wyobra\u017ani\u0119 m\u0142odzie\u017cy, a na KF trafi\u0107 ju\u017c p\u00f3\u017aniej. Nowocze\u015bnie mo\u017cna pr\u00f3bowa\u0107 poprzez media spo\u0142eczno\u015bciowe m.in. Facebook, YouTube.<\/strong><br \/>\n<strong><span style=\"color: #0000ff;\">Red.<\/span>: Gratuluje dotychczasowych osi\u0105gni\u0119\u0107. Dzi\u0119kuj\u0119 za rozmow\u0119 i \u017cycz\u0119 spe\u0142nienia marze\u0144, nie tylko w naszym kr\u00f3tkofalarskim hobby.<\/strong><br \/>\n<strong><span style=\"color: #0000ff;\">SQ9S<\/span>: R\u00f3wnie\u017c dzi\u0119kuj\u0119 za rozmow\u0119. Pozdrawiam Czytelnik\u00f3w \u201e\u015awiata Radio&#8221; i do us\u0142yszenia na pasmach!<\/strong><\/p>\n<p>&nbsp;<\/p>\n<pre>Z Adamem Grzeni\u0105 SQ9S rozmawia\u0142 Andrzej Janeczek SP5AHT<\/pre>\n<p>&nbsp;<\/p>\n<p><a href=\"https:\/\/ot31.pzk.org.pl\/index.php\/pisali-o-nas\/\">powr\u00f3t<\/a><\/p>\n","protected":false},"excerpt":{"rendered":"<p>Pozosta\u0142o mi 17 podmiot\u00f3w do pe\u0142nej listy DXCC Jedn\u0105 z form kr\u00f3tkofalarskiego hobby s\u0105 starty w zawodach krajowych oraz mi\u0119dzynarodowych czy uczestnictwo w r\u00f3\u017cnego rodzaju programach dyplomowych. Mi\u0119dzy innymi na te tematy, rozmawiamy dzi\u015b z Adamem Grzeni\u0105 SQ9S. Adam SQ9S: Na imi\u0119 mam Adam i mieszkam w ma\u0142ym mie\u015bcie Psz\u00f3w [&hellip;]<\/p>\n","protected":false},"author":2,"featured_media":0,"parent":0,"menu_order":0,"comment_status":"closed","ping_status":"closed","template":"","meta":{"_themeisle_gutenberg_block_has_review":false,"footnotes":""},"class_list":["post-1667","page","type-page","status-publish","hentry"],"aioseo_notices":[],"_links":{"self":[{"href":"https:\/\/ot31.pzk.org.pl\/index.php\/wp-json\/wp\/v2\/pages\/1667","targetHints":{"allow":["GET"]}}],"collection":[{"href":"https:\/\/ot31.pzk.org.pl\/index.php\/wp-json\/wp\/v2\/pages"}],"about":[{"href":"https:\/\/ot31.pzk.org.pl\/index.php\/wp-json\/wp\/v2\/types\/page"}],"author":[{"embeddable":true,"href":"https:\/\/ot31.pzk.org.pl\/index.php\/wp-json\/wp\/v2\/users\/2"}],"replies":[{"embeddable":true,"href":"https:\/\/ot31.pzk.org.pl\/index.php\/wp-json\/wp\/v2\/comments?post=1667"}],"version-history":[{"count":14,"href":"https:\/\/ot31.pzk.org.pl\/index.php\/wp-json\/wp\/v2\/pages\/1667\/revisions"}],"predecessor-version":[{"id":1682,"href":"https:\/\/ot31.pzk.org.pl\/index.php\/wp-json\/wp\/v2\/pages\/1667\/revisions\/1682"}],"wp:attachment":[{"href":"https:\/\/ot31.pzk.org.pl\/index.php\/wp-json\/wp\/v2\/media?parent=1667"}],"curies":[{"name":"wp","href":"https:\/\/api.w.org\/{rel}","templated":true}]}}