{"id":1656,"date":"2024-01-28T02:30:05","date_gmt":"2024-01-28T01:30:05","guid":{"rendered":"https:\/\/ot31.pzk.org.pl\/?page_id=1656"},"modified":"2024-01-28T03:07:15","modified_gmt":"2024-01-28T02:07:15","slug":"rozmowa-z-romanem-pustolka-sp9ru","status":"publish","type":"page","link":"https:\/\/ot31.pzk.org.pl\/index.php\/rozmowa-z-romanem-pustolka-sp9ru\/","title":{"rendered":"Rozmowa z Romanem Pusto\u0142k\u0105 SP9RU"},"content":{"rendered":"<p><span style=\"color: #993300;\"><em><strong>Moja przygoda kr\u00f3tkofalarska<\/strong><\/em><\/span><\/p>\n<p><span style=\"color: #800080;\"><strong>Aktualnie, w dobie Internetu i wszechobecnych telefon\u00f3w kom\u00f3rkowych, tradycyjne kr\u00f3tkofalarstwo mo\u017ce wydawa\u0107 si\u0119 czym\u015b przestarza\u0142ym i niepraktycznym. Wielu nestor\u00f3w kr\u00f3tkofalarstwa z sentymentem przypomina swoje zafascynowanie radiem i \u0142\u0105czno\u015bci na pasmach amatorskich w minionym wieku. Dzi\u015b na te tematy rozmawiamy z Romanem SP9RU z Rybnika.<\/strong><\/span><\/p>\n<p><strong><span style=\"color: #0000ff;\">Redakcja<\/span>: Kiedy i jak zacz\u0119\u0142o si\u0119 Twoje zainteresowanie radiem?<\/strong><\/p>\n<p><strong>Roman Pusto\u0142ka <span style=\"color: #0000ff;\">SP9RU<\/span>: Moje zainteresowanie radiem mia\u0142o miejsce ju\u017c w dzieci\u0144stwie w roku 1938, kiedy to ojciec zakupi\u0142 w firmie Maya pi\u0119ciolampowe radio Philips za 458 z\u0142 &#8211; oczywi\u015bcie na raty. Kiedy fachowcy przyszli zainstalowa\u0107 anten\u0119 i uziemienie, to przy tej okazji otworzyli zakupione radio i zobaczy\u0142em tam przer\u00f3\u017cne elementy. Zapyta\u0142em, co to wszystko jest &#8211; fachowcy mi odpowiedzieli, \u017ce s\u0105 tam ma\u0142e muzykanty, co graj\u0105 i \u201egodaj\u0105&#8221;. Oczywi\u015bcie taka odpowied\u017a mnie nie zadawala\u0142a i do tego pytania stale wraca\u0142em &#8211; pytaj\u0105c o wyja\u015bnienie w gronie znajomych. Niewiele mogli mi jednak oni powiedzie\u0107.<\/strong><\/p>\n<p><strong><span style=\"color: #0000ff;\">Red.<\/span>: Kto zatem wyja\u015bni\u0142 Ci dzia\u0142anie radia?<\/strong><\/p>\n<p><strong><span style=\"color: #0000ff;\">SP9RU<\/span>: Dopiero w czasie wojny, kiedy to wszystkie radia by\u0142y po- odbierane u mojego wujka Bernarda (z\u0142ota r\u0105czka), kiedy go kiedy\u015b \u201ezasz\u0142ym&#8221; \u015bl\u0119cz\u0105cego w skupieniu ze s\u0142uchawkami na uszach, dowiedzia\u0142em si\u0119 co\u015b wi\u0119cej o tym dziwnym radiu. Wujek mi to wszystko wyja\u015bni\u0142 i przy jego pomocy sam zrobi\u0142em sobie takie radio. By\u0142 to kryszta\u0142kowy odbiornik na s\u0142uchawki, z kt\u00f3rym nie rozstawa\u0142em si\u0119 przez wiele lat, jeszcze po wojnie na nim s\u0142ucha\u0142em po nocach i najcz\u0119\u015bciej zasypia\u0142em ze s\u0142uchawkami na uszach.<\/strong> <strong>Kiedy rozpocz\u0105\u0142em w 1947 r. nauk\u0119 w g\u00f3rniczej szkole przemys\u0142owej, to od pocz\u0105tku nie podoba\u0142 mi si\u0119 ten kierunek uczenia, bo chcia\u0142em si\u0119 uczy\u0107 na elektryka. Ale za spraw\u0105 naszej znajomej trafi\u0142em do warsztatu pana Klamy, kt\u00f3ry naprawia\u0142 stare radia i tam do niego po lekcjach w szkole chodzi\u0142em poznawa\u0107 tajniki radia. Pocz\u0105tkowo tylko odkurza\u0142em stare radia przyniesione do naprawy. Ale powoli poznawa\u0142em, co trzeba na pocz\u0105tku sprawdzi\u0107, kiedy radio nie gra. I tak przez 3 lata terminowania pozna\u0142em bardzo du\u017co z tej dla mnie bardzo ciekawej dziedziny. Szko\u0142y jednak nie zmieni\u0142em, bo z przemys\u0142owej szko\u0142y zrobili Gimnazjum Przemys\u0142owo &#8211; -G\u00f3rnicze i nauka w nim r\u00f3wnie\u017c by\u0142a coraz ciekawsza. <\/strong><\/p>\n<p><strong><span style=\"color: #0000ff;\">Red<\/span>.: W jaki spos\u00f3b wykorzystywa\u0142e\u015b swoje zainteresowania w g\u00f3rnictwie?<\/strong><\/p>\n<p><strong><span style=\"color: #0000ff;\">SP9RU<\/span>: Najbardziej lubi\u0142em elektrotechnik\u0119 i zawsze z tego przedmiotu mia\u0142em 5. Po sko\u0144czeniu szko\u0142y \u015bredniej &#8211; technikum g\u00f3rniczego, wybra\u0142em si\u0119 na studia do Krakowa na Wydzia\u0142 Geodezji G\u00f3rniczej, jako \u017ce w czasie praktyk wakacyjnych oraz tzw. roboczych, kt\u00f3re nieraz trwa\u0142y p\u00f3\u0142 roku, zapozna\u0142em si\u0119 z miernictwem g\u00f3rniczym. Zbieg okoliczno\u015bci sprawi\u0142, \u017ce jako 19-letni ucze\u0144 praktykant, przez tydzie\u0144 kierowa\u0142em ca\u0142ym dzia\u0142em mierniczym w kopalni i to z samym dyrektorem panem Koniecznym uzgadnia\u0142em kierunki prowadzenia wyrobisk. St\u0105d te\u017c uzasadnienie wybrania kierunku studi\u00f3w geodezji g\u00f3rniczej, zamiast zawsze dla mnie ciekawej elektrotechniki.<\/strong><\/p>\n<p><strong><span style=\"color: #0000ff;\">Red<\/span>.: Kiedy zetkn\u0105\u0142e\u015b si\u0119 z kr\u00f3tkofalarskim hobby?<\/strong><\/p>\n<p><strong><span style=\"color: #0000ff;\">SP9RU<\/span>: W czasie studi\u00f3w nie mia\u0142em okazji zetkn\u0105\u0107 si\u0119 z kr\u00f3tkofalarstwem, lecz zaraz po ich uko\u0144czeniu w roku 1957, kiedy przeczyta\u0142em w lokalnej prasie o prowadzonym przez LP\u017b kursie kr\u00f3tkofalarskim, to si\u0119 zg\u0142osi\u0142em. Nauka rozpocz\u0119\u0142a si\u0119 kursem telegrafii, co wymaga\u0142o obecno\u015bci na ka\u017cdym wyk\u0142adzie, czego jednak ze wzgl\u0119d\u00f3w s\u0142u\u017cbowych nie mog\u0142em dope\u0142ni\u0107 i po paru miesi\u0105cach przerwa\u0142em uczestnictwo w kursie.<\/strong><\/p>\n<p><strong><span style=\"color: #0000ff;\">Red<\/span>.: Kto pom\u00f3g\u0142 Ci zosta\u0107 kr\u00f3tkofalowcem?<\/strong><\/p>\n<p><strong><span style=\"color: #0000ff;\">SP9RU<\/span>: Los jednak mi sprzyja\u0142 i dziwnym jego trafem, dowiedzia\u0142em si\u0119 o m\u0142odym in\u017cynierze, kt\u00f3ry z wielkim zapa\u0142em uprawia kr\u00f3tkofalarstwo i mieszka niedaleko mojego s\u0142u\u017cbowego miejsca zamieszkania a kt\u00f3ry te\u017c z zawodu, jest r\u00f3wnie\u017c po studiach geodezji g\u00f3rniczej oraz pracuje w Kopalni Szczyg\u0142owice. Tote\u017c w jedn\u0105 z niedziel wybra\u0142em si\u0119 do niego z moim synem i tu u Wojciecha SP9PT zetkn\u0105\u0142em si\u0119 z prawdziwym kr\u00f3tkofalarstwem. Pami\u0119tam dok\u0142adnie, \u017ce Wojtek zademonstrowa\u0142 nam w kr\u00f3tkim czasie \u0142\u0105czno\u015bci po angielsku z Londynem, a potem zaraz po rosyjsku z Moskw\u0105 i po niemiecku z Berlinem- DL-em. To nas (mnie i syna) tak urzek\u0142o, \u017ce postanowili\u015bmy zosta\u0107 kr\u00f3tkofalowcami. By\u0142 to rok 1969. Od tego czasu zacz\u0105\u0142em odwiedza\u0107 kluby SP9ZAF oraz SP9PAE gdzie pozna\u0142em w\u00f3wczas wielu kr\u00f3tkofalowc\u00f3w. Zacz\u0105\u0142em gromadzi\u0107 sprz\u0119t oraz rozpocz\u0105\u0142em nauk\u0119 telegrafii u \u015bp. Edwarda SP9EK, a r\u00f3wnocze\u015bnie robi\u0142em nas\u0142uchy stacji i wysy\u0142a\u0142em nas\u0142uchowe karty QSL. M\u00f3j znak mia\u0142 nr. SP9-1980, a syna SP9-2063. Tu musz\u0119 doda\u0107, \u017ce m\u00f3j ojciec zosta\u0142 wyszkolony w wojsku jako telegrafista i niewykluczone, \u017ce co\u015b tam mi zosta\u0142o przekazane w genach.<\/strong><\/p>\n<p><strong><span style=\"color: #0000ff;\">Red<\/span>.: Kiedy uzyska\u0142e\u015b licencj\u0119 nadawcy i na na jakim sprz\u0119cie rozpocz\u0105\u0142e\u015b prac\u0119 na pasmach radiowych?<\/strong> <strong><span style=\"color: #0000ff;\">SP9RU<\/span>: Z ko\u0144cem 1969 r. zda\u0142em egzamin na licencj\u0119 kr\u00f3tkofalowca i wiosn\u0105 1970 roku otrzyma\u0142em sw\u00f3j znak wywo\u0142awczy. Ze wzgl\u0119du na m\u00f3j ju\u017c starszy wiek przydzielono mi znak dwuliterowy SP9RU i odt\u0105d zacz\u0119\u0142a si\u0119 moja prawdziwa przygoda kr\u00f3tkofalowca.<\/strong> <strong>Mieszka\u0142em w\u00f3wczas w Nieobczycach przy ul. Barbary 2, anten\u0119 G5RV mia\u0142em na poddaszu, a pierwszym urz\u0105dzeniem by\u0142 prosty nadajnik w ko\u0144c\u00f3wce GU-50 z emisj\u0105 AM. Mimo tak skromnego nadajnika porobi\u0142em prawie wszystkie kraje europejskie, najcz\u0119\u015bciej pracowa\u0142em ze stacjami austriackimi w j\u0119zyku niemieckim, kt\u00f3ry chcia\u0142em sobie ugruntowa\u0107 w mowie i pi\u015bmie. Po przeprowadzonej \u0142\u0105czno\u015bci przewa\u017cnie karty wysy\u0142a\u0142em directem z kr\u00f3tkim li\u015bcikiem. Pozna\u0142em w\u00f3wczas wspania\u0142ego koleg\u0119 OE1KWA, Karola Wieslera z Wiednia. W czasie wymiany korespondencji i \u0142\u0105czno\u015bci zawsze poprawia\u0142 moje b\u0142\u0119dy gramatyczno-ortograficzne, pope\u0142nione w korespondencji listowej czy te\u017c w czasie \u0142\u0105czno\u015bci. W ten spos\u00f3b do\u015b\u0107 szybko moja znajomo\u015b\u0107 niemieckiego z lat szkolnych si\u0119 odnowi\u0142a i swobodnie zacz\u0105\u0142em prowadzi\u0107 w tym j\u0119zyku \u0142\u0105czno\u015bci. <\/strong><\/p>\n<p><strong><span style=\"color: #0000ff;\">Red<\/span>.: Co da\u0142o Ci kr\u00f3tkofalarstwo?<\/strong><\/p>\n<p><strong><span style=\"color: #0000ff;\">SP9RU<\/span>: Kr\u00f3tkofalarstwo by\u0142o dla mnie okazj\u0105 poznania wielu koleg\u00f3w z SP i zagranicy &#8211; z Anglii, Szwecji i Danii. Z kolei syn Edward jako 16-letni ch\u0142opak polecia\u0142 do Londynu i tam go odebra\u0142 na 3-miesi\u0119czne wakacje kr\u00f3tkofalowiec Tadeusz (znak G?).<\/strong> <strong>W p\u00f3\u017aniejszych latach 70. pojecha\u0142em na 3 tygodnie do Wiednia do OE1KWA, p\u00f3\u017aniej do Kopenhagi &#8211; OZ1WP, a stamt\u0105d do Szwecji. Wsz\u0119dzie na mnie czekali koledzy z tabliczk\u0105 SP9RU.<\/strong> <strong>P\u00f3\u017aniej w latach 80. pojecha\u0142em kilkakrotnie do Berlina &#8211; DL7NT i mojego szkolnego kolegi. Bra\u0142em r\u00f3wnie\u017c udzia\u0142 kilkakrotnie w spotkaniu tzw. Conveniatgruppe na Kreuzbergu i do dzi\u015b utrzymuj\u0119 z ni\u0105 kontakt (ostatnio by\u0142em tam w 2019 r.). R\u00f3wnie\u017c bior\u0119 udzia\u0142 w Internatonialwetterrundzie i sta\u0142em si\u0119 znawc\u0105 pogody, kt\u00f3r\u0105 lepiej przewiduj\u0119 ni\u017c nasze TV. Jako cz\u0142onek Zarz\u0105du SITG wystara\u0142em si\u0119 o fundusz na wykonanie nadajnika i odbiornika przez SP5HH i przywioz\u0142em te urz\u0105dzenia z Warszawy do naszego klubu SP9PRO.<\/strong><\/p>\n<p><strong><span style=\"color: #0000ff;\">Red<\/span>.: Przypomnij, prosz\u0119, histori\u0119 powstania Klubu Kr\u00f3tkofalowc\u00f3w SP9PRO w Rybniku.<\/strong><\/p>\n<p><strong><span style=\"color: #0000ff;\">SP9RU<\/span>: Klub Kr\u00f3tkofalowc\u00f3w SP9PRO przy Zarz\u0105dzie Rybnickiego Oddzia\u0142u Stowarzyszenie In\u017cynier\u00f3w i Technik\u00f3w G\u00f3rnictwa utworzy\u0142em wsp\u00f3lnie z Wojciechem SP9PT w roku 1972. Bezpo\u015brednio po tym pojechali\u015bmy do Pa\u0144stwowej Inspekcji Radiowej w Warszawie, staraj\u0105c si\u0119 o przyznanie znaku wywo\u0142awczego radiostacji klubowej &#8211; SP9ROW. By\u0142 to jednak klub PZK i pierwsza litera sufiksu musia\u0142a by\u0107 \u201eP&#8221;. W wyniku tego otrzymali\u015bmy licencj\u0119 SP9PRO. W tym czasie przy SITG powsta\u0142a w ramach grup zainteresowa\u0144 &#8211; Komisja Kr\u00f3tkofalowc\u00f3w. Taki \u201euk\u0142ad&#8221; istnieje do dnia dzisiejszego, a klub jest jednym z najaktywniejszych w obr\u0119bie Rybnickiego Okr\u0119gu Przemys\u0142owego (dawnego Rybnickiego Okr\u0119gu W\u0119glowego).<\/strong> <strong>Przez ponad 20 lat organizowane by\u0142y zawody barb\u00f3rkowe, a ich kontynuacj\u0119 przej\u0105\u0142 ostatnio Rybnicki Oddzia\u0142 PZK (OT31).<\/strong><\/p>\n<p><strong><span style=\"color: #0000ff;\">Red<\/span>.: Jakie inne osi\u0105gni\u0119cia, opr\u00f3cz organizacji Zawod\u00f3w Bar- burkowych, ma SP9PRO? <\/strong><\/p>\n<p><strong><span style=\"color: #0000ff;\">SP9RU<\/span>: Co roku w okresie Barb\u00f3rki organizowane s\u0105 spotkania kr\u00f3tkofalowc\u00f3w ROP, na kt\u00f3rych przedstawiane s\u0105 mi\u0119dzy innymi wspomnienia z wypraw DX- &#8211; owych wybitnych polskich kr\u00f3tkofalowc\u00f3w.<\/strong> <strong>W ostatnich latach wsp\u00f3\u0142organizatorem tych spotka\u0144 jest Rybnicki Oddzia\u0142 PZK.<\/strong> <strong>Radiostacja klubowa SP9PRO jest ca\u0142y czas czynna, a najwi\u0119ksz\u0105 aktywno\u015b\u0107 w eterze przejawia\u0142a w latach 1990-2015. Operatorami odpowiedzialnym na licencji s\u0105 koledzy SP9FOW i SP9PT. Ten ostatni jako wiceprezes SITG dba mi\u0119dzy innymi o to, aby na dzia\u0142alno\u015b\u0107 klubu by\u0142y niezb\u0119dne \u015brodki finansowe. Klub wydaje sw\u00f3j dyplom oraz organizuje konkursy z okazji okr\u0105g\u0142ych rocznic swojego opiekuna tj. SITG. Z radiostacji SP9PRO wyposa\u017conej w coraz nowocze\u015bniejszy sprz\u0119t nadawczo&#8211;odbiorczy przeprowadzono ju\u017c ponad 100 tys. \u0142\u0105czno\u015bci &#8211; g\u0142\u00f3wnie na pasmach KF.<\/strong> <strong>Operatorzy SP9PRO uczestniczyli w bardzo wielu zawodach krajowych i \u015bwiatowych i wsp\u00f3\u0142zawodnictwach, a efektem tego jest kilkadziesi\u0105t dyplom\u00f3w. W\u015br\u00f3d dyplom\u00f3w s\u0105 takie rarytasy jak 5BDXCC czy za zwyci\u0119stwo w Interkonte\u015bcie KF.<\/strong><\/p>\n<p><strong><span style=\"color: #0000ff;\">Red<\/span>.: Jak aktualnie wygl\u0105da dzia\u0142alno\u015b\u0107 klubu SP9PRO?<\/strong><\/p>\n<p><strong><span style=\"color: #0000ff;\">SP9RU<\/span>: Klub liczy kilkudziesi\u0119ciu cz\u0142onk\u00f3w i ma swoj\u0105 siedzib\u0119 w Rybniku w oddzielnym budynku z pomieszczeniem przeznaczon\u0105 na radiostacj\u0119 i salk\u0119 konferencyjn\u0105. Aktualnym szefem klubu jest Romuald SP9FTJ (gospodarzem Eugeniusz SP9EUH), a najaktywniejszymi cz\u0142onkami mi\u0119dzy innymi s\u0105 tak znani kr\u00f3tkofalowcy jak SP9QMP, SP9FUU, SP9WZJ, SP9REP, SP9BQJ. Ka\u017cdy wtorek jest dniem klubowym. Staram si\u0119 tak\u017ce jak najcz\u0119\u015bciej by\u0107 obecnym na tych spotkaniach. Niestety od kilku miesi\u0119cy, w zwi\u0105zku z pandemi\u0105, spotkania s\u0105 zawieszone.<\/strong><\/p>\n<p><strong><span style=\"color: #0000ff;\">Red<\/span>.: Czy m\u00f3g\u0142by\u015b podsumowa\u0107 swoj\u0105 dzia\u0142alno\u015b\u0107 kr\u00f3tkofalarsk\u0105? <\/strong><\/p>\n<p><strong><span style=\"color: #0000ff;\">SP9RU<\/span>: Przeprowadzi\u0142em dotychczas ponad 50 tysi\u0119cy \u0142\u0105czno\u015bci i mam potwierdzonych 153 podmiot\u00f3w wg DXCC. Zdoby\u0142em kilkadziesi\u0105t dyplom\u00f3w. W dniu 21 czerwca 1981 r. wst\u0105pi\u0142em do SPDXC (nr cz\u0142onkowski 282), a w 1996 r. do SP OTC (nr cz\u0142onkowski 150). Aktualnie mieszkam w bloku ze skromnymi mo\u017cliwo\u015bciami antenowymi, ale czynny jestem na pasmach 3,5 i 144 MHz. Mam do dyspozycji UKF-owy transceiver amatorskiej produkcji i anten\u0119 GP a na KF TS 950 i dipol na 80 m. Z tytu\u0142u pracy zawodowej otrzyma\u0142em br\u0105zowy, srebrny i z\u0142oty Krzy\u017c Zas\u0142ugi oraz order Sztandaru Pracy II klasy. Za dzia\u0142alno\u015b\u0107 w Polskim Zwi\u0105zku Kr\u00f3tkofalowc\u00f3w zosta\u0142em odznaczony Odznak\u0105 Honorow\u0105 PZK nr 245.<\/strong><\/p>\n<p><strong><span style=\"color: #0000ff;\">Red<\/span>.: Dzi\u0119kuj\u0119 za rozmow\u0119 i \u017cycz\u0119 du\u017co zdrowia i dalszej fascynacji naszym hobby.<\/strong><\/p>\n<p><strong><span style=\"color: #0000ff;\">SP9RU<\/span>: R\u00f3wnie\u017c dzi\u0119kuj\u0119 i pozdrawiam Czytelnik\u00f3w \u201e\u015awiata Radio&#8221;.<\/strong><\/p>\n<pre><strong>Z Romanem SP9RU rozmawia\u0142 Andrzej SP5AHT<\/strong><\/pre>\n<p><a href=\"https:\/\/ot31.pzk.org.pl\/index.php\/pisali-o-nas\/\">powr\u00f3t<\/a><\/p>\n","protected":false},"excerpt":{"rendered":"<p>Moja przygoda kr\u00f3tkofalarska Aktualnie, w dobie Internetu i wszechobecnych telefon\u00f3w kom\u00f3rkowych, tradycyjne kr\u00f3tkofalarstwo mo\u017ce wydawa\u0107 si\u0119 czym\u015b przestarza\u0142ym i niepraktycznym. Wielu nestor\u00f3w kr\u00f3tkofalarstwa z sentymentem przypomina swoje zafascynowanie radiem i \u0142\u0105czno\u015bci na pasmach amatorskich w minionym wieku. Dzi\u015b na te tematy rozmawiamy z Romanem SP9RU z Rybnika. Redakcja: Kiedy i [&hellip;]<\/p>\n","protected":false},"author":2,"featured_media":0,"parent":0,"menu_order":0,"comment_status":"closed","ping_status":"closed","template":"","meta":{"_themeisle_gutenberg_block_has_review":false,"footnotes":""},"class_list":["post-1656","page","type-page","status-publish","hentry"],"aioseo_notices":[],"_links":{"self":[{"href":"https:\/\/ot31.pzk.org.pl\/index.php\/wp-json\/wp\/v2\/pages\/1656","targetHints":{"allow":["GET"]}}],"collection":[{"href":"https:\/\/ot31.pzk.org.pl\/index.php\/wp-json\/wp\/v2\/pages"}],"about":[{"href":"https:\/\/ot31.pzk.org.pl\/index.php\/wp-json\/wp\/v2\/types\/page"}],"author":[{"embeddable":true,"href":"https:\/\/ot31.pzk.org.pl\/index.php\/wp-json\/wp\/v2\/users\/2"}],"replies":[{"embeddable":true,"href":"https:\/\/ot31.pzk.org.pl\/index.php\/wp-json\/wp\/v2\/comments?post=1656"}],"version-history":[{"count":9,"href":"https:\/\/ot31.pzk.org.pl\/index.php\/wp-json\/wp\/v2\/pages\/1656\/revisions"}],"predecessor-version":[{"id":1665,"href":"https:\/\/ot31.pzk.org.pl\/index.php\/wp-json\/wp\/v2\/pages\/1656\/revisions\/1665"}],"wp:attachment":[{"href":"https:\/\/ot31.pzk.org.pl\/index.php\/wp-json\/wp\/v2\/media?parent=1656"}],"curies":[{"name":"wp","href":"https:\/\/api.w.org\/{rel}","templated":true}]}}