{"id":1624,"date":"2024-01-28T01:26:30","date_gmt":"2024-01-28T00:26:30","guid":{"rendered":"https:\/\/ot31.pzk.org.pl\/?page_id=1624"},"modified":"2024-01-28T01:44:07","modified_gmt":"2024-01-28T00:44:07","slug":"radiowe-wyprawy-sp9pt","status":"publish","type":"page","link":"https:\/\/ot31.pzk.org.pl\/index.php\/radiowe-wyprawy-sp9pt\/","title":{"rendered":"Radiowe wyprawy SP9PT"},"content":{"rendered":"<p><span style=\"color: #800000;\"><em><strong>Wywiad ze \u015bwiatowej s\u0142awy DX-manem<\/strong><\/em><\/span>.<\/p>\n<p><strong>W \u015aR 1\/06 zosta\u0142 zamieszczony wywiad z SP5EWY. W tym miesi\u0105cu publikujemy rozmow\u0119 ze \u015bwiatowej s\u0142awy DX-manem Wojciechem K\u0142osokiem SP9PT, d\u0142ugoletnim prezesem klubu SPDXC. Dobr\u0105 okazj\u0105 do rozmowy by\u0142a ubieg\u0142oroczna polska radiowa wyprawa na Grenad\u0119, o kt\u00f3rej ju\u017c tak\u017ce wspominali\u015bmy miesi\u0105c temu.<\/strong><\/p>\n<p><span style=\"color: #0000ff;\"><strong>Red.<\/strong><\/span>: <strong>Z informacji redakcyjnych wynika, \u017ce w tym roku obchodzisz 50-lecie dzia\u0142alno\u015bci kr\u00f3tkofalarskiej. Po ostatnich zmianach przepis\u00f3w radiokomunikacji amatorskiej pierwsz\u0105 licencj\u0119 mo\u017cna otrzyma\u0107 w wieku 10 lat. A jak by\u0142o w Twoim przypadku i czy Twoja praca zawodowa jest w jaki\u015b spos\u00f3b zwi\u0105zana z radiokomunikacj\u0105?<\/strong><\/p>\n<p><strong><span style=\"color: #0000ff;\">SP9PT<\/span><\/strong>: <strong>Kr\u00f3tkofalarstwem zajmuj\u0119 si\u0119 od 1956 roku. Licencj\u0119 (SP6PT &#8211; Opole) uzyska\u0142em w roku 1959 jako najm\u0142odszy nadawca w SP. Mia\u0142em w\u00f3wczas 17 lat, a poniewa\u017c licencje wydawano w tym czasie od lat 18, na Zje\u017adzie PZK postanowiono przyzna\u0107 mi \u201ekuratora\u201d w osobie SP6GD i wyj\u0105tkowo wyst\u0105pi\u0107 o wcze\u015bniejsze przyznanie licencji nadawcy. Od 1961 pracuj\u0119 pod znakiem SP9PT. Z zawodu jestem in\u017cynierem geodet\u0105 g\u00f3rniczym (po AGH), od 6 lat na emeryturze. Obecnie mam 63 lata i dzia\u0142am spo\u0142ecznie jako sekretarz Zarz\u0105du Oddzia\u0142u SITG w Rybniku (mamy ponad 3500 cz\u0142onk\u00f3w). Prowadz\u0119 te\u017c grup\u0119 rzeczoznawc\u00f3w przy tym oddziale oraz jestem bieg\u0142ym s\u0105dowym ds. szk\u00f3d g\u00f3rniczych. \u201eRadiowo\u201d zawsze nale\u017ca\u0142em do PZK, a przez 30 lat by\u0142em w Zarz\u0105dzie SPDX Klubu; za\u015b przez 9 lat jego prezesem.<\/strong><\/p>\n<p><span style=\"color: #0000ff;\"><strong>Red.<\/strong><\/span>: <strong>Swoj\u0105 radiow\u0105 wypraw\u0119 rozpocz\u0105\u0142e\u015b ponad 30 lat temu w g\u00f3ry Alaski. Pami\u0119tam, jak z zainteresowaniem \u015bledzi\u0142em losy wyprawy i ogl\u0105da\u0142em zdj\u0119cia na \u0142amach prasy. Czy m\u00f3g\u0142by\u015b przypomnie\u0107 tamte chwile?<\/strong><\/p>\n<p><strong><span style=\"color: #0000ff;\">SP9PT<\/span><\/strong>: <strong>Pierwsza moja wyprawa mia\u0142a miejsce w roku 1974 &#8211; jako radiooperator uczestniczy\u0142em w wyprawie wysokog\u00f3rskiej w g\u00f3ry Alaski i Kanady. Licencj\u0119 otrzyma\u0142em tylko na prace z Jukonu (1. strefa WAZ). Jako pierwszy Polak nadawa\u0142em z Kanady &#8211; pod znakiem VE8\/SP9PT. Amerykanie odm\u00f3wili mi w\u00f3wczas wydania licencji. W czasie trwania wyprawy utrzymywa\u0142em sta\u0142\u0105 \u0142\u0105czno\u015b\u0107 z Polsk\u0105 (g\u0142\u00f3wnie z SP9ZD, SP9KRT). W tym czasie taka \u0142\u0105czno\u015b\u0107 by\u0142a bardzo ceniona. Przeprowadzi\u0142em w\u00f3wczas niewiele ponad 1000 QSO\u2019s. Niestety w ko\u0144cowym etapie wyprawy zgin\u0119\u0142o dw\u00f3ch moich koleg\u00f3w &#8211; a ja musia\u0142em te tragiczne info via radio przekazywa\u0107 do Polski. Nadawa\u0142em w\u00f3wczas na TS515 i ant. TH3JR.<\/strong><\/p>\n<p><strong><span style=\"color: #0000ff;\">Red.<\/span><\/strong>: <strong>Wr\u00f3\u0107my jednak do ostatniej wyprawy. Dlaczego akurat by\u0142a to Grenada?<\/strong><\/p>\n<p><span style=\"color: #0000ff;\"><strong>SP9PT<\/strong><\/span>: <strong>Wracaj\u0105c z Jurkiem Olechem SP9EVP i <span style=\"color: #0000ff;\">J\u00f3zkiem Gromyszem SP9-31029<\/span> przed dwoma laty z wyprawy na Wysp\u0119 Wielkanocn\u0105, planowali\u015bmy ju\u017c kolejn\u0105 &#8211; na jedn\u0105 z wysp karaibskich. Grenada spe\u0142nia\u0142a nasze trzy podstawowe warunki, a mianowicie: miejsce w miar\u0119 bezpieczne, istnia\u0142a mo\u017cliwo\u015b\u0107 dotarcia na ni\u0105 samolotem, no i oczywi\u015bcie jest to kraj w miar\u0119 atrakcyjny DX-owo. Wprawdzie w latach 90. z tego kraju pracowa\u0142o kilka wypraw ameryka\u0144skich, ale w ostatnim czasie nie by\u0142o tam wi\u0119kszej aktywno\u015bci, za\u015b szczeg\u00f3lnie rzadkim krajem by\u0142a ona dla pracuj\u0105cych emisjami cyfrowymi. W trakcie przygotowa\u0144 do wyprawy Jurek SP9EVP musia\u0142 zrezygnowa\u0107, a jego miejsce zaj\u0105\u0142 <span style=\"color: #0000ff;\">Marek Niedoba SP9BQJ<\/span>. Jurek jednak przez ca\u0142y czas wspiera\u0142 nas swoimi radami, a tak\u017ce u\u017cyczy\u0142 sprawdzonej na wielu poprzednich wyprawach anteny GP7.<\/strong><\/p>\n<pre>Wszyscy trzej uczestnicy wyprawy to cz\u0142onkowie PZK i Klubu Kr\u00f3tkofalowc\u00f3w ROW SP9PRO \r\nprzy Zarz\u0105dzie Rybnickiego Oddzia\u0142u Stowarzyszenia In\u017cynier\u00f3w i Technik\u00f3w G\u00f3rnictwa \r\n(SITG). SP9BQJ i SP9PT to tak\u017ce d\u0142ugoletni cz\u0142onkowie SPDXC... \u015aR 02\/2006<\/pre>\n<p><strong>Wys\u0142ali\u015bmy wnioski o licencje i po miesi\u0105cu zapewniono nas, \u017ce otrzymamy je po przylocie na wysp\u0119.<\/strong><br \/>\n<strong>Wobec mo\u017cliwo\u015bci zabrania ze sob\u0105 przez ka\u017cdego z uczestnik\u00f3w 64kg baga\u017cu ( poza baga\u017cem podr\u0119cznym) <\/strong><strong>Marek, zajmuj\u0105cy si\u0119 sprawami sprz\u0119towymi, zbudowa\u0142 z 2-metrowych odcink\u00f3w rur prawie 18-metrow\u0105 anten\u0119 Battle Creek Specja\u0142 na pasma 40, 80 i 160m oraz odbiorcz\u0105-p\u0119tlow\u0105 z kabla koncentrycznego Ponadto zabrali\u015bmy jeszcze dwie anteny (GP7 i TH3JR) oraz transceivery K2, IC737 i IC706 MK2G, wzmacniacz oko\u0142o 600W, dwa notbooki i wiele dodatkowego sprz\u0119tu o \u0142\u0105cznej wadze prawie 190kg.<\/strong><br \/>\n<strong>Lokalizacj\u0119 naszej wyprawy ze wzgl\u0119du na dobre \u201eotwarcie&#8221; w kierunku. Europy i Ameryki P\u00f3\u0142nocnej <\/strong><strong>wybrali\u015bmy na p\u00f3\u0142nocnym wybrze\u017cu wyspy ko\u0142o miejscowo\u015bci Sauteurs w \u201eAlmost Paradise&#8221; cottage (co po polsku oznacza \u201eprawie raj&#8221;). Gospodarze hotelu, w kt\u00f3rym zamieszkali\u015bmy, Kate i Uwe to ludzie <\/strong><strong>bardzo otwarci i przyja\u017anie nastawieni do naszego hobby.<\/strong><br \/>\n<strong>Dnia 24 pa\u017adziernika wyl\u0105dowali\u015bmy na Grenadzie, nast\u0119pnego ranka przy pomocy Cletusa J39JQ <\/strong><strong>odebrali\u015bmy nasze licencje. Po doje\u017adzie na p\u00f3\u0142noc wyspy postawili\u015bmy anteny i rozpocz\u0119li\u015bmy prace w eterze.<\/strong><br \/>\n<strong>Zainteresowanie nasz\u0105 prac\u0105 przesz\u0142o naj\u015bmielsze oczekiwania. Mimo wielu przerw w pracy spowodowanych gwa\u0142townymi burzami, ulewami tropikalnymi czy wy\u0142\u0105czeniami zasilania w ci\u0105gu 12 dni przeprowadzili\u015bmy ponad 12500 \u0142\u0105czno\u015bci, pracuj\u0105c w wi\u0119kszo\u015bci tylko moc\u0105 100W Du\u017c\u0105 satysfakcj\u0119 da\u0142o nam ponad 800 QSO&#8217;s<\/strong> <strong>przeprowadzonych w pa\u015bmie 80-metrowym, a tak\u017ce prawie 1500 QSO emisj\u0105 RTTY.<\/strong><br \/>\n<strong>Wzi\u0119li\u015bmy te\u017c udzia\u0142 w zawodach CQ WWDX Contest SSB (Marek w pa\u015bmie 40 m -304 QSO, a ja w pa\u015bmie 15m &#8211; 1623 QSOs).<\/strong><br \/>\n<strong>Po powrocie do kraju czeka\u0142y na nas ju\u017c setki list\u00f3w z kartami QSL. Ciesz\u0105 nas szczeg\u00f3lnie zawarte <\/strong><strong>w nich informacje, \u017ce dali\u015bmy wielu kr\u00f3tkofalowcom mo\u017cliwo\u015b\u0107 zrobienia nowego kraju, nowego na<\/strong> <strong>pa\u015bmie czy te\u017c emisj\u0105 RTTY. Teraz przez wiele dni wypisywa\u0107 b\u0119dziemy potwierdzenia przeprowadzonych<\/strong> <strong>z Grenady \u0142\u0105czno\u015bci i&#8230;. planowa\u0107 nast\u0119pn\u0105 wypraw\u0119&#8221;.<\/strong><\/p>\n<p><strong>Wojciech SP9PT<br \/>\n<\/strong><\/p>\n<p><a href=\"https:\/\/ot31.pzk.org.pl\/index.php\/pisali-o-nas\/\">powr\u00f3t<\/a><\/p>\n","protected":false},"excerpt":{"rendered":"<p>Wywiad ze \u015bwiatowej s\u0142awy DX-manem. W \u015aR 1\/06 zosta\u0142 zamieszczony wywiad z SP5EWY. W tym miesi\u0105cu publikujemy rozmow\u0119 ze \u015bwiatowej s\u0142awy DX-manem Wojciechem K\u0142osokiem SP9PT, d\u0142ugoletnim prezesem klubu SPDXC. Dobr\u0105 okazj\u0105 do rozmowy by\u0142a ubieg\u0142oroczna polska radiowa wyprawa na Grenad\u0119, o kt\u00f3rej ju\u017c tak\u017ce wspominali\u015bmy miesi\u0105c temu. Red.: Z informacji [&hellip;]<\/p>\n","protected":false},"author":2,"featured_media":0,"parent":0,"menu_order":0,"comment_status":"closed","ping_status":"closed","template":"","meta":{"_themeisle_gutenberg_block_has_review":false,"footnotes":""},"class_list":["post-1624","page","type-page","status-publish","hentry"],"aioseo_notices":[],"_links":{"self":[{"href":"https:\/\/ot31.pzk.org.pl\/index.php\/wp-json\/wp\/v2\/pages\/1624","targetHints":{"allow":["GET"]}}],"collection":[{"href":"https:\/\/ot31.pzk.org.pl\/index.php\/wp-json\/wp\/v2\/pages"}],"about":[{"href":"https:\/\/ot31.pzk.org.pl\/index.php\/wp-json\/wp\/v2\/types\/page"}],"author":[{"embeddable":true,"href":"https:\/\/ot31.pzk.org.pl\/index.php\/wp-json\/wp\/v2\/users\/2"}],"replies":[{"embeddable":true,"href":"https:\/\/ot31.pzk.org.pl\/index.php\/wp-json\/wp\/v2\/comments?post=1624"}],"version-history":[{"count":12,"href":"https:\/\/ot31.pzk.org.pl\/index.php\/wp-json\/wp\/v2\/pages\/1624\/revisions"}],"predecessor-version":[{"id":1637,"href":"https:\/\/ot31.pzk.org.pl\/index.php\/wp-json\/wp\/v2\/pages\/1624\/revisions\/1637"}],"wp:attachment":[{"href":"https:\/\/ot31.pzk.org.pl\/index.php\/wp-json\/wp\/v2\/media?parent=1624"}],"curies":[{"name":"wp","href":"https:\/\/api.w.org\/{rel}","templated":true}]}}