{"id":1614,"date":"2024-01-24T21:32:15","date_gmt":"2024-01-24T20:32:15","guid":{"rendered":"https:\/\/ot31.pzk.org.pl\/?page_id=1614"},"modified":"2025-12-01T14:11:32","modified_gmt":"2025-12-01T13:11:32","slug":"pisali-o-nas","status":"publish","type":"page","link":"https:\/\/ot31.pzk.org.pl\/index.php\/pisali-o-nas\/","title":{"rendered":"Pisali o nas&#8230;"},"content":{"rendered":"<h4><span style=\"color: #0000ff;\"><em><strong>W tym miejscu publikujemy przedruki z wydawnictw papierowych i internetowych, w kt\u00f3rych pojawi\u0142y si\u0119 informacje o cz\u0142onkach naszego Oddzia\u0142u. Mo\u017cna tam znale\u017a\u0107 informacje o aktywno\u015bci radiowej z domowego QTH, z kr\u00f3tkofalarskich wypraw DX-owych, z uczestnictwa w zawodach.<\/strong><\/em><\/span><\/h4>\n<ul>\n<li><em><strong>&#8222;\u015awiat Radio&#8221; 1\/2006\u00a0 &#8211;\u00a0 <span style=\"color: #008000;\"> <a href=\"https:\/\/ot31.pzk.org.pl\/index.php\/radiowe-wyprawy-sp9pt\/\">wyprawa Wojciecha SP9PT na Grenad\u0119<\/a><\/span><\/strong><\/em><\/li>\n<li><em><strong>&#8222;\u015awiat Radio&#8221; 6\/2006\u00a0 &#8211;\u00a0 <span style=\"color: #008000;\"> <a href=\"https:\/\/ot31.pzk.org.pl\/index.php\/sp9qmp-rozmowa-z-czolowym-dx-manem-ssb\/\">posta\u0107 Piotra SP9QMP<\/a><\/span><\/strong><\/em><\/li>\n<li><em><strong>&#8222;G\u0142os Gminy&#8221; 2\/2009\u00a0 &#8211;\u00a0 <span style=\"color: #008000;\"> <a href=\"https:\/\/ot31.pzk.org.pl\/index.php\/postac-huberta-sp9mdy\/\">posta\u0107 Huberta SP9MDY<\/a><\/span><\/strong><\/em><\/li>\n<li><em><strong>&#8222;\u015awiat Radio&#8221; 5\/2016\u00a0 &#8211;\u00a0 <span> <a href=\"https:\/\/ot31.pzk.org.pl\/index.php\/wyprawa-na-san-andres-hk0\/\">wyprawa na HK0 z udzia\u0142em Wojciecha SP9PT, Romana SP9FOW, Piotra SP9RCL<\/a><\/span><\/strong><\/em><\/li>\n<li><em><strong>&#8222;Trybuna G\u00f3rnicza&#8221; z 12.06.2016 r.\u00a0 &#8211;\u00a0 <span> <a href=\"https:\/\/ot31.pzk.org.pl\/index.php\/postac-jozefa-sp9fkq\/\">posta\u0107 J\u00f3zefa SP9FKQ\u00a0<\/a><\/span><\/strong><\/em><\/li>\n<li><em><strong>&#8222;\u015awiat Radio&#8221; 1\/2021\u00a0 &#8211;\u00a0 <span style=\"color: #008000;\"> <a href=\"https:\/\/ot31.pzk.org.pl\/index.php\/rozmowa-z-romanem-pustolka-sp9ru\/\">posta\u0107 Romana SP9RU<\/a><\/span><\/strong><\/em><\/li>\n<li><em><strong>&#8222;\u015awiat Radio&#8221; 3\/2021\u00a0 &#8211;\u00a0 <span style=\"color: #008000;\"> <a href=\"https:\/\/ot31.pzk.org.pl\/index.php\/rozmowa-z-adamem-grzenia-sq9s\/\">posta\u0107 Adama SQ9S<\/a><\/span><\/strong><\/em><\/li>\n<li><em><strong>&#8222;\u015awiat Radio&#8221; 1-2\/2024\u00a0 &#8211;\u00a0 <span style=\"color: #008000;\"> <a href=\"https:\/\/ot31.pzk.org.pl\/index.php\/postac-andrzeja-sp9n\/\">posta\u0107 Andrzeja SP9N \/ SP9AQF<\/a><\/span><\/strong><\/em><\/li>\n<li><em><strong>&#8222;\u015awiat Radio&#8221; 5-6\/2024\u00a0 &#8211; <span style=\"color: #008000;\"> <a href=\"https:\/\/ot31.pzk.org.pl\/index.php\/postac-gienka-sq9hzm\/\">posta\u0107 Eugeniusza SQ9HZM<\/a><\/span><\/strong><\/em><\/li>\n<li><em><strong>&#8222;\u015awiat Radio&#8221; 9-10\/2025\u00a0 &#8211;\u00a0 <span style=\"color: #008000;\"> <a href=\"https:\/\/ot31.pzk.org.pl\/index.php\/aktywnosc-wojciecha-sp9pt-z-kanady-w-1974-r\">aktywno\u015b\u0107 Wojciecha SP9PT z Kanady w 1974<\/a><\/span><\/strong><\/em><\/li>\n<li><em><strong>&#8222;\u015awiat Radio&#8221; 11-12\/2025\u00a0 &#8211;\u00a0 <span style=\"color: #008000;\"> <a href=\"https:\/\/ot31.pzk.org.pl\/index.php\/aktywnosc-wojciecha-sp9pt-z-wyspy-norfolk-australii-i-borneo-w-2001-r\">aktywno\u015b\u0107 Wojciecha SP9PT z Norfolku, Australii i Borneo w 2001<\/a><\/span><\/strong><\/em><\/li>\n<\/ul>\n","protected":false},"excerpt":{"rendered":"<p>W tym miejscu publikujemy przedruki z wydawnictw papierowych i internetowych, w kt\u00f3rych pojawi\u0142y si\u0119 informacje o cz\u0142onkach naszego Oddzia\u0142u. Mo\u017cna tam znale\u017a\u0107 informacje o aktywno\u015bci radiowej z domowego QTH, z kr\u00f3tkofalarskich wypraw DX-owych, z uczestnictwa w zawodach. &#8222;\u015awiat Radio&#8221; 1\/2006\u00a0 &#8211;\u00a0 wyprawa Wojciecha SP9PT na Grenad\u0119 &#8222;\u015awiat Radio&#8221; 6\/2006\u00a0 &#8211;\u00a0 [&hellip;]<\/p>\n","protected":false},"author":2,"featured_media":0,"parent":0,"menu_order":0,"comment_status":"closed","ping_status":"closed","template":"","meta":{"_themeisle_gutenberg_block_has_review":false,"footnotes":""},"class_list":["post-1614","page","type-page","status-publish","hentry"],"aioseo_notices":[],"_links":{"self":[{"href":"https:\/\/ot31.pzk.org.pl\/index.php\/wp-json\/wp\/v2\/pages\/1614","targetHints":{"allow":["GET"]}}],"collection":[{"href":"https:\/\/ot31.pzk.org.pl\/index.php\/wp-json\/wp\/v2\/pages"}],"about":[{"href":"https:\/\/ot31.pzk.org.pl\/index.php\/wp-json\/wp\/v2\/types\/page"}],"author":[{"embeddable":true,"href":"https:\/\/ot31.pzk.org.pl\/index.php\/wp-json\/wp\/v2\/users\/2"}],"replies":[{"embeddable":true,"href":"https:\/\/ot31.pzk.org.pl\/index.php\/wp-json\/wp\/v2\/comments?post=1614"}],"version-history":[{"count":34,"href":"https:\/\/ot31.pzk.org.pl\/index.php\/wp-json\/wp\/v2\/pages\/1614\/revisions"}],"predecessor-version":[{"id":2202,"href":"https:\/\/ot31.pzk.org.pl\/index.php\/wp-json\/wp\/v2\/pages\/1614\/revisions\/2202"}],"wp:attachment":[{"href":"https:\/\/ot31.pzk.org.pl\/index.php\/wp-json\/wp\/v2\/media?parent=1614"}],"curies":[{"name":"wp","href":"https:\/\/api.w.org\/{rel}","templated":true}]}}