{"id":158,"date":"2021-05-13T17:31:09","date_gmt":"2021-05-13T15:31:09","guid":{"rendered":"https:\/\/ot31.pzk.org.pl\/?page_id=158"},"modified":"2023-09-27T10:04:48","modified_gmt":"2023-09-27T08:04:48","slug":"nadawcy-so-sq-i-swl","status":"publish","type":"page","link":"https:\/\/ot31.pzk.org.pl\/index.php\/nadawcy-so-sq-i-swl\/","title":{"rendered":"Nadawcy SO, SQ i SWL"},"content":{"rendered":"<p>&nbsp;<\/p>\n<table>\n<tbody>\n<tr>\n<td colspan=\"6\"><strong>Cz\u0142onkowie Oddzia\u0142u Terenowego PZK w Rybniku na podstawie op\u0142aconych sk\u0142adek<br \/>\n&#8211; stan na <span style=\"color: #ff00ff;\">18 sierpnia 2023 r<\/span>.<\/strong><\/td>\n<\/tr>\n<tr>\n<th>ZNAK<\/th>\n<th>IMI\u0118<\/th>\n<th>MIEJSCOWO\u015a\u0106<\/th>\n<th>SPPA<\/th>\n<th>e-mail<\/th>\n<th>WWW<\/th>\n<\/tr>\n<tr>\n<td><strong>SO5CW<\/strong><\/td>\n<td>Fabian<\/td>\n<td>Warka<\/td>\n<td>R-GJ<\/td>\n<td>so5cw@fkurz.net<\/td>\n<td><a href=\"https:\/\/fkurz.net\/ham\/so5cw\/\" target=\"_blank\" rel=\"noopener\">www<\/a><\/td>\n<\/tr>\n<tr>\n<td><strong>SQ5ABF<\/strong><\/td>\n<td>Artur<\/td>\n<td>M\u0142awa<\/td>\n<td>R &#8211; MA<\/td>\n<td>sq5abf [at] wp.pl<\/td>\n<td><\/td>\n<\/tr>\n<tr>\n<td><strong>SQ5ABG<\/strong><\/td>\n<td>Wies\u0142aw<\/td>\n<td>Stare Garkowo<\/td>\n<td>R &#8211; MA<\/td>\n<td>sq5abg [at] tlen.pl<\/td>\n<td><\/td>\n<\/tr>\n<tr>\n<td><strong>SQ6BZI<\/strong><\/td>\n<td>Kazimierz<\/td>\n<td>Le\u015bnica<\/td>\n<td>U &#8211; TE<\/td>\n<td>kazik.hcl [at] gmail.com<\/td>\n<td><\/td>\n<\/tr>\n<tr>\n<td><strong>SQ6IUQ<\/strong><\/td>\n<td>Bartosz<\/td>\n<td>Babor\u00f3w<\/td>\n<td>U &#8211; GY<\/td>\n<td>bartek [at] polna13.com.pl<\/td>\n<td><\/td>\n<\/tr>\n<tr>\n<td><strong>SQ6KKN<\/strong><\/td>\n<td>Tomasz<\/td>\n<td>K\u0119dzierzyn-Ko\u017ale<\/td>\n<td>U &#8211; EY<\/td>\n<td>sq6kkn [at] gmail.com<\/td>\n<td><\/td>\n<\/tr>\n<tr>\n<td><strong>SQ9ACH<\/strong><\/td>\n<td>Hubert<\/td>\n<td>Smolnica<\/td>\n<td>G &#8211; GC<\/td>\n<td>sq9ach [at] wp.pl<\/td>\n<td><\/td>\n<\/tr>\n<tr>\n<td><strong>SQ9ACU<\/strong><\/td>\n<td>Ryszard<\/td>\n<td>Grzegorzowice<\/td>\n<td>G &#8211; RC<\/td>\n<td>sq9acu [at] op.pl<\/td>\n<td><\/td>\n<\/tr>\n<tr>\n<td><strong>SQ9ANT<\/strong><\/td>\n<td>Czes\u0142aw<\/td>\n<td>Wodzis\u0142aw \u015al\u0105ski<\/td>\n<td>G &#8211; WV<\/td>\n<td>sq9ant [at] wp.pl<\/td>\n<td><\/td>\n<\/tr>\n<tr>\n<td><strong>SQ9CWB<\/strong><\/td>\n<td>Bogus\u0142aw<\/td>\n<td>Wieprz<\/td>\n<td>M &#8211; WA<\/td>\n<td>bies [at] vp.pl<\/td>\n<td><\/td>\n<\/tr>\n<tr>\n<td><strong>SQ9DHS<\/strong><\/td>\n<td>Adam<\/td>\n<td>Jastrz\u0119bie-Zdr\u00f3j<\/td>\n<td>G &#8211; JZ<\/td>\n<td>sq9dhs [at] ka.onet.pl<\/td>\n<td><\/td>\n<\/tr>\n<tr>\n<td><strong>SQ9DIQ<\/strong><\/td>\n<td>Mariusz<\/td>\n<td>Wodzis\u0142aw \u015al\u0105ski<\/td>\n<td>G &#8211; WV<\/td>\n<td>sq9diq [at] gmail.com<\/td>\n<td><\/td>\n<\/tr>\n<tr>\n<td><strong>SQ9HHA<\/strong><\/td>\n<td>Hubert<\/td>\n<td>Krzy\u017canowice<\/td>\n<td>G &#8211; RC<\/td>\n<td>sq9hha [at] onet.pl<\/td>\n<td><\/td>\n<\/tr>\n<tr>\n<td><strong>SQ9HHC<\/strong><\/td>\n<td>Waldemar<\/td>\n<td>Pogrzebie\u0144<\/td>\n<td>G &#8211; RC<\/td>\n<td>sq9hhc [at] op.pl<\/td>\n<td><\/td>\n<\/tr>\n<tr>\n<td><strong>SQ9HHV<\/strong><\/td>\n<td>Maciej<\/td>\n<td>Racib\u00f3rz<\/td>\n<td>G &#8211; RC<\/td>\n<td>maciej [at] musiol.pl<\/td>\n<td><\/td>\n<\/tr>\n<tr>\n<td><strong>SQ9HZM<\/strong><\/td>\n<td>Eugeniusz<\/td>\n<td>Radlin<\/td>\n<td>G &#8211; WV<\/td>\n<td>sq9hzm [at] wp.pl<\/td>\n<td><\/td>\n<\/tr>\n<tr>\n<td><strong>SQ9IDG<\/strong><\/td>\n<td>Dariusz<\/td>\n<td>\u015awi\u0119toch\u0142owice<\/td>\n<td>G &#8211; ET<\/td>\n<td>sq9idg [at] wp.pl<\/td>\n<td><\/td>\n<\/tr>\n<tr>\n<td><strong>SQ9IR<\/strong><\/td>\n<td>Roman<\/td>\n<td>Psz\u00f3w<\/td>\n<td>G &#8211; WV<\/td>\n<td>sq9ir [at] o2.pl<\/td>\n<td><\/td>\n<\/tr>\n<tr>\n<td><strong>SQ9ITK<\/strong><\/td>\n<td>Miros\u0142aw<\/td>\n<td>Ku\u017ania Raciborska<\/td>\n<td>G &#8211; RC<\/td>\n<td><\/td>\n<td><\/td>\n<\/tr>\n<tr>\n<td><strong>SQ9IWA<\/strong><\/td>\n<td>Tomasz<\/td>\n<td>Wodzis\u0142aw \u015al\u0105ski<\/td>\n<td>G &#8211; WV<\/td>\n<td>sq9iwa [at] gmail.com<\/td>\n<td><\/td>\n<\/tr>\n<tr>\n<td><strong>SQ9JJH<\/strong><\/td>\n<td>Bogus\u0142aw<\/td>\n<td>Czy\u017cowice<\/td>\n<td>G &#8211; WV<\/td>\n<td>sq9jjh [at] op.pl<\/td>\n<td><\/td>\n<\/tr>\n<tr>\n<td><strong>SQ9JKG<\/strong><\/td>\n<td>Zenon<\/td>\n<td>Racib\u00f3rz<\/td>\n<td>G &#8211; RC<\/td>\n<td>sq9jkg [at] qrz.pl<\/td>\n<td><\/td>\n<\/tr>\n<tr>\n<td><strong>SQ9JKW<\/strong><\/td>\n<td>Wojciech<\/td>\n<td>Psz\u00f3w<\/td>\n<td>G &#8211; WV<\/td>\n<td>sq9jkw [at] wp.pl<\/td>\n<td><\/td>\n<\/tr>\n<tr>\n<td><strong>SQ9JXJ<\/strong><\/td>\n<td>Ireneusz<\/td>\n<td>Szczerbice<\/td>\n<td>G &#8211; RB<\/td>\n<td>sq9jxj [at] onet.eu<\/td>\n<td><\/td>\n<\/tr>\n<tr>\n<td><strong>SQ9KR<\/strong><\/td>\n<td>Robert<\/td>\n<td>Cisownica<\/td>\n<td>G &#8211; CY<\/td>\n<td>sq9kr [at] wp.pl<\/td>\n<td><\/td>\n<\/tr>\n<tr>\n<td><strong>SQ9KRC<\/strong><\/td>\n<td>Szymon<\/td>\n<td>Wodzis\u0142aw \u015al\u0105ski<\/td>\n<td>G &#8211; WV<\/td>\n<td>sq9krc [at] onet.eu<\/td>\n<td><\/td>\n<\/tr>\n<tr>\n<td><strong>SQ9KRD<\/strong><\/td>\n<td>Roman<\/td>\n<td>God\u00f3w<\/td>\n<td>G &#8211; WV<\/td>\n<td>sq9krd [at] gmail.com<\/td>\n<td><\/td>\n<\/tr>\n<tr>\n<td><strong>SO9ML<\/strong><\/td>\n<td>Marcin<\/td>\n<td>Rybnik<\/td>\n<td>G &#8211; RN<\/td>\n<td>marcin [at] lapkowski.pl<\/td>\n<td><\/td>\n<\/tr>\n<tr>\n<td><strong>SQ9MPD<\/strong><\/td>\n<td>Marzena<\/td>\n<td>Wodzis\u0142aw \u015alaski<\/td>\n<td>G &#8211; WV<\/td>\n<td>sq9mpd [at] wp.pl<\/td>\n<td><\/td>\n<\/tr>\n<tr>\n<td><strong>SQ9MZ<\/strong><\/td>\n<td>Henryk<\/td>\n<td>Rybnik<\/td>\n<td>G &#8211; RN<\/td>\n<td>sq9mz [at] sq9mz.pl<\/td>\n<td><a href=\"http:\/\/sq9mz.pl\" target=\"_blank\" rel=\"noopener\">www<\/a><\/td>\n<\/tr>\n<tr>\n<td><strong>SQ9NJ<\/strong><\/td>\n<td>Jan<\/td>\n<td>Rybnik [Chwa\u0142\u0119cice]<\/td>\n<td>G &#8211; RN<\/td>\n<td>silezianum [at] gmail.com<\/td>\n<td><\/td>\n<\/tr>\n<tr>\n<td><strong>SQ9NOS<\/strong><\/td>\n<td>Grzegorz<\/td>\n<td>Rybnik<\/td>\n<td>G &#8211; RN<\/td>\n<td>sq9nos [at] gmail.com<\/td>\n<td><\/td>\n<\/tr>\n<tr>\n<td><strong>SQ9NOZ<\/strong><\/td>\n<td>Rafa\u0142<\/td>\n<td>Siedliska<\/td>\n<td>G &#8211; RC<\/td>\n<td>rafaellom [at] o2.pl<\/td>\n<td><\/td>\n<\/tr>\n<tr>\n<td><strong>SQ9PCA<\/strong><\/td>\n<td>Arkadiusz<\/td>\n<td>G\u0142\u0119bowice<\/td>\n<td>G &#8211; RC<\/td>\n<td>arkadiusz.noszka [at] neostrada.pl<\/td>\n<td><\/td>\n<\/tr>\n<tr>\n<td><strong>SQ9PPU<\/strong><\/td>\n<td>Grzegorz<\/td>\n<td>Stanica<\/td>\n<td>G &#8211; GC<\/td>\n<td>sq9ppu [at] o2.pl<\/td>\n<td><\/td>\n<\/tr>\n<tr>\n<td><strong>SQ9PRL<\/strong><\/td>\n<td>Szczepan<\/td>\n<td>Rybnik<\/td>\n<td>G &#8211; RN<\/td>\n<td>szczepan [at] biurokomandos.pl<\/td>\n<td><\/td>\n<\/tr>\n<tr>\n<td><strong>SQ9PUW<\/strong><\/td>\n<td>Krzysztof<\/td>\n<td>Frydrychowice<\/td>\n<td>M &#8211; WA<\/td>\n<td>sq9puw [at] gmail.com<\/td>\n<td><\/td>\n<\/tr>\n<tr>\n<td><strong>SQ9ROT<\/strong><\/td>\n<td>Miros\u0142aw<\/td>\n<td>Pruchna<\/td>\n<td>G &#8211; CY<\/td>\n<td>sq9rot [at] o2.pl<\/td>\n<td><\/td>\n<\/tr>\n<tr>\n<td><strong>SQ9S<\/strong><\/td>\n<td>Adam<\/td>\n<td>Psz\u00f3w (ex SQ9JKS)<\/td>\n<td>G &#8211; WV<\/td>\n<td>sq9s [at] op.pl<\/td>\n<td><a href=\"https:\/\/sq9jks.jimdofree.com\/\" target=\"_blank\" rel=\"noopener\">www<\/a><\/td>\n<\/tr>\n<tr>\n<td><strong>SQ9SBA<\/strong><\/td>\n<td>Jerzy<\/td>\n<td>Rybnik<\/td>\n<td>G &#8211; RN<\/td>\n<td>jurszen [at] op.pl<\/td>\n<td><\/td>\n<\/tr>\n<tr>\n<td><strong>SQ9TU<\/strong><\/td>\n<td>Sebastian<\/td>\n<td>Rydu\u0142towy<\/td>\n<td>G &#8211; WV<\/td>\n<td>sebastian.stasiek [at] zhp.net.pl<\/td>\n<td><\/td>\n<\/tr>\n<tr>\n<td><strong>SQ9V<\/strong><\/td>\n<td>Wies\u0142aw<\/td>\n<td>Rydu\u0142towy<\/td>\n<td>G &#8211; WV<\/td>\n<td>sq9gai [at] wp.pl<\/td>\n<td><\/td>\n<\/tr>\n<tr>\n<td><strong>SQ9WE<\/strong><\/td>\n<td>Wac\u0142aw<\/td>\n<td>Psz\u00f3w<\/td>\n<td>G &#8211; WV<\/td>\n<td>sq9we [at] o2.pl<\/td>\n<td><\/td>\n<\/tr>\n<tr>\n<td><\/td>\n<td><\/td>\n<td><\/td>\n<td><\/td>\n<td><\/td>\n<td><\/td>\n<\/tr>\n<tr>\n<td><strong>SP6-9764<\/strong><\/td>\n<td>Stanis\u0142aw<\/td>\n<td>Rybnik<\/td>\n<td><\/td>\n<td>sp6-9764 [at] o2.pl<\/td>\n<td><\/td>\n<\/tr>\n<tr>\n<td><strong>SP9-31-044<\/strong><\/td>\n<td>Klub nas\u0142uchowc\u00f3w<\/td>\n<td>Racib\u00f3rz<\/td>\n<td><\/td>\n<td><\/td>\n<td><\/td>\n<\/tr>\n<tr>\n<td><strong>SP9-31-063<\/strong><\/td>\n<td>Bogus\u0142aw<\/td>\n<td>Racib\u00f3rz<\/td>\n<td><\/td>\n<td><\/td>\n<td><\/td>\n<\/tr>\n<tr>\n<td><strong>SP9-31-074<\/strong><\/td>\n<td>Damian<\/td>\n<td>Wilcza<\/td>\n<td><\/td>\n<td><\/td>\n<td><\/td>\n<\/tr>\n<tr>\n<td><strong>SP9-31-081<\/strong><\/td>\n<td>Mariusz<\/td>\n<td>Wodzis\u0142aw \u015al\u0105ski<\/td>\n<td><\/td>\n<td><\/td>\n<td><\/td>\n<\/tr>\n<tr>\n<td><strong>SP9-31-083<\/strong><\/td>\n<td>Piotr<\/td>\n<td>Psz\u00f3w<\/td>\n<td><\/td>\n<td><\/td>\n<td><\/td>\n<\/tr>\n<tr>\n<td><strong>SP9-31-084<\/strong><\/td>\n<td>Grzegorz<\/td>\n<td>Jastrz\u0119bie-Zdr\u00f3j<\/td>\n<td><\/td>\n<td><\/td>\n<td><\/td>\n<\/tr>\n<tr>\n<td><strong>SP9-31-086<\/strong><\/td>\n<td>Tomasz<\/td>\n<td>Rybnik<\/td>\n<td><\/td>\n<td><\/td>\n<td><\/td>\n<\/tr>\n<tr>\n<td><strong>SP9-31-087<\/strong><\/td>\n<td>\u0141ucjan<\/td>\n<td>Gorzyce<\/td>\n<td><\/td>\n<td><\/td>\n<td><\/td>\n<\/tr>\n<tr>\n<td><strong>SP9-31-088<\/strong><\/td>\n<td>\u0141ukasz<\/td>\n<td>Ciechan\u00f3w<\/td>\n<td><\/td>\n<td><\/td>\n<td><\/td>\n<\/tr>\n<tr>\n<td><strong>SP9-31-089<\/strong><\/td>\n<td>Anna<\/td>\n<td>Wodzis\u0142aw \u015al\u0105ski<\/td>\n<td><\/td>\n<td><\/td>\n<td><\/td>\n<\/tr>\n<tr>\n<td><strong>SP9-31-090<\/strong><\/td>\n<td>\u0141ukasz<\/td>\n<td>Wodzis\u0142aw \u015al\u0105ski<\/td>\n<td><\/td>\n<td><\/td>\n<td><\/td>\n<\/tr>\n<tr>\n<td><strong>SP9-31-092<\/strong><\/td>\n<td>Daria<\/td>\n<td>Wodzis\u0142aw \u015al\u0105ski<\/td>\n<td><\/td>\n<td>daria.87 [at] tlen.pl<\/td>\n<td><\/td>\n<\/tr>\n<tr>\n<td><strong>SP9-31-093<\/strong><\/td>\n<td>Marcin<\/td>\n<td>\u017bory<\/td>\n<td><\/td>\n<td>kwasnik.marcin [at] yahoo.co.uk<\/td>\n<td><\/td>\n<\/tr>\n<\/tbody>\n<\/table>\n<p>&nbsp;<\/p>\n<p>***<br \/>\n<strong>Uprasza si\u0119 aby zainteresowani kontrolowali aktualno\u015b\u0107 publikowanych danych, szczeg\u00f3lnie adresu e-mail.<\/strong><\/p>\n","protected":false},"excerpt":{"rendered":"<p>&nbsp; Cz\u0142onkowie Oddzia\u0142u Terenowego PZK w Rybniku na podstawie op\u0142aconych sk\u0142adek &#8211; stan na 18 sierpnia 2023 r. ZNAK IMI\u0118 MIEJSCOWO\u015a\u0106 SPPA e-mail WWW SO5CW Fabian Warka R-GJ so5cw@fkurz.net www SQ5ABF Artur M\u0142awa R &#8211; MA sq5abf [at] wp.pl SQ5ABG Wies\u0142aw Stare Garkowo R &#8211; MA sq5abg [at] tlen.pl SQ6BZI [&hellip;]<\/p>\n","protected":false},"author":2,"featured_media":0,"parent":0,"menu_order":0,"comment_status":"closed","ping_status":"closed","template":"page-templates\/template-fullwidth.php","meta":{"_themeisle_gutenberg_block_has_review":false,"footnotes":""},"class_list":["post-158","page","type-page","status-publish","hentry"],"aioseo_notices":[],"_links":{"self":[{"href":"https:\/\/ot31.pzk.org.pl\/index.php\/wp-json\/wp\/v2\/pages\/158","targetHints":{"allow":["GET"]}}],"collection":[{"href":"https:\/\/ot31.pzk.org.pl\/index.php\/wp-json\/wp\/v2\/pages"}],"about":[{"href":"https:\/\/ot31.pzk.org.pl\/index.php\/wp-json\/wp\/v2\/types\/page"}],"author":[{"embeddable":true,"href":"https:\/\/ot31.pzk.org.pl\/index.php\/wp-json\/wp\/v2\/users\/2"}],"replies":[{"embeddable":true,"href":"https:\/\/ot31.pzk.org.pl\/index.php\/wp-json\/wp\/v2\/comments?post=158"}],"version-history":[{"count":57,"href":"https:\/\/ot31.pzk.org.pl\/index.php\/wp-json\/wp\/v2\/pages\/158\/revisions"}],"predecessor-version":[{"id":1441,"href":"https:\/\/ot31.pzk.org.pl\/index.php\/wp-json\/wp\/v2\/pages\/158\/revisions\/1441"}],"wp:attachment":[{"href":"https:\/\/ot31.pzk.org.pl\/index.php\/wp-json\/wp\/v2\/media?parent=158"}],"curies":[{"name":"wp","href":"https:\/\/api.w.org\/{rel}","templated":true}]}}