{"id":14,"date":"2021-05-05T09:13:00","date_gmt":"2021-05-05T07:13:00","guid":{"rendered":"https:\/\/ot31.pzk.org.pl\/?page_id=14"},"modified":"2022-11-25T19:13:31","modified_gmt":"2022-11-25T18:13:31","slug":"kontakt","status":"publish","type":"page","link":"https:\/\/ot31.pzk.org.pl\/index.php\/kontakt\/","title":{"rendered":"Kontakt"},"content":{"rendered":"<p><span>Pytania dotycz\u0105ce naszego Oddzia\u0142u mo\u017cna kierowa\u0107 na\u00a0<\/span><strong><a href=\"mailto:pzkrybnik@wp.pl\">skrzynk\u0119<\/a><\/strong><span> Oddzia\u0142u<\/span><br \/>\nlub na adresy os\u00f3b pe\u0142ni\u0105cych funkcje w zarz\u0105dzie.<\/p>\n<p><strong>Na stronie <a href=\"https:\/\/ot31.pzk.org.pl\/index.php\/sklad-zarzadu-oddzialu\/\">Zarz\u0105du Oddzia\u0142u<\/a> e-adresy oraz numery kontaktowe<\/strong><\/p>\n<p>Nasz aktualny numer konta w<span>\u00a0<\/span><b>mBanku<\/b><br \/>\n<span style=\"color: green; font-family: Tahoma; font-size: x-large;\">33 1140 1010 0000 3533 4800 1020<\/span><br \/>\n<span>Oddzia\u0142 Terenowy 31 PZK przy MOK w Pszowie<\/span><br \/>\n<span>44-370 Psz\u00f3w, ul. Traugutta 1<\/span><\/p>\n<p style=\"margin-bottom: 0cm;\"><strong>Kontakt z Zarz\u0105dem OT 31 PZK w pi\u0105tki w godzinach 18.00- 20.00 w klubie SP9PKM oraz na gie\u0142do spotkaniach w MOK w Pszowie w trzeci\u0105 niedziel\u0119 miesi\u0105ca od 8.00-11.00<\/strong><o:p><\/o:p><\/p>\n<p><strong>Jak do\u0142\u0105czy\u0107 do Rybnickiego Oddzia\u0142u Terenowego Polskiego Zwi\u0105zku Kr\u00f3tkofalowc\u00f3w ?<\/strong><\/p>\n<p>Nale\u017cy pobra\u0107, wype\u0142ni\u0107, wydrukowa\u0107, w\u0142asnor\u0119cznie podpisa\u0107<\/p>\n<p>a) \u201e<em><strong>Deklaracja przyst\u0105pienia do PZK<\/strong><\/em>\u201d \u00a0\u00a0 \u00a0\u00a0 \u00a0\u00a0 \u00a0\u00a0 \u00a0\u00a0 \u00a0\u00a0 \u00a0\u00a0 \u00a0\u00a0 \u00a0\u00a0 \u00a0<a href=\"https:\/\/ot31.pzk.org.pl\/wp-content\/uploads\/2022\/11\/deklaracja_pzk.rtf\" rel=\"noopener\" target=\"_blank\"><strong>pobranie<\/strong><\/a><br \/>\nb) \u201e<em><strong>Informacja o cz\u0142onku wst\u0119puj\u0105cym do PZK<\/strong><\/em>&#8221; \u00a0\u00a0 \u00a0\u00a0 \u00a0\u00a0 <a href=\"https:\/\/ot31.pzk.org.pl\/wp-content\/uploads\/2022\/11\/kartainformacji_czlonka_pzk.odt\" rel=\"noopener\" target=\"_blank\"><strong>pobranie<\/strong><\/a><\/p>\n<p><strong>Dla wyst\u0119puj\u0105cych o licencj\u0119 <\/strong><strong>SWL (amatorskiej stacji nasluchowej):<\/strong><br \/>\nczynno\u015bci jak dla nadawc\u00f3w, dodatkowo do\u0142\u0105czy\u0107<br \/>\nc) \u201e<em><strong>Wniosek o wydanie licencji SWL<\/strong><\/em>\u201d <a href=\"https:\/\/ot31.pzk.org.pl\/wp-content\/uploads\/2022\/11\/wniosek_SWL.odt\" rel=\"noopener\" target=\"_blank\"><strong>\u00a0\u00a0\u00a0\u00a0\u00a0\u00a0\u00a0\u00a0\u00a0\u00a0\u00a0\u00a0\u00a0\u00a0\u00a0\u00a0\u00a0\u00a0\u00a0\u00a0\u00a0\u00a0\u00a0\u00a0\u00a0\u00a0 pobranie<\/strong><\/a><\/p>\n<p>Ww. dokumenty nale\u017cy przed\u0142o\u017cy\u0107 cz\u0142onkowi Zarz\u0105du OT-31 PZK<br \/>\nPo zatwierdzeniu przez Zarz\u0105d nale\u017cy ui\u015bci\u0107 <a href=\"https:\/\/ot31.pzk.org.pl\/index.php\/skladki\/\"><strong>SK\u0141ADKI<\/strong><\/a>.<\/p>\n","protected":false},"excerpt":{"rendered":"<p>Pytania dotycz\u0105ce naszego Oddzia\u0142u mo\u017cna kierowa\u0107 na\u00a0skrzynk\u0119 Oddzia\u0142u lub na adresy os\u00f3b pe\u0142ni\u0105cych funkcje w zarz\u0105dzie. Na stronie Zarz\u0105du Oddzia\u0142u e-adresy oraz numery kontaktowe Nasz aktualny numer konta w\u00a0mBanku 33 1140 1010 0000 3533 4800 1020 Oddzia\u0142 Terenowy 31 PZK przy MOK w Pszowie 44-370 Psz\u00f3w, ul. Traugutta 1 Kontakt [&hellip;]<\/p>\n","protected":false},"author":1,"featured_media":0,"parent":0,"menu_order":0,"comment_status":"closed","ping_status":"closed","template":"","meta":{"_themeisle_gutenberg_block_has_review":false,"footnotes":""},"class_list":["post-14","page","type-page","status-publish","hentry"],"aioseo_notices":[],"_links":{"self":[{"href":"https:\/\/ot31.pzk.org.pl\/index.php\/wp-json\/wp\/v2\/pages\/14","targetHints":{"allow":["GET"]}}],"collection":[{"href":"https:\/\/ot31.pzk.org.pl\/index.php\/wp-json\/wp\/v2\/pages"}],"about":[{"href":"https:\/\/ot31.pzk.org.pl\/index.php\/wp-json\/wp\/v2\/types\/page"}],"author":[{"embeddable":true,"href":"https:\/\/ot31.pzk.org.pl\/index.php\/wp-json\/wp\/v2\/users\/1"}],"replies":[{"embeddable":true,"href":"https:\/\/ot31.pzk.org.pl\/index.php\/wp-json\/wp\/v2\/comments?post=14"}],"version-history":[{"count":43,"href":"https:\/\/ot31.pzk.org.pl\/index.php\/wp-json\/wp\/v2\/pages\/14\/revisions"}],"predecessor-version":[{"id":1207,"href":"https:\/\/ot31.pzk.org.pl\/index.php\/wp-json\/wp\/v2\/pages\/14\/revisions\/1207"}],"wp:attachment":[{"href":"https:\/\/ot31.pzk.org.pl\/index.php\/wp-json\/wp\/v2\/media?parent=14"}],"curies":[{"name":"wp","href":"https:\/\/api.w.org\/{rel}","templated":true}]}}