{"id":13,"date":"2021-05-05T09:13:00","date_gmt":"2021-05-05T07:13:00","guid":{"rendered":"https:\/\/ot31.pzk.org.pl\/?page_id=13"},"modified":"2023-03-01T19:48:55","modified_gmt":"2023-03-01T18:48:55","slug":"home","status":"publish","type":"page","link":"https:\/\/ot31.pzk.org.pl\/","title":{"rendered":"Home"},"content":{"rendered":"\r\n<p class=\"is-layout-flow wp-block-cover-is-layout-flow\">&nbsp;<\/p>\r\n\r\n\r\n\r\n<p style=\"color: #3c4858; font-size: 15px;\"><img loading=\"lazy\" decoding=\"async\" src=\"https:\/\/ot31.pzk.org.pl\/wp-content\/uploads\/2021\/05\/pzk.png\" alt=\"\" width=\"63\" height=\"126\" \/><\/p>\r\n<p style=\"color: #3c4858; font-size: 15px;\"><!-- \/wp:post-content --><!-- \/wp:cover -->\r\n\r\n<!-- wp:columns {\"className\":\"container\"} -->\r\n\r\n<!-- wp:column {\"className\":\"col-md-5\"} -->\r\n\r\n<!-- wp:spacer {\"height\":45} --><!-- \/wp:spacer -->\r\n\r\n<!-- wp:heading --><\/p>\r\n<h2>O nas<\/h2>\r\n<p style=\"color: #3c4858; font-size: 15px;\"><!-- \/wp:heading -->\r\n\r\n<!-- wp:paragraph --><\/p>\r\n<p>Kr\u00f3tkofalarstwo to hobby. To wyb\u00f3r sposobu sp\u0119dzania wolnego czasu, to \u015bwiadome przyzwolenie na podporz\u0105dkowanie si\u0119 pewnym organizacyjnym rygorom, kt\u00f3re &#8211; wobec mi\u0119dzynarodowej skali &#8222;zjawiska&#8221; i konieczno\u015bci wsp\u00f3\u0142pracy na tej samej p\u0142aszczy\u017anie z innymi, profesjonalnymi s\u0142u\u017cbami &#8211; czyni\u0105 z nas partner\u00f3w dla owych zawodowc\u00f3w, wykorzystuj\u0105cych eter profesjonalnie.<\/p>\r\n<p>Je\u017celi jednak uznasz, \u017ce Twoje uczestnictwo w organizacji o ponad 90-letniej tradycji nie narusza Twojego poczucia konieczno\u015bci swobody &#8211; przyjd\u017a do nas. Niezale\u017cnie od tego czy w og\u00f3le nie mia\u0142e\u015b jeszcze kontaktu z naszym hobby, czy ju\u017c pracujesz w eterze jako amator pasma CB &#8211; spr\u00f3buj czego\u015b nowego. Zapraszamy.<\/p>\r\n<p>&nbsp;<\/p>\r\n<h4><span style=\"color: #ff6600;\">Podstawowym \u017ar\u00f3d\u0142em informacji o dzia\u0142alno\u015bci Polskiego Zwi\u0105zku Kr\u00f3tkofalowc\u00f3w jest strona internetowa<\/span> <a href=\"https:\/\/pzk.org.pl\" rel=\"noopener\" target=\"_blank\">ZG PZK<\/a>.<\/h4>\r\n<h5>Rybnicki Oddzia\u0142 Terenowy Polskiego Zwi\u0105zku Kr\u00f3tkofalowc\u00f3w istnieje od 18 lutego 1996 r.<\/h5>\r\n<p><em>Stacje klubowe<\/em> &#8211; w Rybniku pracuje stacja <strong>SP9PRO<\/strong>, w \u015awierklanach <strong>SP9PZD<\/strong>, w Pszowie <strong>SP9PKM<\/strong> , w Czerwionce <strong>SP9KVC<\/strong>, w Raciborzu <strong>SP9KJU<\/strong> oraz klub nas\u0142uchowy<strong> SP9-31044<\/strong>, w\u00a0Ku\u017ani Raciborskiej-Siedliskach <strong>SP9PRR<\/strong>.<\/p>\r\n<p>W Rybnickim OT PZK zrzeszone s\u0105 tak\u017ce kluby: <strong>SP5CI<\/strong> z Ciechanowa, <strong>SP5PAT<\/strong> ze Starego Garkowa, <strong>SP5PMD<\/strong> z \u017buromina, <strong>SP9KUP<\/strong> z Andrychowa, <strong>SP9ZKN<\/strong> z Wadowic oraz <strong>SP9KVZ<\/strong> z miejscowo\u015bci Borowce.<\/p>\r\n<p>&nbsp;<\/p>\r\n<p style=\"color: #3c4858; font-size: 15px;\"><!-- \/wp:paragraph --><!-- \/wp:column --><\/p>\r\n<h3><span style=\"color: #00ffff;\">W zak\u0142adce &#8222;<span style=\"color: #3366ff;\">Do pobrania<\/span>&#8221; materia\u0142y znalezione w sieci.<\/span><\/h3>\r\n<h3>W sprawach publikacji w\u0142asnych materia\u0142\u00f3w prosz\u0119 kontaktowa\u0107 si\u0119 z <a href=\"mailto:sq9mz@sq9mz.pl\"><em><strong>administratorem<\/strong><\/em><\/a> strony.<\/h3>","protected":false},"excerpt":{"rendered":"<p>O nas Kr\u00f3tkofalarstwo to hobby. To wyb\u00f3r sposobu sp\u0119dzania wolnego czasu, to \u015bwiadome przyzwolenie na podporz\u0105dkowanie si\u0119 pewnym organizacyjnym rygorom, kt\u00f3re &#8211; wobec mi\u0119dzynarodowej skali &#8222;zjawiska&#8221; i konieczno\u015bci wsp\u00f3\u0142pracy na tej samej p\u0142aszczy\u017anie z innymi, profesjonalnymi s\u0142u\u017cbami &#8211; czyni\u0105 z nas partner\u00f3w dla owych zawodowc\u00f3w, wykorzystuj\u0105cych eter profesjonalnie. Je\u017celi jednak [&hellip;]<\/p>\n","protected":false},"author":1,"featured_media":0,"parent":0,"menu_order":0,"comment_status":"closed","ping_status":"closed","template":"","meta":{"_themeisle_gutenberg_block_has_review":false,"footnotes":""},"class_list":["post-13","page","type-page","status-publish","hentry"],"aioseo_notices":[],"_links":{"self":[{"href":"https:\/\/ot31.pzk.org.pl\/index.php\/wp-json\/wp\/v2\/pages\/13","targetHints":{"allow":["GET"]}}],"collection":[{"href":"https:\/\/ot31.pzk.org.pl\/index.php\/wp-json\/wp\/v2\/pages"}],"about":[{"href":"https:\/\/ot31.pzk.org.pl\/index.php\/wp-json\/wp\/v2\/types\/page"}],"author":[{"embeddable":true,"href":"https:\/\/ot31.pzk.org.pl\/index.php\/wp-json\/wp\/v2\/users\/1"}],"replies":[{"embeddable":true,"href":"https:\/\/ot31.pzk.org.pl\/index.php\/wp-json\/wp\/v2\/comments?post=13"}],"version-history":[{"count":63,"href":"https:\/\/ot31.pzk.org.pl\/index.php\/wp-json\/wp\/v2\/pages\/13\/revisions"}],"predecessor-version":[{"id":1321,"href":"https:\/\/ot31.pzk.org.pl\/index.php\/wp-json\/wp\/v2\/pages\/13\/revisions\/1321"}],"wp:attachment":[{"href":"https:\/\/ot31.pzk.org.pl\/index.php\/wp-json\/wp\/v2\/media?parent=13"}],"curies":[{"name":"wp","href":"https:\/\/api.w.org\/{rel}","templated":true}]}}