{"id":125,"date":"2021-05-05T12:11:38","date_gmt":"2021-05-05T10:11:38","guid":{"rendered":"https:\/\/ot31.pzk.org.pl\/?page_id=125"},"modified":"2023-10-11T23:18:09","modified_gmt":"2023-10-11T21:18:09","slug":"linki","status":"publish","type":"page","link":"https:\/\/ot31.pzk.org.pl\/index.php\/linki\/","title":{"rendered":"Linki &#8211; odno\u015bniki"},"content":{"rendered":"<div align=\"justify\">\n<h5><\/h5>\n<\/div>\n<hr \/>\n<h4>Strony polskoj\u0119zyczne<\/h4>\n<p><span>Strona Marka\u00a0<\/span><strong><a href=\"http:\/\/www.sp7dqr.pl\/\" target=\"_blank\" rel=\"noopener\">SP7DQR<\/a><\/strong><span>, zawieraj\u0105ca m.in. liczne programy komputerowe przeznaczone dla kr\u00f3tkofalowc\u00f3w.<\/span><\/p>\n<p>Strona programu dyplomowego PGA, zawod\u00f3w PGA oraz sporo innych u\u017cytecznych informacji &#8211;<span>\u00a0<\/span><strong><a href=\"http:\/\/spga.pl\/\" target=\"_blank\" rel=\"noopener\">PGA<\/a><\/strong>.<\/p>\n<p>Popularne forum kr\u00f3tkofalarskie &#8211;<span>\u00a0<\/span><a href=\"http:\/\/sp7pki.iq24.pl\/default.asp\" target=\"_blank\" rel=\"noopener\"><strong>SP7PKI<\/strong><\/a>.<\/p>\n<p><span style=\"color: #0000ff; font-family: Tahoma; font-size: medium;\">Strona Polskiego Zwi\u0105zku Kr\u00f3tkofalowc\u00f3w; oficjalne miejsce naszej organizacji. Tam m.in. aktualna lista cz\u0142onk\u00f3w PZK z oznaczon\u0105 przynale\u017cno\u015bci\u0105 do Oddzia\u0142u terenowego (qsl info!), adresy, kontakty, dalsze odno\u015bniki &#8211;<span>\u00a0<\/span><a href=\"https:\/\/www.pzk.org.pl\/news.php\" target=\"_blank\" rel=\"noopener\"><strong>ZG PZK<\/strong><\/a>.<\/span><\/p>\n<p>&nbsp;<\/p>\n<p><span style=\"color: #0000ff; font-family: Tahoma; font-size: medium;\"><span style=\"color: green; font-family: Tahoma; font-size: small;\">Strony Oddzia\u0142\u00f3w Terenowych PZK w okr\u0119gu<span>\u00a0<\/span><b><u>pierwszym<\/u><\/b><br \/>\n<\/span><\/span><\/p>\n<ul>\n<li>\u00a0OT nr 14<span>\u00a0<\/span><a href=\"http:\/\/ot14.pzk.org.pl\/news.php\" target=\"_blank\" rel=\"noopener\">Zachodniopomorski<\/a><\/li>\n<li>OT nr 22<span>\u00a0<\/span><a href=\"http:\/\/ot22.pzk.org.pl\/\" target=\"_blank\" rel=\"noopener\">\u015arodkowopomorski<\/a><\/li>\n<\/ul>\n<p><span style=\"color: green; font-family: Tahoma; font-size: small;\">Strony Oddzia\u0142\u00f3w Terenowych PZK w okr\u0119gu<span>\u00a0<\/span><b><u>drugim<\/u><\/b><br \/>\n<\/span><\/p>\n<ul>\n<li>OT nr 04<span>\u00a0<\/span><a href=\"http:\/\/ot04.pzk.org.pl\/\" target=\"_blank\" rel=\"noopener\">Bydgoski<\/a><\/li>\n<li>OT nr 09<span>\u00a0<\/span><a href=\"http:\/\/otpzk.gdansk.pl\/\" target=\"_blank\" rel=\"noopener\">Pomorski<\/a><\/li>\n<li>OT nr 16<span>\u00a0<\/span><a href=\"https:\/\/ot16.pzk.org.pl\/\" target=\"_blank\" rel=\"noopener\">\u017bu\u0142awski<\/a><\/li>\n<li>OT nr 26 w Toruniu &#8211; stacja <span style=\"color: #800080;\">SP2PTU<\/span><\/li>\n<\/ul>\n<p><span style=\"color: green; font-family: Tahoma; font-size: small;\">Strony Oddzia\u0142\u00f3w Terenowych PZK w okr\u0119gu<span>\u00a0<\/span><b><u>trzecim<\/u><\/b><br \/>\n<\/span><\/p>\n<ul>\n<li>OT nr 08<span>\u00a0<\/span><a href=\"http:\/\/ot08.pzk.org.pl\/\" target=\"_blank\" rel=\"noopener\">Pozna\u0144ski<\/a><\/li>\n<li>OT nr 23<span>\u00a0<\/span><a href=\"http:\/\/ot23.pzk.org.pl\/\" target=\"_blank\" rel=\"noopener\">Nadnotecki<\/a><\/li>\n<li>OT nr 27<span>\u00a0<\/span><a href=\"http:\/\/ot27.pzk.org.pl\/\" target=\"_blank\" rel=\"noopener\">Po\u0142udniowowielkopolski<\/a><\/li>\n<li>OT nr 32<span> Lubuski &#8211; prezes SP3AMO<br \/>\n<\/span><\/li>\n<\/ul>\n<p><span style=\"color: green; font-family: Tahoma; font-size: small;\">Strony Oddzia\u0142\u00f3w Terenowych PZK w okr\u0119gu<span>\u00a0<\/span><b><u>czwartym<\/u><\/b><br \/>\n<\/span><\/p>\n<ul>\n<li>OT nr 17<span>\u00a0<\/span><a href=\"http:\/\/www.hamradio.biaman.pl\/otpzk\/otpzk3.htm\" target=\"_blank\" rel=\"noopener\">Bia\u0142ostocki<\/a><\/li>\n<li>OT nr 21<span>\u00a0<\/span><a href=\"http:\/\/ot21.pzk.org.pl\/\" target=\"_blank\" rel=\"noopener\">Olszty\u0144ski<\/a><\/li>\n<\/ul>\n<p><span style=\"color: green; font-family: Tahoma; font-size: small;\">Strony Oddzia\u0142\u00f3w Terenowych PZK w okr\u0119gu<span>\u00a0<\/span><b><u>pi\u0105tym<\/u><\/b><br \/>\n<\/span><\/p>\n<ul>\n<li>OT nr 25<span>\u00a0<\/span><a href=\"http:\/\/wotpzk.org.pl\/\" target=\"_blank\" rel=\"noopener\">Warszawski<\/a><\/li>\n<li>OT nr 37<span>\u00a0<\/span><a href=\"https:\/\/ot37.pzk.org.pl\/\" target=\"_blank\" rel=\"noopener\">Praski<\/a><\/li>\n<li>OT nr 73<span>\u00a0<\/span><a href=\"http:\/\/vot.pzk.org.pl\/\" target=\"_blank\" rel=\"noopener\">Wirtualny<\/a><\/li>\n<\/ul>\n<p><span style=\"color: green; font-family: Tahoma; font-size: small;\">Strony Oddzia\u0142\u00f3w Terenowych PZK w okr\u0119gu<span>\u00a0<\/span><b><u>sz\u00f3stym<\/u><\/b><br \/>\n<\/span><\/p>\n<ul>\n<li>OT nr 01<span>\u00a0<\/span><a href=\"https:\/\/ot01.pzk.org.pl\/\" target=\"_blank\" rel=\"noopener\">Dolno\u015bl\u0105ski<\/a><\/li>\n<li>OT nr 11<span>\u00a0<\/span><a href=\"http:\/\/ot11pzk.wordpress.com\/\" target=\"_blank\" rel=\"noopener\">Opolski<\/a><\/li>\n<li>OT nr 13<span> <\/span><a href=\"https:\/\/sotpzk.pl\/\" target=\"_blank\" rel=\"noopener\">Sudecki<\/a><\/li>\n<\/ul>\n<p><span style=\"color: green; font-family: Tahoma; font-size: small;\">Strony Oddzia\u0142\u00f3w Terenowych PZK w okr\u0119gu<span>\u00a0<\/span><b><u>si\u00f3dmym<\/u><\/b><br \/>\n<\/span><\/p>\n<ul>\n<li>OT nr 03<span>\u00a0<\/span><a href=\"http:\/\/kielce.qrz.pl\/\" target=\"_blank\" rel=\"noopener\">\u015awi\u0119tokrzyski<\/a><\/li>\n<li>OT nr 15<span>\u00a0<\/span><a href=\"http:\/\/ot15.pzk.org.pl\/\" target=\"_blank\" rel=\"noopener\">\u0141\u00f3dzki<\/a><\/li>\n<li>OT nr 24<span>\u00a0<\/span><a href=\"http:\/\/ot24pzk.gpe.pl\/\" target=\"_blank\" rel=\"noopener\">Skierniewicki<\/a><\/li>\n<li>OT nr 51 Staropolski &#8211; prezes SP7SP<\/li>\n<\/ul>\n<p><span style=\"color: green; font-family: Tahoma; font-size: small;\">Strony Oddzia\u0142\u00f3w Terenowych PZK w okr\u0119gu<span>\u00a0<\/span><b><u>\u00f3smym<\/u><\/b><br \/>\n<\/span><\/p>\n<ul>\n<li>OT nr 05<span>\u00a0<\/span><a href=\"https:\/\/ot05.pzk.org.pl\/\" target=\"_blank\" rel=\"noopener\">Podkarpacki<\/a><\/li>\n<li>OT nr 18<span>\u00a0<\/span><a href=\"http:\/\/ot18.pzk.org.pl\/\" target=\"_blank\" rel=\"noopener\">Rzeszowski<\/a><\/li>\n<li>OT nr 20<span>\u00a0<\/span><a href=\"https:\/\/ot20.pzk.org.pl\/start.php\" target=\"_blank\" rel=\"noopener\">Lubelski<\/a><\/li>\n<li>OT nr 35 Jaros\u0142awski &#8211; prezes SP8AUP<\/li>\n<\/ul>\n<p><span style=\"color: green; font-family: Tahoma; font-size: small;\">Strony Oddzia\u0142\u00f3w Terenowych PZK w okr\u0119gu<span>\u00a0<\/span><b><u>dziewi\u0105tym<\/u><\/b><span>\u00a0<\/span>&#8211; nasi s\u0105siedzi.<br \/>\n<\/span><\/p>\n<ul>\n<li>OT nr 06<span>\u00a0<\/span><a href=\"http:\/\/pzk.katowice.pl\/\" target=\"_blank\" rel=\"noopener\">\u015al\u0105ski<\/a><\/li>\n<li>OT nr 10<span>\u00a0<\/span><a href=\"http:\/\/www.sp9pkz.cba.pl\/index.html\" target=\"_blank\" rel=\"noopener\">Ma\u0142opolski<\/a><\/li>\n<li>OT nr 12<span>\u00a0<\/span><a href=\"http:\/\/www.sp9plk.org.pl\/\" target=\"_blank\" rel=\"noopener\">Krakowski<\/a><\/li>\n<li>OT nr 28<span>\u00a0<\/span><a href=\"http:\/\/sp9pta.hamradio.pl\/\" target=\"_blank\" rel=\"noopener\">Tarnowski<\/a><\/li>\n<li>OT nr 29<span>\u00a0<\/span><a href=\"http:\/\/www.got29pzk.pl\/\" target=\"_blank\" rel=\"noopener\">G\u00f3rno\u015bl\u0105ski<\/a><\/li>\n<li>OT nr 50<span>\u00a0<\/span><a href=\"http:\/\/pzk.ovh\/\" target=\"_blank\" rel=\"noopener\">Gliwicki<\/a><\/li>\n<\/ul>\n<h4><u>Strony obcoj\u0119zyczne<\/u><\/h4>\n<p><span style=\"color: #0000ff; font-family: Tahoma; font-size: medium;\"><span style=\"color: teal;\">Obszerna, wymagaj\u0105ca sporego nak\u0142adu si\u0142 strona Jeffa<span>\u00a0<\/span><strong><a href=\"http:\/\/ac6v.com\/\" target=\"_blank\" rel=\"noopener\">AC6V<\/a><\/strong>.<\/span><\/span><\/p>\n<p>Najpopularniejszy callbook edytowalny on-line, artyku\u0142y, forum, blogi kr\u00f3tkofalarskie &#8211;<span>\u00a0<\/span><strong><a href=\"http:\/\/www.qrz.com\/\" target=\"_blank\" rel=\"noopener\">QRZ.com<\/a><\/strong>.<\/p>\n<p>Obszerna strona po\u015bwi\u0119cona zawodom i innym wsp\u00f3\u0142zawodnictwom kr\u00f3tkofalarskim<span>\u00a0<\/span><a href=\"http:\/\/www.ng3k.com\/\" target=\"_blank\" rel=\"noopener\"><strong>NG3K<\/strong><\/a>.<\/p>\n<p>Aktualno\u015bci ze \u015bwiata DX-\u00f3w<span>\u00a0<\/span><a href=\"http:\/\/dx-world.net\/\" target=\"_blank\" rel=\"noopener\"><strong>DX WorldNet<\/strong><\/a><\/p>\n<p>&nbsp;<\/p>\n<p><strong><span style=\"color: #ff0000;\">Sprawdzono aktualno\u015b\u0107 odno\u015bnik\u00f3w &#8211; 11 pa\u017adziernika 2023<\/span><\/strong><\/p>\n","protected":false},"excerpt":{"rendered":"<p>Strony polskoj\u0119zyczne Strona Marka\u00a0SP7DQR, zawieraj\u0105ca m.in. liczne programy komputerowe przeznaczone dla kr\u00f3tkofalowc\u00f3w. Strona programu dyplomowego PGA, zawod\u00f3w PGA oraz sporo innych u\u017cytecznych informacji &#8211;\u00a0PGA. Popularne forum kr\u00f3tkofalarskie &#8211;\u00a0SP7PKI. Strona Polskiego Zwi\u0105zku Kr\u00f3tkofalowc\u00f3w; oficjalne miejsce naszej organizacji. Tam m.in. aktualna lista cz\u0142onk\u00f3w PZK z oznaczon\u0105 przynale\u017cno\u015bci\u0105 do Oddzia\u0142u terenowego (qsl info!), [&hellip;]<\/p>\n","protected":false},"author":1,"featured_media":0,"parent":0,"menu_order":0,"comment_status":"closed","ping_status":"closed","template":"","meta":{"_themeisle_gutenberg_block_has_review":false,"footnotes":""},"class_list":["post-125","page","type-page","status-publish","hentry"],"aioseo_notices":[],"_links":{"self":[{"href":"https:\/\/ot31.pzk.org.pl\/index.php\/wp-json\/wp\/v2\/pages\/125","targetHints":{"allow":["GET"]}}],"collection":[{"href":"https:\/\/ot31.pzk.org.pl\/index.php\/wp-json\/wp\/v2\/pages"}],"about":[{"href":"https:\/\/ot31.pzk.org.pl\/index.php\/wp-json\/wp\/v2\/types\/page"}],"author":[{"embeddable":true,"href":"https:\/\/ot31.pzk.org.pl\/index.php\/wp-json\/wp\/v2\/users\/1"}],"replies":[{"embeddable":true,"href":"https:\/\/ot31.pzk.org.pl\/index.php\/wp-json\/wp\/v2\/comments?post=125"}],"version-history":[{"count":29,"href":"https:\/\/ot31.pzk.org.pl\/index.php\/wp-json\/wp\/v2\/pages\/125\/revisions"}],"predecessor-version":[{"id":1461,"href":"https:\/\/ot31.pzk.org.pl\/index.php\/wp-json\/wp\/v2\/pages\/125\/revisions\/1461"}],"wp:attachment":[{"href":"https:\/\/ot31.pzk.org.pl\/index.php\/wp-json\/wp\/v2\/media?parent=125"}],"curies":[{"name":"wp","href":"https:\/\/api.w.org\/{rel}","templated":true}]}}