{"id":122,"date":"2021-05-05T12:10:10","date_gmt":"2021-05-05T10:10:10","guid":{"rendered":"https:\/\/ot31.pzk.org.pl\/?page_id=122"},"modified":"2024-04-17T09:36:09","modified_gmt":"2024-04-17T07:36:09","slug":"sklad-zarzadu-oddzialu","status":"publish","type":"page","link":"https:\/\/ot31.pzk.org.pl\/index.php\/sklad-zarzadu-oddzialu\/","title":{"rendered":"Sk\u0142ad Zarz\u0105du Oddzia\u0142u"},"content":{"rendered":"<p><span>po walnym zebraniu Oddzia\u0142u 17 grudnia 2023 roku<\/span><\/p>\n<p><span style=\"color: #009500; font-family: Arial; font-size: large;\">Zarz\u0105d<\/span><\/p>\n<ul>\n<li>prezes &#8211;<span>\u00a0<\/span>Eugeniusz Kowol<b><span style=\"color: #008000; font-family: Tahoma; font-size: large;\"> SQ9HZM<\/span><\/b><span>\u00a0<\/span>\u00a0[sq9hzm@wp.pl]\u00a0<span style=\"color: blue;\">666 205 358<\/span><\/li>\n<li>viceprezes &#8211; Hubert Marcinek <strong>SP9MDY<\/strong>\u00a0 [sp9mdy@interia.pl] <span style=\"color: blue;\">607 744 161<\/span><span>\u00a0<\/span><\/li>\n<li>skarbnik &#8211; Rudolf Cop <strong>SP9RCF<\/strong> \u00a0[sp9rcf@wp.pl]\u00a0<span style=\"color: blue;\">503 519 820<\/span><\/li>\n<li>sekretarz &#8211; Adam Grzenia <strong>SQ9S<\/strong> \u00a0[sq9s@op.pl]<\/li>\n<li>cz\u0142onek zarz\u0105du &#8211; Henryk Ratajczak <strong>SQ9MZ<\/strong>\u00a0 [sq9mz@sq9mz.pl] <span style=\"color: #0000ff;\">505 900 871<\/span><\/li>\n<\/ul>\n<p><span style=\"color: #009500; font-family: Arial; font-size: large;\">Komisja Rewizyjna<\/span><\/p>\n<ul>\n<li>przewodnicz\u0105cy &#8211; Grzegorz Skaba <strong>SQ9NOS<\/strong>\u00a0[sq9nos@gmail.com]<\/li>\n<li>cz\u0142onek &#8211; Czes\u0142aw Kie\u0142kowski <strong>SQ9ANT<\/strong> \u00a0[sq9ant@wp.pl]<\/li>\n<li>cz\u0142onek &#8211; Mariusz Durka <strong>SQ9DIQ<\/strong> \u00a0[sq9diq@gmail.com]<\/li>\n<\/ul>\n<p><span style=\"color: #009500; font-family: Arial; font-size: large;\">Delegaci na Zjazd Krajowy PZK<\/span><\/p>\n<ul>\n<li>Eugeniusz Kowol <strong>SQ9HZM<\/strong> \u00a0[sq9hzm@wp.pl]<\/li>\n<li>J\u00f3zef \u0141uska <strong>SP9HVW<\/strong>\u00a0 [info@sp9hvw.info]<\/li>\n<\/ul>\n<p><span style=\"color: #009500; font-family: Arial; font-size: large;\">Zast\u0119pcy Delegat\u00f3w na Zjazd Krajowy PZK<\/span><\/p>\n<ul>\n<li>Andrzej <strong>SP9N<\/strong><\/li>\n<li>Tomasz <strong>SP9TSN<\/strong><\/li>\n<\/ul>\n<p><span style=\"color: #009500; font-family: Arial; font-size: large;\">Przedstawiciel Oddzia\u0142u na zebrania ZG PZK<\/span><\/p>\n<ul>\n<li>Jerzy Koler <strong>SP5GEO<\/strong>\u00a0 [sp5geo@wp.pl]<\/li>\n<\/ul>\n<p><span style=\"color: #800080;\"><em><strong>Funkcj\u0119 QSL-managera pe\u0142ni nadal <span style=\"color: #0000ff;\">Wies\u0142aw SQ9V<\/span><\/strong><\/em><\/span><\/p>\n<p><span style=\"color: #009500; font-family: Arial; font-size: large;\">\u00a0<\/span><\/p>\n<hr \/>\n","protected":false},"excerpt":{"rendered":"<p>po walnym zebraniu Oddzia\u0142u 17 grudnia 2023 roku Zarz\u0105d prezes &#8211;\u00a0Eugeniusz Kowol SQ9HZM\u00a0\u00a0[sq9hzm@wp.pl]\u00a0666 205 358 viceprezes &#8211; Hubert Marcinek SP9MDY\u00a0 [sp9mdy@interia.pl] 607 744 161\u00a0 skarbnik &#8211; Rudolf Cop SP9RCF \u00a0[sp9rcf@wp.pl]\u00a0503 519 820 sekretarz &#8211; Adam Grzenia SQ9S \u00a0[sq9s@op.pl] cz\u0142onek zarz\u0105du &#8211; Henryk Ratajczak SQ9MZ\u00a0 [sq9mz@sq9mz.pl] 505 900 871 Komisja Rewizyjna [&hellip;]<\/p>\n","protected":false},"author":1,"featured_media":0,"parent":0,"menu_order":0,"comment_status":"closed","ping_status":"closed","template":"","meta":{"_themeisle_gutenberg_block_has_review":false,"footnotes":""},"class_list":["post-122","page","type-page","status-publish","hentry"],"aioseo_notices":[],"_links":{"self":[{"href":"https:\/\/ot31.pzk.org.pl\/index.php\/wp-json\/wp\/v2\/pages\/122","targetHints":{"allow":["GET"]}}],"collection":[{"href":"https:\/\/ot31.pzk.org.pl\/index.php\/wp-json\/wp\/v2\/pages"}],"about":[{"href":"https:\/\/ot31.pzk.org.pl\/index.php\/wp-json\/wp\/v2\/types\/page"}],"author":[{"embeddable":true,"href":"https:\/\/ot31.pzk.org.pl\/index.php\/wp-json\/wp\/v2\/users\/1"}],"replies":[{"embeddable":true,"href":"https:\/\/ot31.pzk.org.pl\/index.php\/wp-json\/wp\/v2\/comments?post=122"}],"version-history":[{"count":24,"href":"https:\/\/ot31.pzk.org.pl\/index.php\/wp-json\/wp\/v2\/pages\/122\/revisions"}],"predecessor-version":[{"id":220,"href":"https:\/\/ot31.pzk.org.pl\/index.php\/wp-json\/wp\/v2\/pages\/122\/revisions\/220"}],"wp:attachment":[{"href":"https:\/\/ot31.pzk.org.pl\/index.php\/wp-json\/wp\/v2\/media?parent=122"}],"curies":[{"name":"wp","href":"https:\/\/api.w.org\/{rel}","templated":true}]}}