{"id":120,"date":"2021-05-05T12:09:30","date_gmt":"2021-05-05T10:09:30","guid":{"rendered":"https:\/\/ot31.pzk.org.pl\/?page_id=120"},"modified":"2023-12-02T14:00:31","modified_gmt":"2023-12-02T13:00:31","slug":"kluby-ziemi-rybnickiej-i-raciborskiej-oraz-sasiedzi","status":"publish","type":"page","link":"https:\/\/ot31.pzk.org.pl\/index.php\/kluby-ziemi-rybnickiej-i-raciborskiej-oraz-sasiedzi\/","title":{"rendered":"Nadawcy 3Z, SP oraz kluby &#8211; cz\u0142onkowie Oddzia\u0142u"},"content":{"rendered":"<p>W Rybniku pracuj\u0105 stacje\u00a0<strong>SP9PRO<\/strong> i <strong>SP9KJT<\/strong>, w \u015awierklanach\u00a0<strong>SP9PZD<\/strong>, w Pszowie\u00a0<strong><a href=\"https:\/\/sp9pkm.jimdofree.com\/\" target=\"_blank\" rel=\"noopener\">SP9PKM<\/a><\/strong>, w Czerwionce\u00a0<strong>SP9KVC<\/strong>, w Raciborzu\u00a0<strong><a href=\"http:\/\/sp9kju.blogspot.com\/\" target=\"_blank\" rel=\"noopener\">SP9KJU<\/a><\/strong>\u00a0i klub nas\u0142uchowy\u00a0<strong>SP9-31044<\/strong>, w Ku\u017ani Raciborskiej-Siedliskach\u00a0<strong>SP9PRR<\/strong>.<br \/>\nW Rybnickim OT PZK zrzeszone s\u0105 tak\u017ce kluby:\u00a0<strong>SP5CI<\/strong>\u00a0z Ciechanowa,\u00a0<strong>SP5PAT<\/strong>\u00a0ze Starego Garkowa,\u00a0<strong>SP5PMD<\/strong>\u00a0z \u017buromina,<br \/>\n<strong>SP9KUP<\/strong> z Andrychowa,\u00a0<strong>SP9ZKN\u00a0<\/strong>\u00a0z Wadowic oraz\u00a0<strong>SP9KVZ<\/strong>\u00a0z miejscowo\u015bci Borowce.<\/p>\n<p>&nbsp;<\/p>\n<h5>Znaki specjalne i okoliczno\u015bciowe obs\u0142ugiwane przez OT-31<br \/>\naktualizacja 01.12.2020 [spis znak\u00f3w w przygotowaniu]<\/h5>\n<table>\n<tbody>\n<tr>\n<td colspan=\"6\"><strong>Cz\u0142onkowie Oddzia\u0142u Terenowego PZK w Rybniku na podstawie op\u0142aconych sk\u0142adek<br \/>\n&#8211; <span style=\"color: #ff00ff;\">stan na 18 sierpnia 2023 r<\/span>.<\/strong><\/td>\n<\/tr>\n<tr>\n<th>ZNAK<\/th>\n<th>IMI\u0118<\/th>\n<th>MIEJSCOWO\u015a\u0106<\/th>\n<th>SPPA<\/th>\n<th>e-mail<\/th>\n<th>WWW<\/th>\n<\/tr>\n<tr>\n<td><strong>3Z9T<\/strong><\/td>\n<td>Mateusz<\/td>\n<td>Czerwionka<\/td>\n<td>G &#8211; RB<\/td>\n<td>hb9hcz [at] gmx.ch<\/td>\n<td><\/td>\n<\/tr>\n<tr>\n<td><strong>SP3SFM<\/strong><\/td>\n<td>Marek<\/td>\n<td>Leszno<\/td>\n<td>W &#8211; LE<\/td>\n<td>contest-sp3sfm [at] web.de<\/td>\n<td><\/td>\n<\/tr>\n<tr>\n<td><strong>SP5ADE<\/strong><\/td>\n<td>Zenon<\/td>\n<td>Nowe Garkowo<\/td>\n<td>R &#8211; MA<\/td>\n<td>sp5ade.zenek [at] wp.pl<\/td>\n<td><\/td>\n<\/tr>\n<tr>\n<td><strong>SP5BJ<\/strong><\/td>\n<td>Jakub<\/td>\n<td>Ciechan\u00f3w<\/td>\n<td>R &#8211; CI<\/td>\n<td>sp5bj [at] op.pl<\/td>\n<td><\/td>\n<\/tr>\n<tr>\n<td><strong>SP5BK<\/strong><\/td>\n<td>Krzysztof<\/td>\n<td>Ciechan\u00f3w<\/td>\n<td>R &#8211; CI<\/td>\n<td>sp5bk [at] op.pl<\/td>\n<td><\/td>\n<\/tr>\n<tr>\n<td><strong>SP5GEO<\/strong><\/td>\n<td>Jerzy<\/td>\n<td>N\u0119dza<\/td>\n<td>G &#8211; RC<\/td>\n<td>sp5geo [at] wp.pl<\/td>\n<td><\/td>\n<\/tr>\n<tr>\n<td><strong>SP5WML<\/strong><\/td>\n<td>Robert<\/td>\n<td>M\u0142awa<\/td>\n<td>R &#8211; MA<\/td>\n<td>robertyarosz [at] gmail.com<\/td>\n<td><\/td>\n<\/tr>\n<tr>\n<td><strong>SP6EER<\/strong><\/td>\n<td>Zbigniew<\/td>\n<td>Zakrz\u00f3w<\/td>\n<td>U &#8211; EY<\/td>\n<td>cieplydom [at] konto.pl<\/td>\n<td><\/td>\n<\/tr>\n<tr>\n<td><strong>SP6MPK<\/strong><\/td>\n<td>Mateusz<\/td>\n<td>Luboty\u0144<\/td>\n<td>U &#8211; GY<\/td>\n<td>sp6mpk [at] gmail.com<\/td>\n<td><\/td>\n<\/tr>\n<tr>\n<td><strong>SP6YG<\/strong><\/td>\n<td>Mariusz<\/td>\n<td>Le\u015bnica<\/td>\n<td>U &#8211; TE<\/td>\n<td>sp6yg [at] wp.pl<\/td>\n<td><\/td>\n<\/tr>\n<tr>\n<td><strong>SP9BI<\/strong><\/td>\n<td>Krzysztof<\/td>\n<td>Jastrz\u0119bie-Zdr\u00f3j<\/td>\n<td>G &#8211; JZ<\/td>\n<td>sp9bi [at] wp.pl<\/td>\n<td><\/td>\n<\/tr>\n<tr>\n<td><strong>SP9BQJ<\/strong><\/td>\n<td>Marek<\/td>\n<td>Iskrzyczyn<\/td>\n<td>G &#8211; CY<\/td>\n<td>sp9bqj [at] ka.onet.pl<\/td>\n<td><\/td>\n<\/tr>\n<tr>\n<td><strong>SP9CVY<\/strong><\/td>\n<td>Jerzy<\/td>\n<td>Andrych\u00f3w<\/td>\n<td>M &#8211; WA<\/td>\n<td>sp9cvy [at] onet.eu<\/td>\n<td><\/td>\n<\/tr>\n<tr>\n<td><strong>SP9DTR<\/strong><\/td>\n<td>Zygfryd<\/td>\n<td>Cha\u0142upki<\/td>\n<td>G &#8211; RC<\/td>\n<td><\/td>\n<td><\/td>\n<\/tr>\n<tr>\n<td><strong>SP9EAW<\/strong><\/td>\n<td>Pawe\u0142<\/td>\n<td>Knur\u00f3w<\/td>\n<td>G &#8211; GC<\/td>\n<td>sp9eaw [at] onet.pl<\/td>\n<td><\/td>\n<\/tr>\n<tr>\n<td><strong>SP9EBQ<\/strong><\/td>\n<td>Joachim<\/td>\n<td>Szczerbice<\/td>\n<td>G &#8211; RB<\/td>\n<td>sp9ebq [at] wp.pl<\/td>\n<td><\/td>\n<\/tr>\n<tr>\n<td><strong>SP9EUH<\/strong><\/td>\n<td>Eugeniusz<\/td>\n<td>Rybnik<\/td>\n<td>G &#8211; RN<\/td>\n<td>sp9euh [at] wp.pl<\/td>\n<td><\/td>\n<\/tr>\n<tr>\n<td><strong>SP9EYX<\/strong><\/td>\n<td>J\u00f3zef<\/td>\n<td>Ku\u017ania Raciborska<\/td>\n<td>G &#8211; RC<\/td>\n<td>sp9eyx [at] gmail.com<\/td>\n<td><\/td>\n<\/tr>\n<tr>\n<td><strong>SP9FOW<\/strong><\/td>\n<td>Roman<\/td>\n<td>\u015awierklany<\/td>\n<td>G &#8211; RB<\/td>\n<td>sp9fow [at] o2.pl<\/td>\n<td><\/td>\n<\/tr>\n<tr>\n<td><strong>SP9FTJ<\/strong><\/td>\n<td>Romuald<\/td>\n<td>Rybnik<\/td>\n<td>G &#8211; RN<\/td>\n<td>sp9ftj [at] rybnet.pl<\/td>\n<td><\/td>\n<\/tr>\n<tr>\n<td><strong>SP9FUC<\/strong><\/td>\n<td>Jerzy<\/td>\n<td>Psz\u00f3w<\/td>\n<td>G &#8211; WV<\/td>\n<td>sp9fuc [at] wp.pl<\/td>\n<td><\/td>\n<\/tr>\n<tr>\n<td><strong>SP9FUU<\/strong><\/td>\n<td>Jerzy<\/td>\n<td>Rybnik \u00a0\u00a0[Niewiadom]<\/td>\n<td>G &#8211; RN<\/td>\n<td>sp9fuu [at] wp.pl<\/td>\n<td><\/td>\n<\/tr>\n<tr>\n<td><strong>SP9GFI<\/strong><\/td>\n<td>Kazimierz<\/td>\n<td>Sosnowiec<\/td>\n<td>G &#8211; NI<\/td>\n<td>sp9gfi [at] wp.pl<\/td>\n<td><\/td>\n<\/tr>\n<tr>\n<td><strong>SP9HPA<\/strong><\/td>\n<td>Zbigniew<\/td>\n<td>Andrych\u00f3w<\/td>\n<td>M &#8211; WA<\/td>\n<td>sp9hpa [at] gmail.com<\/td>\n<td><\/td>\n<\/tr>\n<tr>\n<td><strong>SP9HVW<\/strong><\/td>\n<td>J\u00f3zef<\/td>\n<td>Jastrz\u0119bie-Zdr\u00f3j<\/td>\n<td>G &#8211; JZ<\/td>\n<td>sp9hvw [at] gmail.com<\/td>\n<td><\/td>\n<\/tr>\n<tr>\n<td><strong>SP9HXJ<\/strong><\/td>\n<td>Jan<\/td>\n<td>\u015awierklany<\/td>\n<td>G &#8211; RB<\/td>\n<td>sp9hxj [at] wp.pl<\/td>\n<td><\/td>\n<\/tr>\n<tr>\n<td><strong>SP9HZF<\/strong><\/td>\n<td>Andrzej<\/td>\n<td>Zabe\u0142k\u00f3w<\/td>\n<td>G &#8211; RC<\/td>\n<td>sp9hzf [at] gmail.com<\/td>\n<td><\/td>\n<\/tr>\n<tr>\n<td><strong>SP9JDP<\/strong><\/td>\n<td>Boles\u0142aw<\/td>\n<td>Jastrz\u0119bie-Zdr\u00f3j<\/td>\n<td>G &#8211; JZ<\/td>\n<td><\/td>\n<td><\/td>\n<\/tr>\n<tr>\n<td><strong>SP9JMP<\/strong><\/td>\n<td>Jacek<\/td>\n<td>Rybnik<\/td>\n<td>G &#8211; RN<\/td>\n<td>jacek.palka [at] us.edu.pl<\/td>\n<td><\/td>\n<\/tr>\n<tr>\n<td><strong>SP9JQ<\/strong><\/td>\n<td>J\u00f3zef<\/td>\n<td>Gogo\u0142owa<\/td>\n<td>G &#8211; WV<\/td>\n<td><\/td>\n<td><\/td>\n<\/tr>\n<tr>\n<td><strong>SP9KEK<\/strong><\/td>\n<td>Adam<\/td>\n<td>Knur\u00f3w<\/td>\n<td>G &#8211; GC<\/td>\n<td>sp9kek [at] gmail.com<\/td>\n<td><\/td>\n<\/tr>\n<tr>\n<td><strong>SP9KH<\/strong><\/td>\n<td>Rafa\u0142<\/td>\n<td>Jastrz\u0119bie-Zdr\u00f3j<\/td>\n<td>G &#8211; JZ<\/td>\n<td>sp9kh.pl [at] gmail.com<\/td>\n<td><\/td>\n<\/tr>\n<tr>\n<td><strong>SP9KOK<\/strong><\/td>\n<td>Andrzej<\/td>\n<td>Pruchna<\/td>\n<td>G &#8211; CY<\/td>\n<td>sp9kok [at] gmail.com<\/td>\n<td><\/td>\n<\/tr>\n<tr>\n<td><strong>SP9KW<\/strong><\/td>\n<td>Krzysztof<\/td>\n<td>Jastrz\u0119bie-Zdr\u00f3j<\/td>\n<td>G &#8211; JZ<\/td>\n<td>sp9kw [at] wp.pl<\/td>\n<td><\/td>\n<\/tr>\n<tr>\n<td><strong>SP9LDP<\/strong><\/td>\n<td>Wilhelm<\/td>\n<td>Racib\u00f3rz<\/td>\n<td>G &#8211; RC<\/td>\n<td>sp9ldp [at] poczta.onet.pl<\/td>\n<td><\/td>\n<\/tr>\n<tr>\n<td><strong>SP9LIV<\/strong><\/td>\n<td>Krystian<\/td>\n<td>Katowice<\/td>\n<td>G &#8211; KB<\/td>\n<td>sp9kri [at] wp.pl<\/td>\n<td><\/td>\n<\/tr>\n<tr>\n<td><strong>SP9LIZ<\/strong><\/td>\n<td>Marek<\/td>\n<td>Rybnik<\/td>\n<td>G &#8211; RN<\/td>\n<td>neuromark [at] go2.pl<\/td>\n<td><\/td>\n<\/tr>\n<tr>\n<td><strong>SP9LJD<\/strong><\/td>\n<td>Leszek<\/td>\n<td>Rzuch\u00f3w<\/td>\n<td>G &#8211; RC<\/td>\n<td>sp9ljd [at] go2.pl<\/td>\n<td><\/td>\n<\/tr>\n<tr>\n<td><strong>SP9LKN<\/strong><\/td>\n<td>\u0141ukasz<\/td>\n<td>Wodzis\u0142aw \u015al\u0105ski<\/td>\n<td>G &#8211; WV<\/td>\n<td>sp9lkn [at] gmail.com<\/td>\n<td><\/td>\n<\/tr>\n<tr>\n<td><strong>SP9MDY<\/strong><\/td>\n<td>Hubert<\/td>\n<td>Mak\u00f3w<\/td>\n<td>G &#8211; RC<\/td>\n<td>sp9mdy [at] interia.pl<\/td>\n<td><a href=\"http:\/\/sp9kju.blogspot.com\/\" target=\"_blank\" rel=\"noopener\">www<\/a><\/td>\n<\/tr>\n<tr>\n<td><strong>SP9MJ<\/strong><\/td>\n<td>Maksymilian<\/td>\n<td>Rybnik<\/td>\n<td>G &#8211; RN<\/td>\n<td>sp9mj [at] proton.me<\/td>\n<td><\/td>\n<\/tr>\n<tr>\n<td><strong>SP9MKM<\/strong><\/td>\n<td>Bogus\u0142aw<\/td>\n<td>Wodzis\u0142aw \u015al\u0105ski<\/td>\n<td>G &#8211; WV<\/td>\n<td>ok8pkm [at] interia.pl<\/td>\n<td><\/td>\n<\/tr>\n<tr>\n<td><strong>SP9MPR<\/strong><\/td>\n<td>Mariusz<\/td>\n<td>Rybnik<\/td>\n<td>G &#8211; RN<\/td>\n<td>sp9mpr [at] interia.pl<\/td>\n<td><\/td>\n<\/tr>\n<tr>\n<td><strong>SP9MQA<\/strong><\/td>\n<td>Dariusz<\/td>\n<td>Rybnik<\/td>\n<td>G &#8211; RN<\/td>\n<td><\/td>\n<td><\/td>\n<\/tr>\n<tr>\n<td><strong>SP9MQG<\/strong><\/td>\n<td>Marek<\/td>\n<td>Rybnik<\/td>\n<td>G &#8211; RN<\/td>\n<td>sp9mqg [at] op.pl<\/td>\n<td><\/td>\n<\/tr>\n<tr>\n<td><strong>SP9MRD<\/strong><\/td>\n<td>Remigiusz<\/td>\n<td>Racib\u00f3rz<\/td>\n<td>G &#8211; RC<\/td>\n<td>sp9mrd [at] gmail.com<\/td>\n<td><\/td>\n<\/tr>\n<tr>\n<td><strong>SP9MW<\/strong><\/td>\n<td>Marcin<\/td>\n<td>Jastrz\u0119bie-Zdr\u00f3j<\/td>\n<td>G &#8211; JZ<\/td>\n<td>marcinkomandor [at] gmail.com<\/td>\n<td><\/td>\n<\/tr>\n<tr>\n<td><strong>SP9N, SP9AQF<\/strong><\/td>\n<td>Andrzej<\/td>\n<td>\u0141uk\u00f3w \u015al\u0105ski<\/td>\n<td>G &#8211; RB<\/td>\n<td>sp9aqf [at] wp.pl<\/td>\n<td><\/td>\n<\/tr>\n<tr>\n<td><strong>SP9NLG<\/strong><\/td>\n<td>Ryszard<\/td>\n<td>Rybnik [Gotartowice]<\/td>\n<td>G &#8211; RN<\/td>\n<td>sp9nlg [at] op.pl<\/td>\n<td><\/td>\n<\/tr>\n<tr>\n<td><strong>SP9OHP<\/strong><\/td>\n<td>Adam<\/td>\n<td>Katowice<\/td>\n<td>G &#8211; KB<\/td>\n<td>sp9ohp [at] poczta.fm<\/td>\n<td><a href=\"http:\/\/sp9ohp.org\" target=\"_blank\" rel=\"noopener\">www<\/a><\/td>\n<\/tr>\n<tr>\n<td><strong>SP9OUK<\/strong><\/td>\n<td>Waldemar<\/td>\n<td>Leszczyny<\/td>\n<td>G &#8211; RB<\/td>\n<td><\/td>\n<td><\/td>\n<\/tr>\n<tr>\n<td><strong>SP9PT<\/strong><\/td>\n<td>Wojciech<\/td>\n<td>Rybnik<\/td>\n<td>G &#8211; RN<\/td>\n<td>sp9pt [at] izmon.pl<\/td>\n<td><\/td>\n<\/tr>\n<tr>\n<td><strong>SP9QMH<\/strong><\/td>\n<td>Jerzy<\/td>\n<td>Radlin<\/td>\n<td>G &#8211; WV<\/td>\n<td><\/td>\n<td><\/td>\n<\/tr>\n<tr>\n<td><strong>SP9QZI<\/strong><\/td>\n<td>Miros\u0142aw<\/td>\n<td>Wodzis\u0142aw \u015al\u0105ski<\/td>\n<td>G &#8211; WV<\/td>\n<td>sp9qzi [at] op.pl<\/td>\n<td><\/td>\n<\/tr>\n<tr>\n<td><strong>SP9QZZ<\/strong><\/td>\n<td>Bogus\u0142aw<\/td>\n<td>Rydu\u0142towy<\/td>\n<td>G &#8211; WV<\/td>\n<td><\/td>\n<td><\/td>\n<\/tr>\n<tr>\n<td><strong>SP9RCF<\/strong><\/td>\n<td>Rudolf<\/td>\n<td>Czerwionka \u00a0\u00a0[Czuch\u00f3w]<\/td>\n<td>G &#8211; RB<\/td>\n<td>sp9rcf [at] wp.pl<\/td>\n<td><\/td>\n<\/tr>\n<tr>\n<td><strong>SP9RCL<\/strong><\/td>\n<td>Piotr<\/td>\n<td>Kielcza<\/td>\n<td>U &#8211; TE<\/td>\n<td>sp9rcl [at] wp.pl<\/td>\n<td><\/td>\n<\/tr>\n<tr>\n<td><strong>SP9REP<\/strong><\/td>\n<td>Boles\u0142aw<\/td>\n<td>Rybnik\u00a0\u00a0[Chwa\u0142owice]<\/td>\n<td>G &#8211; RN<\/td>\n<td>sp9rep [at] rybnet.pl<\/td>\n<td><\/td>\n<\/tr>\n<tr>\n<td><strong>SP9REU<\/strong><\/td>\n<td>J\u00f3zef<\/td>\n<td>Paw\u0142owice<\/td>\n<td>G &#8211; PY<\/td>\n<td>sp9reu [at] o2.pl<\/td>\n<td><\/td>\n<\/tr>\n<tr>\n<td><strong>SP9RTZ<\/strong><\/td>\n<td>Marian<\/td>\n<td>Borowce<\/td>\n<td>G &#8211; CZ<\/td>\n<td>sp9rtz [at] gmail.com<\/td>\n<td><\/td>\n<\/tr>\n<tr>\n<td><strong>SP9RU<\/strong><\/td>\n<td>Roman<\/td>\n<td>Rybnik<\/td>\n<td>G &#8211; RN<\/td>\n<td>mars1932 [at] wp.pl<\/td>\n<td><\/td>\n<\/tr>\n<tr>\n<td><strong>SP9RZC<\/strong><\/td>\n<td>S\u0142awomir<\/td>\n<td>Chybie<\/td>\n<td>G &#8211; CY<\/td>\n<td>slawek27111 [at] wp.pl<\/td>\n<td><\/td>\n<\/tr>\n<tr>\n<td><strong>SP9SDF<\/strong><\/td>\n<td>Adam<\/td>\n<td>Rybnik<\/td>\n<td>G &#8211; RN<\/td>\n<td>sp9sdf [at] wp.pl<\/td>\n<td><\/td>\n<\/tr>\n<tr>\n<td><strong>SP9SDR<\/strong><\/td>\n<td>Stanis\u0142aw<\/td>\n<td>Wieprz<\/td>\n<td>M &#8211; WA<\/td>\n<td>sp9sdr [at] interia.pl<\/td>\n<td><\/td>\n<\/tr>\n<tr>\n<td><strong>SP9SMD<\/strong><\/td>\n<td>Roman<\/td>\n<td>Rzyki<\/td>\n<td>M &#8211; WA<\/td>\n<td>sp9smd [at] gmail.com<\/td>\n<td><\/td>\n<\/tr>\n<tr>\n<td><strong>SP9SOO<\/strong><\/td>\n<td>Jacek<\/td>\n<td>K\u0119ty<\/td>\n<td>M &#8211; OW<\/td>\n<td>sp9soo [at] wp.pl<\/td>\n<td><\/td>\n<\/tr>\n<tr>\n<td><strong>SP9SSD<\/strong><\/td>\n<td>Andrzej<\/td>\n<td>Czerwionka<\/td>\n<td>G &#8211; RB<\/td>\n<td><\/td>\n<td><\/td>\n<\/tr>\n<tr>\n<td><strong>SP9TMR<\/strong><\/td>\n<td>Rafa\u0142<\/td>\n<td>Rydu\u0142towy<\/td>\n<td>G &#8211; WV<\/td>\n<td>sp9tmr [at] wp.pl<\/td>\n<td><\/td>\n<\/tr>\n<tr>\n<td><strong>SP9TNN<\/strong><\/td>\n<td>Tadeusz<\/td>\n<td>Leszczyny<\/td>\n<td>G &#8211; RB<\/td>\n<td>sp9tnn [at] o2.pl<\/td>\n<td><\/td>\n<\/tr>\n<tr>\n<td><strong>SP9TPB<\/strong><\/td>\n<td>Stanis\u0142aw<\/td>\n<td>Wodzis\u0142aw \u015al\u0105ski<\/td>\n<td>G &#8211; WV<\/td>\n<td>sp9tpb [at] interia.pl<\/td>\n<td><\/td>\n<\/tr>\n<tr>\n<td><strong>SP9TSN<\/strong><\/td>\n<td>Tomasz<\/td>\n<td>Racib\u00f3rz<\/td>\n<td>G &#8211; RC<\/td>\n<td>sp9tsn [at] gmail.com<\/td>\n<td><\/td>\n<\/tr>\n<tr>\n<td><strong>SP9UOP<\/strong><\/td>\n<td>Janusz<\/td>\n<td>Psz\u00f3w<\/td>\n<td>G &#8211; WV<\/td>\n<td>sp9uop [at] o2.pl<\/td>\n<td><a href=\"http:\/\/www.qsl.net\/sp9uop\/\" target=\"_blank\" rel=\"noopener\">www<\/a><\/td>\n<\/tr>\n<tr>\n<td><strong>SP9WJT<\/strong><\/td>\n<td>Wojciech<\/td>\n<td>Rybnik<\/td>\n<td>G &#8211; WV<\/td>\n<td>biuro [at] wojti.pl<\/td>\n<td><\/td>\n<\/tr>\n<tr>\n<td><strong>SP9WLC<\/strong><\/td>\n<td>Tomasz<\/td>\n<td>Rybnik<\/td>\n<td>G &#8211; RN<\/td>\n<td>sp9wlc [at] wp.pl<\/td>\n<td><\/td>\n<\/tr>\n<tr>\n<td><strong>SP9WZJ<\/strong><\/td>\n<td>Leszek<\/td>\n<td>Psz\u00f3w<\/td>\n<td>G &#8211; WV<\/td>\n<td>sp9wzj [at] poczta.rybnik.pl<\/td>\n<td><\/td>\n<\/tr>\n<\/tbody>\n<\/table>\n<p>&nbsp;<\/p>\n","protected":false},"excerpt":{"rendered":"<p>W Rybniku pracuj\u0105 stacje\u00a0SP9PRO i SP9KJT, w \u015awierklanach\u00a0SP9PZD, w Pszowie\u00a0SP9PKM, w Czerwionce\u00a0SP9KVC, w Raciborzu\u00a0SP9KJU\u00a0i klub nas\u0142uchowy\u00a0SP9-31044, w Ku\u017ani Raciborskiej-Siedliskach\u00a0SP9PRR. W Rybnickim OT PZK zrzeszone s\u0105 tak\u017ce kluby:\u00a0SP5CI\u00a0z Ciechanowa,\u00a0SP5PAT\u00a0ze Starego Garkowa,\u00a0SP5PMD\u00a0z \u017buromina, SP9KUP z Andrychowa,\u00a0SP9ZKN\u00a0\u00a0z Wadowic oraz\u00a0SP9KVZ\u00a0z miejscowo\u015bci Borowce. &nbsp; Znaki specjalne i okoliczno\u015bciowe obs\u0142ugiwane przez OT-31 aktualizacja 01.12.2020 [spis znak\u00f3w [&hellip;]<\/p>\n","protected":false},"author":1,"featured_media":0,"parent":0,"menu_order":0,"comment_status":"closed","ping_status":"closed","template":"page-templates\/template-fullwidth.php","meta":{"_themeisle_gutenberg_block_has_review":false,"footnotes":""},"class_list":["post-120","page","type-page","status-publish","hentry"],"aioseo_notices":[],"_links":{"self":[{"href":"https:\/\/ot31.pzk.org.pl\/index.php\/wp-json\/wp\/v2\/pages\/120","targetHints":{"allow":["GET"]}}],"collection":[{"href":"https:\/\/ot31.pzk.org.pl\/index.php\/wp-json\/wp\/v2\/pages"}],"about":[{"href":"https:\/\/ot31.pzk.org.pl\/index.php\/wp-json\/wp\/v2\/types\/page"}],"author":[{"embeddable":true,"href":"https:\/\/ot31.pzk.org.pl\/index.php\/wp-json\/wp\/v2\/users\/1"}],"replies":[{"embeddable":true,"href":"https:\/\/ot31.pzk.org.pl\/index.php\/wp-json\/wp\/v2\/comments?post=120"}],"version-history":[{"count":68,"href":"https:\/\/ot31.pzk.org.pl\/index.php\/wp-json\/wp\/v2\/pages\/120\/revisions"}],"predecessor-version":[{"id":1483,"href":"https:\/\/ot31.pzk.org.pl\/index.php\/wp-json\/wp\/v2\/pages\/120\/revisions\/1483"}],"wp:attachment":[{"href":"https:\/\/ot31.pzk.org.pl\/index.php\/wp-json\/wp\/v2\/media?parent=120"}],"curies":[{"name":"wp","href":"https:\/\/api.w.org\/{rel}","templated":true}]}}