{"id":115,"date":"2021-05-05T12:05:00","date_gmt":"2021-05-05T10:05:00","guid":{"rendered":"https:\/\/ot31.pzk.org.pl\/?page_id=115"},"modified":"2021-05-05T12:05:00","modified_gmt":"2021-05-05T10:05:00","slug":"regulamin-akcja-dyplomowa-trzecie-powstanie-slaskie","status":"publish","type":"page","link":"https:\/\/ot31.pzk.org.pl\/index.php\/regulamin-akcja-dyplomowa-trzecie-powstanie-slaskie\/","title":{"rendered":"Regulamin &#8211; Akcja dyplomowa &#8211; Trzecie Powstanie \u015al\u0105skie"},"content":{"rendered":"<div align=\"justify\">KU CHWALE TYM, KT\u00d3RZY PRZELEWAJ\u0104C W\u0141ASN\u0104 KREW W WALKACH O POWR\u00d3T G\u00d3RNEGO \u015aL\u0104SKA DO MACIERZY NIE WAHALI SI\u0118 Z\u0141O\u017bY\u0106 W OFIERZE SWEGO \u017bYCIA.<br \/>\nKr\u00f3tkofalarska akcja dyplomowa \u0084III Powstanie \u015al\u0105skie\u0094, organizowana jest dla upami\u0119tnienia i propagowania najistotniejszych zagadnie\u0144 i wydarze\u0144 zwi\u0105zanych z Powstaniami \u015al\u0105skimi.III Powstanie \u015al\u0105skie nast\u0105pi\u0142o w sytuacji uwarunkowanej niepomy\u015blnym wynikiem plebiscytu g\u00f3rno\u015bl\u0105skiego, przeprowadzonego 20 marca 1921 roku, proniemieckim stanowiskiem Wielkiej Brytanii i W\u0142och oraz uporczywym d\u0105\u017ceniem ludno\u015bci G\u00f3rnego \u015al\u0105ska do zjednoczenia z niepodleg\u0142ym pa\u0144stwem polskim. Trzecie Powstanie \u015al\u0105skie by\u0142o ostatnim z trzech zbrojnych zryw\u00f3w polskiej ludno\u015bci na \u015al\u0105sku. Jego efektem by\u0142o przyznanie Polsce znacznie wi\u0119kszej cz\u0119\u015bci G\u00f3rnego \u015al\u0105ska, ni\u017c pierwotnie zamierzano. Powstanie wybuch\u0142o w nocy z 2 na 3 maja 1921 roku, walki trwa\u0142y dwa miesi\u0105ce.<\/p>\n<p>W celu upami\u0119tnienia tych historycznych wydarze\u0144, z inicjatywy \u015al\u0105skiego Oddzia\u0142u Terenowego PZK w Katowicach, przy wsp\u00f3\u0142udziale Rybnickiego Oddzia\u0142u Terenowego PZK w Pszowie, Klubu Ligi Obrony Kraju SP9KDU w Tarnowskich G\u00f3rach oraz SP9KJM w Siemianowicach \u015al. organizowana jest od<span>\u00a0<\/span><b>01 maja (00:00 UTC) do 31 maja 2021 r. (23:59 UTC)<\/b><span>\u00a0<\/span>kr\u00f3tkofalarska akcja dyplomowa pod nazw\u0105: \u0084<b>III Powstanie \u015al\u0105skie<\/b>\u0094*<\/p>\n<ul>\n<li>Akcja polega na nawi\u0105zaniu w tym okresie \u0142\u0105czno\u015bci z nast\u0119puj\u0105cymi stacjami okoliczno\u015bciowymi:<br \/>\n<b>3Z1921PS, HF1921PS, SN1921PS, SO1921PS, SP1921PS, SQ1921PS<\/b>.<br \/>\nKa\u017cda z tych stacji przyznaje do dyplomu po<span>\u00a0<\/span><b>15 pkt<\/b>.<\/li>\n<li>Stacje z powiat\u00f3w, na terenie kt\u00f3rych toczy\u0142y si\u0119 wtedy walki (wg SPPA):<br \/>\nAP, CW, EM, ET, EY, GC, GE, IK, JZ, KB,<br \/>\nLX, MF, MW, OP, OY, PJ, PY, RB, RC, RN,<br \/>\nRS, TE, TG, TH, TY, UC, WV, YT, ZR, ZX, przyznaj\u0105 od dyplomu po<span>\u00a0<\/span><b>5 pkt<\/b>.<br \/>\nTrzy najbardziej aktywne stacje przyznaj\u0105ce po 5 pkt. zostan\u0105 uhonorowane okoliczno\u015bciowym grawertonem.<br \/>\nWszyscy uczestnicy trzech edycji naszych akcji dyplomowych \u0096 I, II oraz III Powstanie \u015al\u0105skie (stacje DX dwie edycje) &#8211; otrzymaj\u0105 dyplom kat. \u0084GOLD\u0094 w wersji elektronicznej do pobrania po podsumowaniu akcji czyli po 03.06.2021 r. Najbardziej aktywne stacje w poszczeg\u00f3lnych grupach zostan\u0105 wyr\u00f3\u017cnione grawertonem kategorii \u0084GOLD\u0094.<br \/>\nStacje indywidualne kt\u00f3re przeprowadz\u0105 co najmniej 700 QSO\u0092s otrzymaj\u0105 karty QSL pokrywaj\u0105ce z znacznej mierze zapotrzebowanie na potwierdzenie \u0142\u0105czno\u015bci podczas naszej akcji dyplomowej.<\/li>\n<li>Punkty s\u0105 przydzielane za \u0142\u0105czno\u015bci ze stacjami okoliczno\u015bciowymi oraz pozosta\u0142ymi stacjami przydzielaj\u0105cymi punkty. \u0141\u0105czno\u015b\u0107 z dan\u0105 stacj\u0105 jest punktowana tylko jeden raz bez wzgl\u0119du na pasmo i emisj\u0119.<\/li>\n<li><span>Aby uzyska\u0107 dyplom okoliczno\u015bciowy\u00a0<\/span><u>wymagane jest uzyskanie<\/u><span>\u00a0przez:<\/span><br \/>\n<span>&#8211; stacje z SP co najmniej\u00a0<\/span><b>100 pkt<\/b><br \/>\n<span>&#8211; stacje EU (poza SP)\u00a0<\/span><b>60 pkt<\/b><br \/>\n<span>&#8211; pozosta\u0142e stacje\u00a0<\/span><b>30 pkt<\/b><span>.<\/span><br \/>\n<span>Dyplomy w wersji elektronicznej do pobrania na\u00a0<\/span><a href=\"https:\/\/logsp.pzk.org.pl\/a\/ps1921\" target=\"_blank\" rel=\"noopener\">stronie logSp<\/a><span>.<\/span><br \/>\n<span>Stacje, kt\u00f3re uzyskaj\u0105 w poszczeg\u00f3lnych grupach najwi\u0119cej punkt\u00f3w, zostan\u0105 wyr\u00f3\u017cnione okoliczno\u015bciowymi grawertonami. Wi\u0119cej informacji o powstaniu,\u00a0<\/span><a href=\"http:\/\/www.muzeumpowstanslaskich.pl\/historia\/powstania-slaskie\/\" target=\" _blank\" rel=\"noopener\">na stronie<\/a><span>\u00a0Muzeum Powsta\u0144 \u015al\u0105skich.<\/span><span>* Powstania \u015bl\u0105skie \u0096 by\u0142y to trzy konflikty zbrojne na G\u00f3rnym \u015al\u0105sku, kt\u00f3re mia\u0142y miejsce w latach 1919 &#8211; 1921 mi\u0119dzy ludno\u015bci\u0105 polsk\u0105 i niemieck\u0105. Odby\u0142y si\u0119 one w okresie formowania si\u0119 Pa\u0144stwa Polskiego po zako\u0144czeniu I wojny \u015bwiatowej.<\/span><br \/>\n<span>I Powstanie \u015al\u0105skie \u0096 od 16 sierpnia do 24 sierpnia 1919 r.<\/span><br \/>\n<span>II Powstanie \u015al\u0105skie \u0096 od 19\/20 sierpnia do 25 sierpnia 1920 r.<\/span><br \/>\n<span>III Powstanie \u015al\u0105skie \u0096 od 2\/3 maja (ju\u017c po plebiscycie) do 5 lipca 1921 r.<\/span><span>W imieniu organizator\u00f3w zapraszam do udzia\u0142u w tej akcji dyplomowej.<\/span><br \/>\n<span>Marek SP9HTY<\/span><\/li>\n<\/ul>\n<\/div>\n","protected":false},"excerpt":{"rendered":"<p>KU CHWALE TYM, KT\u00d3RZY PRZELEWAJ\u0104C W\u0141ASN\u0104 KREW W WALKACH O POWR\u00d3T G\u00d3RNEGO \u015aL\u0104SKA DO MACIERZY NIE WAHALI SI\u0118 Z\u0141O\u017bY\u0106 W OFIERZE SWEGO \u017bYCIA. Kr\u00f3tkofalarska akcja dyplomowa \u0084III Powstanie \u015al\u0105skie\u0094, organizowana jest dla upami\u0119tnienia i propagowania najistotniejszych zagadnie\u0144 i wydarze\u0144 zwi\u0105zanych z Powstaniami \u015al\u0105skimi.III Powstanie \u015al\u0105skie nast\u0105pi\u0142o w sytuacji uwarunkowanej niepomy\u015blnym [&hellip;]<\/p>\n","protected":false},"author":1,"featured_media":0,"parent":0,"menu_order":0,"comment_status":"closed","ping_status":"closed","template":"","meta":{"_themeisle_gutenberg_block_has_review":false,"footnotes":""},"class_list":["post-115","page","type-page","status-publish","hentry"],"aioseo_notices":[],"_links":{"self":[{"href":"https:\/\/ot31.pzk.org.pl\/index.php\/wp-json\/wp\/v2\/pages\/115","targetHints":{"allow":["GET"]}}],"collection":[{"href":"https:\/\/ot31.pzk.org.pl\/index.php\/wp-json\/wp\/v2\/pages"}],"about":[{"href":"https:\/\/ot31.pzk.org.pl\/index.php\/wp-json\/wp\/v2\/types\/page"}],"author":[{"embeddable":true,"href":"https:\/\/ot31.pzk.org.pl\/index.php\/wp-json\/wp\/v2\/users\/1"}],"replies":[{"embeddable":true,"href":"https:\/\/ot31.pzk.org.pl\/index.php\/wp-json\/wp\/v2\/comments?post=115"}],"version-history":[{"count":1,"href":"https:\/\/ot31.pzk.org.pl\/index.php\/wp-json\/wp\/v2\/pages\/115\/revisions"}],"predecessor-version":[{"id":116,"href":"https:\/\/ot31.pzk.org.pl\/index.php\/wp-json\/wp\/v2\/pages\/115\/revisions\/116"}],"wp:attachment":[{"href":"https:\/\/ot31.pzk.org.pl\/index.php\/wp-json\/wp\/v2\/media?parent=115"}],"curies":[{"name":"wp","href":"https:\/\/api.w.org\/{rel}","templated":true}]}}